{"id":1007,"date":"2011-09-24T18:39:44","date_gmt":"2011-09-24T17:39:44","guid":{"rendered":"https:\/\/www.freydis.de\/wordpress\/?page_id=1007"},"modified":"2017-03-30T18:18:04","modified_gmt":"2017-03-30T17:18:04","slug":"technische-daten-der-freydis-iii","status":"publish","type":"page","link":"https:\/\/www.freydis.de\/wordpress\/die-freydis\/technische-daten-der-freydis-iii\/","title":{"rendered":"Freydis III: Technische Daten"},"content":{"rendered":"<h3>Die technischen Daten der F<small style=\"text-transform: uppercase;\">reydis<\/small> III<\/h3>\n<p><i>Stand: 21. Februar 2013<\/i><\/p>\n<table>\n<tbody>\n<tr>\n<td><b>Typ<\/b><\/td>\n<td>Reinke 16 M Ice (Spezialversion mit Schwenkkiel)<\/td>\n<\/tr>\n<tr>\n<td>Konstrukteur<\/td>\n<td>Kurt Reinke, Bremen<\/td>\n<\/tr>\n<tr>\n<td>Erbauer:<\/td>\n<td><\/td>\n<\/tr>\n<tr>\n<td>Alu-Rumpf<\/td>\n<td>Yachtbau F. Benjamins, Emden<\/td>\n<\/tr>\n<tr>\n<td>Einrichtungspl\u00e4ne<\/td>\n<td>Heide &amp; Erich Wilts<\/td>\n<\/tr>\n<tr>\n<td>Ausbau<\/td>\n<td>Yachtbau M. Matzerath, D\u00fcren<\/td>\n<\/tr>\n<tr>\n<td><b>Abmessungen:<\/b><\/td>\n<td><\/td>\n<\/tr>\n<tr>\n<td>L\u00e4nge \u00fc.a. \/ Rumpf<\/td>\n<td>16,90 \/ 15,90 m<\/td>\n<\/tr>\n<tr>\n<td>Breite<\/td>\n<td>4,45 m<\/td>\n<\/tr>\n<tr>\n<td>Tiefgang<\/td>\n<td>1,60 \/ 2,60 m<\/td>\n<\/tr>\n<tr>\n<td>Verdr\u00e4ngung<\/td>\n<td>28 to<\/td>\n<\/tr>\n<tr>\n<td>Segelfl\u00e4che am Wind<\/td>\n<td>120 m<sup>2<\/sup><\/td>\n<\/tr>\n<tr>\n<td>Kojenzahl<\/td>\n<td>4 Doppelkammern<\/td>\n<\/tr>\n<tr>\n<td><b>Besonderheiten:<\/b><\/td>\n<td><\/td>\n<\/tr>\n<tr>\n<td colspan=\"2\">\u2013 Rumpfmaterial Aluminium<br \/>\n\u2013 Um 15 cm erh\u00f6htes Freibord<br \/>\n\u2013 Erh\u00f6hter Balastanteil (9,5 to Blei als Innenbalast)<br \/>\n\u2013 Dreifacher Boden und Schwenkkiel zum Trockenfallen<br \/>\n\u2013 Durchgehender Skeg zum Schutz von Ruder und Schraube<br \/>\n\u2013 Geschlossenes Deckhaus mit 12 mm Verbundglasscheiben<br \/>\n\u2013 Zus\u00e4tzliche Steckschotten zur Verriegelung des Niedergangs<br \/>\n\u2013 Stufenheck mit Badeplattform<br \/>\n\u2013 Ruderstand freistehend im Cockpit, Seilsteuerung<br \/>\n\u2013 Je 2 Tanks f. Diesel (zus. 2.000 l) und f. Trinkwasser (zus. 1.400 l)<\/td>\n<\/tr>\n<tr>\n<td><b>Segel:<\/b><\/td>\n<td><\/td>\n<\/tr>\n<tr>\n<td>Takelung<\/td>\n<td>Kutter<\/td>\n<\/tr>\n<tr>\n<td colspan=\"2\">\u2013 Mast und Wanten ein bis 2 Nummern st\u00e4rker als vorgeschrieben<br \/>\n\u2013 Mast gek\u00fcrzt von 19,50 m auf 18,00 m L\u00e4nge<\/td>\n<\/tr>\n<tr>\n<td>Mast \u00fcber Deck<\/td>\n<td>18,00 m<\/td>\n<\/tr>\n<tr>\n<td>L\u00e4nge der Spib\u00e4ume<\/td>\n<td>8,00 m<\/td>\n<\/tr>\n<tr>\n<td>Gro\u00dfsegel<\/td>\n<td>50 m<sup>2<\/sup> als Swedenmain (ohne Latten) und mit 3 Reffreihen<\/td>\n<\/tr>\n<tr>\n<td>Rollgenua<\/td>\n<td>85 m<sup>2<\/sup><\/td>\n<\/tr>\n<tr>\n<td>Doppelgenua<\/td>\n<td>160 m<sup>2<\/sup> (Passatsegel)<\/td>\n<\/tr>\n<tr>\n<td>Rollfock<\/td>\n<td>44 m<sup>2<\/sup><\/td>\n<\/tr>\n<tr>\n<td>Trysegel<\/td>\n<td>20,50 m<sup>2<\/sup> (Sturmgro\u00dfsegel) an separater Mastschiene<\/td>\n<\/tr>\n<tr>\n<td>Blister<\/td>\n<td>165 m<sup>2<\/sup><\/td>\n<\/tr>\n<tr>\n<td>Spinaker<\/td>\n<td>200 und 250 m<sup>2<\/sup><\/td>\n<\/tr>\n<tr>\n<td><b>Maschine<\/b><\/td>\n<td>Mercedes OM 366, 126 PS, marinisiert<\/td>\n<\/tr>\n<tr>\n<td>Navigation\/Elektronik<\/td>\n<td>wird erg\u00e4nzt<\/td>\n<\/tr>\n<tr>\n<td>Sicherheitsausr\u00fcstung<\/td>\n<td>wird erg\u00e4nzt<\/td>\n<\/tr>\n<\/tbody>\n<\/table>\n","protected":false},"excerpt":{"rendered":"<p>Die technischen Daten der Freydis III Stand: 21. Februar 2013 Typ Reinke 16 M Ice (Spezialversion mit Schwenkkiel) Konstrukteur Kurt Reinke, Bremen Erbauer: Alu-Rumpf Yachtbau F. Benjamins, Emden Einrichtungspl\u00e4ne Heide &amp; Erich Wilts Ausbau Yachtbau M. Matzerath, D\u00fcren Abmessungen: L\u00e4nge &hellip; <a href=\"https:\/\/www.freydis.de\/wordpress\/die-freydis\/technische-daten-der-freydis-iii\/\">Weiterlesen <span class=\"meta-nav\">&rarr;<\/span><\/a><\/p>\n","protected":false},"author":3,"featured_media":0,"parent":2226,"menu_order":32,"comment_status":"closed","ping_status":"open","template":"","meta":{"footnotes":""},"class_list":["post-1007","page","type-page","status-publish","hentry"],"jetpack_sharing_enabled":true,"_links":{"self":[{"href":"https:\/\/www.freydis.de\/wordpress\/wp-json\/wp\/v2\/pages\/1007","targetHints":{"allow":["GET"]}}],"collection":[{"href":"https:\/\/www.freydis.de\/wordpress\/wp-json\/wp\/v2\/pages"}],"about":[{"href":"https:\/\/www.freydis.de\/wordpress\/wp-json\/wp\/v2\/types\/page"}],"author":[{"embeddable":true,"href":"https:\/\/www.freydis.de\/wordpress\/wp-json\/wp\/v2\/users\/3"}],"replies":[{"embeddable":true,"href":"https:\/\/www.freydis.de\/wordpress\/wp-json\/wp\/v2\/comments?post=1007"}],"version-history":[{"count":27,"href":"https:\/\/www.freydis.de\/wordpress\/wp-json\/wp\/v2\/pages\/1007\/revisions"}],"predecessor-version":[{"id":2254,"href":"https:\/\/www.freydis.de\/wordpress\/wp-json\/wp\/v2\/pages\/1007\/revisions\/2254"}],"up":[{"embeddable":true,"href":"https:\/\/www.freydis.de\/wordpress\/wp-json\/wp\/v2\/pages\/2226"}],"wp:attachment":[{"href":"https:\/\/www.freydis.de\/wordpress\/wp-json\/wp\/v2\/media?parent=1007"}],"curies":[{"name":"wp","href":"https:\/\/api.w.org\/{rel}","templated":true}]}}