{"id":141,"date":"2011-01-08T15:07:32","date_gmt":"2011-01-08T14:07:32","guid":{"rendered":"https:\/\/www.freydis.de\/wordpress\/?page_id=141"},"modified":"2017-03-30T18:18:51","modified_gmt":"2017-03-30T17:18:51","slug":"veroeffentlichungen","status":"publish","type":"page","link":"https:\/\/www.freydis.de\/wordpress\/veroeffentlichungen\/","title":{"rendered":"Ver\u00f6ffentlichungen"},"content":{"rendered":"<p>Heide &amp; Erich Wilts blicken auf eine ereignisreiches Seglerleben zur\u00fcck. Seit 1975 sind sie unterwegs. Eine Vielzahl von <a href=\"https:\/\/www.freydis.de\/wordpress\/buecher\/\">B\u00fcchern<\/a>, <a href=\"https:\/\/www.freydis.de\/wordpress\/buecher\/bildbaende\/\">Bildb\u00e4nden<\/a> und Beitr\u00e4gen in unz\u00e4hligen Magazinen und Zeitschriften dokumentieren die noch andauernde Reise- und Abenteuerlust:<\/p>\n<ul>\n<li><a href=\"https:\/\/www.freydis.de\/wordpress\/veroeffentlichungen\/zeitschriften-magazine\/\">Zeitschriften \/ Magazine<\/a><\/li>\n<li><a href=\"https:\/\/www.freydis.de\/wordpress\/veroeffentlichungen\/video-tv\/\">Video \/ TV<\/a><\/li>\n<li><a href=\"https:\/\/www.freydis.de\/wordpress\/veroeffentlichungen\/reiseberichte\/\">Reiseberichte<\/a><\/li>\n<\/ul>\n","protected":false},"excerpt":{"rendered":"<p>Heide &amp; Erich Wilts blicken auf eine ereignisreiches Seglerleben zur\u00fcck. Seit 1975 sind sie unterwegs. Eine Vielzahl von B\u00fcchern, Bildb\u00e4nden und Beitr\u00e4gen in unz\u00e4hligen Magazinen und Zeitschriften dokumentieren die noch andauernde Reise- und Abenteuerlust: Zeitschriften \/ Magazine Video \/ TV &hellip; <a href=\"https:\/\/www.freydis.de\/wordpress\/veroeffentlichungen\/\">Weiterlesen <span class=\"meta-nav\">&rarr;<\/span><\/a><\/p>\n","protected":false},"author":3,"featured_media":0,"parent":0,"menu_order":80,"comment_status":"closed","ping_status":"closed","template":"","meta":{"footnotes":""},"class_list":["post-141","page","type-page","status-publish","hentry"],"jetpack_sharing_enabled":true,"_links":{"self":[{"href":"https:\/\/www.freydis.de\/wordpress\/wp-json\/wp\/v2\/pages\/141","targetHints":{"allow":["GET"]}}],"collection":[{"href":"https:\/\/www.freydis.de\/wordpress\/wp-json\/wp\/v2\/pages"}],"about":[{"href":"https:\/\/www.freydis.de\/wordpress\/wp-json\/wp\/v2\/types\/page"}],"author":[{"embeddable":true,"href":"https:\/\/www.freydis.de\/wordpress\/wp-json\/wp\/v2\/users\/3"}],"replies":[{"embeddable":true,"href":"https:\/\/www.freydis.de\/wordpress\/wp-json\/wp\/v2\/comments?post=141"}],"version-history":[{"count":19,"href":"https:\/\/www.freydis.de\/wordpress\/wp-json\/wp\/v2\/pages\/141\/revisions"}],"predecessor-version":[{"id":4357,"href":"https:\/\/www.freydis.de\/wordpress\/wp-json\/wp\/v2\/pages\/141\/revisions\/4357"}],"wp:attachment":[{"href":"https:\/\/www.freydis.de\/wordpress\/wp-json\/wp\/v2\/media?parent=141"}],"curies":[{"name":"wp","href":"https:\/\/api.w.org\/{rel}","templated":true}]}}