{"id":1424,"date":"2013-02-20T20:48:49","date_gmt":"2013-02-20T19:48:49","guid":{"rendered":"https:\/\/www.freydis.de\/wordpress\/?page_id=1424"},"modified":"2017-03-30T18:18:17","modified_gmt":"2017-03-30T17:18:17","slug":"toernplan-2014","status":"publish","type":"page","link":"https:\/\/www.freydis.de\/wordpress\/toernplaene\/toernplan-2014\/","title":{"rendered":"T\u00f6rnplan 2014"},"content":{"rendered":"<p><i>Mittwoch, 20.02.2013, 18:27 (UTC), Panama City<\/i><\/p>\n<h3>Wir planen unsere T\u00f6rns immer ein Jahr im Voraus.<\/h3>\n<p><a href=\"https:\/\/www.freydis.de\/bilder\/2013\/02\/Toernplaene-2014.jpg\" rel=\"lightbox\"><img decoding=\"async\" src=\"https:\/\/www.freydis.de\/bilder\/2013\/02\/Toernplaene-2014.jpg\" width=\"640\" alt=\"\" border=\"0\" \/><\/a><\/p>\n<p><big>W<\/big>ie geht es weiter, wenn wir im Herbst des Jahres Australien erreicht haben?<\/p>\n<p><big>E<\/big>ntschieden haben wir uns f\u00fcr die Reise nach Japan. Warum &#8211; das erfahrt Ihr aus dem neuen <a href=\"https:\/\/www.freydis.de\/bilder\/2013\/02\/Tornplan 2014.pdf\">T\u00f6rnplan 2014<\/a> und den Anmerkungen zu den einzelnen Abschnitten.<\/p>\n<p><center><br \/>\n<a href=\"https:\/\/www.freydis.de\/bilder\/2013\/02\/Tornplan 2014.pdf\" rel=\"lightbox\"><img decoding=\"async\" src=\"https:\/\/www.freydis.de\/bilder\/2013\/02\/Torn 2014 1-4.jpg\" width=\"640\" alt=\"\" border=\"0\" \/><\/a><br \/>\n<\/center><\/p>\n<p><center align=\"right\"><i><font color=\"#606060\"><a href=\"https:\/\/www.freydis.de\/bilder\/2013\/02\/Tornplan 2014.pdf\">T\u00f6rnplan 2014 (PDF, 1.5 MB)<\/a><\/font><\/i><\/center><\/p>\n<h2><i>Nachtrag:<\/i><\/h2>\n<p>Montag, 16.09.2013, 00:39:44 MSZ ::  Mittlerweile hat sich eine ausf\u00fchrliche Karte von Mikronesien gefunden. Besonders den Mitseglern auf <a href=\"https:\/\/www.freydis.de\/bilder\/2013\/02\/Tornplan 2014.pdf\">T\u00f6rn II im T\u00f6rnplan 2014<\/a> sei sie ans Herz gelegt.<\/p>\n<p><a href=\"https:\/\/www.freydis.de\/bilder\/2013\/09\/Mikronesien.jpg\" rel=\"lightbox\"><img decoding=\"async\" src=\"https:\/\/www.freydis.de\/bilder\/2013\/09\/Mikronesien.jpg\" width=\"640\" alt=\"\" border=\"0\" \/><\/a><\/p>\n<p><big>D<\/big>ie Inseln Mikronesiens sind auch f\u00fcr uns Neuland. Warum wir neugierig sind, durch diese Archipele zu segeln? Jimmy Cornell bringt es in &#8222;Traumreviere und Segelziele weltweit&#8220; auf den Punkt: &#8222;Keine andere Region, die in diesem Buch beschrieben wird, bietet so starke Kontraste wie das Gebiet zwischen dem hoch entwickelten und schnelllebigen Hawaii und den weiter im Westen liegenden Inseln Mikronesiens mit ihrem eher traditionellen Lebensstil. F\u00fcr Nordpazifik-Segler ist diese Lebensart eine der gr\u00f6\u00dften Attraktionen dieser weit verstreuten Inseln, von denen einige nur h\u00f6chst selten von Touristen besucht werden. W\u00e4hrend die Inseln des S\u00fcdpazifiks f\u00fcr viele Segler als Traumdestinationen gelten, ist die Zahl derer, die zu den Nordpazifischen Inseln segeln, n\u00e4mlich extrem gering. Wer jedoch der Versuchung, in die S\u00fcdsee zu segeln, widersteht und n\u00f6rdlich des \u00c4quators bleibt, wird reich belohnt. Denn wie sagte einst ein weitgereister Weltumsegler: `IN MIKRONESIEN HABE ICH MEINE S\u00dcDSEE GEFUNDEN`.<\/p>\n","protected":false},"excerpt":{"rendered":"<p>Mittwoch, 20.02.2013, 18:27 (UTC), Panama City Wir planen unsere T\u00f6rns immer ein Jahr im Voraus. Wie geht es weiter, wenn wir im Herbst des Jahres Australien erreicht haben? Entschieden haben wir uns f\u00fcr die Reise nach Japan. Warum &#8211; das &hellip; <a href=\"https:\/\/www.freydis.de\/wordpress\/toernplaene\/toernplan-2014\/\">Weiterlesen <span class=\"meta-nav\">&rarr;<\/span><\/a><\/p>\n","protected":false},"author":3,"featured_media":0,"parent":953,"menu_order":102,"comment_status":"closed","ping_status":"closed","template":"","meta":{"footnotes":""},"class_list":["post-1424","page","type-page","status-publish","hentry"],"jetpack_sharing_enabled":true,"_links":{"self":[{"href":"https:\/\/www.freydis.de\/wordpress\/wp-json\/wp\/v2\/pages\/1424","targetHints":{"allow":["GET"]}}],"collection":[{"href":"https:\/\/www.freydis.de\/wordpress\/wp-json\/wp\/v2\/pages"}],"about":[{"href":"https:\/\/www.freydis.de\/wordpress\/wp-json\/wp\/v2\/types\/page"}],"author":[{"embeddable":true,"href":"https:\/\/www.freydis.de\/wordpress\/wp-json\/wp\/v2\/users\/3"}],"replies":[{"embeddable":true,"href":"https:\/\/www.freydis.de\/wordpress\/wp-json\/wp\/v2\/comments?post=1424"}],"version-history":[{"count":11,"href":"https:\/\/www.freydis.de\/wordpress\/wp-json\/wp\/v2\/pages\/1424\/revisions"}],"predecessor-version":[{"id":2030,"href":"https:\/\/www.freydis.de\/wordpress\/wp-json\/wp\/v2\/pages\/1424\/revisions\/2030"}],"up":[{"embeddable":true,"href":"https:\/\/www.freydis.de\/wordpress\/wp-json\/wp\/v2\/pages\/953"}],"wp:attachment":[{"href":"https:\/\/www.freydis.de\/wordpress\/wp-json\/wp\/v2\/media?parent=1424"}],"curies":[{"name":"wp","href":"https:\/\/api.w.org\/{rel}","templated":true}]}}