{"id":2,"date":"2010-06-10T23:26:18","date_gmt":"2010-06-10T22:26:18","guid":{"rendered":"https:\/\/www.freydis.de\/wordpress\/?page_id=2"},"modified":"2017-03-30T18:19:10","modified_gmt":"2017-03-30T17:19:10","slug":"kontakt","status":"publish","type":"page","link":"https:\/\/www.freydis.de\/wordpress\/kontakt\/","title":{"rendered":"Kontakt"},"content":{"rendered":"<p><img decoding=\"async\" src=\"https:\/\/www.freydis.de\/images\/IMG0070.jpg\" alt=\"\" width=\"450\" border=\"0\" \/><\/p>\n<p><big>D<\/big>ies ist ein privates Weblog von Dr. Heide &amp; Dipl.-Kfm. Erich Wilts in dem wir \u00fcber unsere Reisen mit unserem Segelschiff, der <em><a href=\"https:\/\/www.freydis.de\/wordpress\/die-freydis\/\">Freydis<\/a><\/em>\u00a0berichten. Es soll zur Dokumentation <a href=\"https:\/\/www.freydis.de\/wordpress\/?page_id=275\">unserer Reisen<\/a> und der Kommunikation mit unseren Freunden dienen. Die Beitr\u00e4ge auf dieser Webseite k\u00f6nnen kommentiert werden. \u00dcber Ihre Beitr\u00e4ge in diesem Rahmen freuen wir uns.<\/p>\n<p><big>W<\/big>issenswertes \u00fcber uns finden Sie im Abschnitt <a href=\"https:\/\/www.freydis.de\/wordpress\/?page_id=147 \">Die Skipper<\/a>.<\/p>\n<p>Unsere Heimatadresse ist:<\/p>\n<p>Dr. Heide &amp; Dipl.-Kfm. Erich Wilts<br \/>\nUntere B\u00fcttengasse 3<br \/>\n69121 Heidelberg<\/p>\n<p>E-Mail: <a href=\"mailto:wilts@freydis.de\">wilts@freydis.de<\/a><\/p>\n<p>Telefon: <a href=\"tel:+49-6221-473724\">+49 6221 47 37 24<\/a><br \/>\nFax: <a href=\"fax:+49-6221-4386099\">+49 6221 43 86 09 9<\/a><br \/>\nMobil: <a href=\"tel:+49-175-5227201\">+49 175 52 27 20 1<\/a><\/p>\n<p><a href=\"https:\/\/www.freydis.de\/wordpress\/kontakt\/kontaktformular\/\">Kontaktformular<\/a><\/p>\n<p><a href=\"https:\/\/www.freydis.de\/wordpress\/kontakt\/forum\/\">Forum<\/a><\/p>\n","protected":false},"excerpt":{"rendered":"<p>Dies ist ein privates Weblog von Dr. Heide &amp; Dipl.-Kfm. Erich Wilts in dem wir \u00fcber unsere Reisen mit unserem Segelschiff, der Freydis\u00a0berichten. Es soll zur Dokumentation unserer Reisen und der Kommunikation mit unseren Freunden dienen. Die Beitr\u00e4ge auf dieser &hellip; <a href=\"https:\/\/www.freydis.de\/wordpress\/kontakt\/\">Weiterlesen <span class=\"meta-nav\">&rarr;<\/span><\/a><\/p>\n","protected":false},"author":3,"featured_media":0,"parent":0,"menu_order":110,"comment_status":"closed","ping_status":"closed","template":"","meta":{"footnotes":""},"class_list":["post-2","page","type-page","status-publish","hentry"],"jetpack_sharing_enabled":true,"_links":{"self":[{"href":"https:\/\/www.freydis.de\/wordpress\/wp-json\/wp\/v2\/pages\/2","targetHints":{"allow":["GET"]}}],"collection":[{"href":"https:\/\/www.freydis.de\/wordpress\/wp-json\/wp\/v2\/pages"}],"about":[{"href":"https:\/\/www.freydis.de\/wordpress\/wp-json\/wp\/v2\/types\/page"}],"author":[{"embeddable":true,"href":"https:\/\/www.freydis.de\/wordpress\/wp-json\/wp\/v2\/users\/3"}],"replies":[{"embeddable":true,"href":"https:\/\/www.freydis.de\/wordpress\/wp-json\/wp\/v2\/comments?post=2"}],"version-history":[{"count":17,"href":"https:\/\/www.freydis.de\/wordpress\/wp-json\/wp\/v2\/pages\/2\/revisions"}],"predecessor-version":[{"id":2733,"href":"https:\/\/www.freydis.de\/wordpress\/wp-json\/wp\/v2\/pages\/2\/revisions\/2733"}],"wp:attachment":[{"href":"https:\/\/www.freydis.de\/wordpress\/wp-json\/wp\/v2\/media?parent=2"}],"curies":[{"name":"wp","href":"https:\/\/api.w.org\/{rel}","templated":true}]}}