{"id":2242,"date":"2015-11-30T17:22:17","date_gmt":"2015-11-30T16:22:17","guid":{"rendered":"https:\/\/www.freydis.de\/wordpress\/?page_id=2242"},"modified":"2017-03-30T18:18:04","modified_gmt":"2017-03-30T17:18:04","slug":"freydis-iii-yacht-test","status":"publish","type":"page","link":"https:\/\/www.freydis.de\/wordpress\/die-freydis\/freydis-iii-yacht-test\/","title":{"rendered":"Freydis III: &#8222;YACHT&#8220;-Test"},"content":{"rendered":"<h3>Der <em>Elchtest<\/em> durch die\u00a0YACHT<\/h3>\n<div id=\"attachment_2256\" style=\"width: 490px\" class=\"wp-caption aligncenter\"><a href=\"https:\/\/www.freydis.de\/wordpress\/wp-content\/uploads\/2015\/11\/Yacht_15_2012.jpg\"><img loading=\"lazy\" decoding=\"async\" aria-describedby=\"caption-attachment-2256\" class=\"wp-image-2256 size-full\" src=\"https:\/\/www.freydis.de\/wordpress\/wp-content\/uploads\/2015\/11\/Yacht_15_2012.jpg\" alt=\"Die neue Freydis (Cover YACHT 15\/12)\" width=\"480\" height=\"576\" srcset=\"https:\/\/www.freydis.de\/wordpress\/wp-content\/uploads\/2015\/11\/Yacht_15_2012.jpg 480w, https:\/\/www.freydis.de\/wordpress\/wp-content\/uploads\/2015\/11\/Yacht_15_2012-250x300.jpg 250w\" sizes=\"auto, (max-width: 480px) 100vw, 480px\" \/><\/a><p id=\"caption-attachment-2256\" class=\"wp-caption-text\">Die neue F<small style=\"text-transform: uppercase;\">reydis<\/small> (Cover YACHT 15\/12)<\/p><\/div>\n<h3><strong>Editorial (YACHT 15\/12)<\/strong><\/h3>\n<div id=\"attachment_2412\" style=\"width: 181px\" class=\"wp-caption alignleft\"><a href=\"https:\/\/www.freydis.de\/wordpress\/wp-content\/uploads\/2016\/01\/yacht-15-2012-editorial_hq.jpg\"><img loading=\"lazy\" decoding=\"async\" aria-describedby=\"caption-attachment-2412\" class=\"wp-image-2412 size-medium\" src=\"https:\/\/www.freydis.de\/wordpress\/wp-content\/uploads\/2016\/01\/yacht-15-2012-editorial_hq-171x300.jpg\" alt=\"Editorial (YACHT 15\/12)\" width=\"171\" height=\"300\" srcset=\"https:\/\/www.freydis.de\/wordpress\/wp-content\/uploads\/2016\/01\/yacht-15-2012-editorial_hq-171x300.jpg 171w, https:\/\/www.freydis.de\/wordpress\/wp-content\/uploads\/2016\/01\/yacht-15-2012-editorial_hq-768x1348.jpg 768w, https:\/\/www.freydis.de\/wordpress\/wp-content\/uploads\/2016\/01\/yacht-15-2012-editorial_hq-583x1024.jpg 583w, https:\/\/www.freydis.de\/wordpress\/wp-content\/uploads\/2016\/01\/yacht-15-2012-editorial_hq.jpg 1342w\" sizes=\"auto, (max-width: 171px) 100vw, 171px\" \/><\/a><p id=\"caption-attachment-2412\" class=\"wp-caption-text\">Editorial &#8222;Besonderer geht eigentlich kaum&#8220; (YACHT 15\/12)<\/p><\/div>\n<p><strong><em>Besonderer geht eigentlich kaum<\/em><\/strong><\/p>\n<p><em>Unsere Rubrik \u201eDas besondere Boot\u201c handelt von Schiffen, die aus der Masse herausragen. Von kleinen Kostbarkeiten, gro\u00dfen Innovationen, von Yachten, die Geschichte geschrieben haben. Die neue \u201eFreydis\u201c von Heide und Erich Wilts ist fraglos eines der am besten pr\u00e4destinierten, weil besondersten Exemplare, mit denen wir je auf See gingen: un\u00fcbersehbar kernig, nahezu unkaputtbar, mehrfach redundant konzipiert. Formen mussten strikt der Funktion folgen. Die Antithese dessen, was Serienwerften entwickeln.<\/em><\/p>\n<p><em>Noch l\u00e4uft sie sich erst warm, die \u201eT\u00e4nzerin\u201c, wie Erich seinen 16-Meter-Trumm liebevoll-verkl\u00e4rt nennt. Wenn dieses Heft am Kiosk liegt, wird die \u201eFreydis\u201c aber schon ablegen, zur achten Weltreise der 70-j\u00e4hrigen Heidelberger. Uwe Jan\u00dfen und Fotograf Michael M\u00fcller waren auf der Nordsee zwei Tage an Bord. Sie kamen schwer beeindruckt zur\u00fcck. \u201eEs braucht keine gro\u00dfe Phantasie zu ahnen, was in diesem von zw\u00f6lf Millimeter starkem Verbundglas umschlossenen Deckshaus in den kommenden Jahren wohl gefeiert, geredet, gelacht wird\u201c, schreibt Jan\u00dfen. \u201eJa, es k\u00f6nnte losgehen. Heute noch.\u201c<\/em><\/p>\n<h3><strong><em>Boot f\u00fcr die Welt<\/em><\/strong><\/h3>\n<blockquote><p><strong>F\u00fcr ihr n\u00e4chstes Abenteuer auf den Ozeanen haben sich Heide und Erich Wilts ein gewaltiges, kompromissloses Schiff gebaut. Ob das eigenwillige Konzept der neuen F<small style=\"text-transform: uppercase;\">reydis<\/small> aufgeht? Ein Testt\u00f6rn auf der Nordsee liefert die Antwort<\/strong><\/p><\/blockquote>\n<p><a href=\"https:\/\/www.freydis.de\/wordpress\/wp-content\/uploads\/2015\/11\/Yacht_15_2012-boot-fuer-die-welt.jpg\"><img loading=\"lazy\" decoding=\"async\" class=\"wp-image-2271\" src=\"https:\/\/www.freydis.de\/wordpress\/wp-content\/uploads\/2015\/11\/Yacht_15_2012-boot-fuer-die-welt.jpg\" alt=\"Aufmacher: Boot f\u00fcr die Welt (Yacht 15\/2012)\" width=\"550\" height=\"360\" srcset=\"https:\/\/www.freydis.de\/wordpress\/wp-content\/uploads\/2015\/11\/Yacht_15_2012-boot-fuer-die-welt.jpg 640w, https:\/\/www.freydis.de\/wordpress\/wp-content\/uploads\/2015\/11\/Yacht_15_2012-boot-fuer-die-welt-300x196.jpg 300w\" sizes=\"auto, (max-width: 550px) 100vw, 550px\" \/><\/a><\/p>\n<p><em>Darauf muss man erst mal kommen. Die Lady schneidet unter Vollzeug nicht durchs Wasser, sie durchpfl\u00fcgt die Nordsee fulminant, 28 Tonnen auf Rumpfgeschwindigkeit von ann\u00e4hernd 10 Knoten, die schiere Wucht &#8211; und doch nennt Erich Wilts seine Neue \u201eeine T\u00e4nzerin\u201c. Vom Bolschai kommt die Dame jedenfalls nicht.<\/em><\/p>\n<p><em>Der augenf\u00e4llige Verzicht auf alles Filigrane, die gr\u00fcndliche Absenz von schlanker Geschmeidigkeit, ist durchaus gewollt. Auf diesem Schiff gelten durchweg andere Kriterien, es ist kein Topmodel, eher gute Freundin. Sie bringt bald doppelt so viel auf die Waage wie GFK-Grazien gleicher Gr\u00f6\u00dfe. Werten wie St\u00e4rke, Zuverl\u00e4ssigkeit und Vertrauen ist auf der neuen \u201eFreydis\u201c in seltener Konsequenz alles andere nachgeordnet. Als Ergebnis der Erfahrung von mehr als 300 000 Meilen auf See. Als Lehre aus fast 40 Jahren mit den beiden ersten Reinkes namens \u201eFreydis\u201c.<\/em><\/p>\n<p><em>Heide und Erich Wilts, die popul\u00e4ren Weltumsegler aus Heidelberg, haben die Vorg\u00e4ngerin im M\u00e4rz 2011 im Tsunami in Japan verloren (YACHT 13\/11). Aber ihre Lust am Segeln ist ungebrochen, ebenso ihre \u201eSehnsucht nach der Ferne\u201c, wie Heide Wilts sagt. So starteten die beiden, heute 70 Jahre alt, im vorigen Sommer noch einmal von vorn. Sie opferten ihre R\u00fccklagen f\u00fcr den Lebensabend und machten sich daran, ein neues Schiff zu bauen. Am 14. Juli wollen sie damit wieder los, Weltreise, die achte.<\/em><\/p>\n[&#8230;]\u00a0<a href=\"https:\/\/www.freydis.de\/wordpress\/wp-content\/uploads\/2015\/11\/Yacht_15_2012_Boot_fuer_die-Welt.pdf\">Der gesamte Artikel zum Weiterlesen<\/a>\u00a0(10-seitiges PDF-Dokument 3.4 MB)<\/p>\n","protected":false},"excerpt":{"rendered":"<p>Der Elchtest durch die\u00a0YACHT Editorial (YACHT 15\/12) Besonderer geht eigentlich kaum Unsere Rubrik \u201eDas besondere Boot\u201c handelt von Schiffen, die aus der Masse herausragen. Von kleinen Kostbarkeiten, gro\u00dfen Innovationen, von Yachten, die Geschichte geschrieben haben. Die neue \u201eFreydis\u201c von Heide &hellip; <a href=\"https:\/\/www.freydis.de\/wordpress\/die-freydis\/freydis-iii-yacht-test\/\">Weiterlesen <span class=\"meta-nav\">&rarr;<\/span><\/a><\/p>\n","protected":false},"author":5,"featured_media":2256,"parent":2226,"menu_order":34,"comment_status":"closed","ping_status":"closed","template":"","meta":{"footnotes":""},"class_list":["post-2242","page","type-page","status-publish","has-post-thumbnail","hentry"],"jetpack_sharing_enabled":true,"_links":{"self":[{"href":"https:\/\/www.freydis.de\/wordpress\/wp-json\/wp\/v2\/pages\/2242","targetHints":{"allow":["GET"]}}],"collection":[{"href":"https:\/\/www.freydis.de\/wordpress\/wp-json\/wp\/v2\/pages"}],"about":[{"href":"https:\/\/www.freydis.de\/wordpress\/wp-json\/wp\/v2\/types\/page"}],"author":[{"embeddable":true,"href":"https:\/\/www.freydis.de\/wordpress\/wp-json\/wp\/v2\/users\/5"}],"replies":[{"embeddable":true,"href":"https:\/\/www.freydis.de\/wordpress\/wp-json\/wp\/v2\/comments?post=2242"}],"version-history":[{"count":28,"href":"https:\/\/www.freydis.de\/wordpress\/wp-json\/wp\/v2\/pages\/2242\/revisions"}],"predecessor-version":[{"id":2413,"href":"https:\/\/www.freydis.de\/wordpress\/wp-json\/wp\/v2\/pages\/2242\/revisions\/2413"}],"up":[{"embeddable":true,"href":"https:\/\/www.freydis.de\/wordpress\/wp-json\/wp\/v2\/pages\/2226"}],"wp:featuredmedia":[{"embeddable":true,"href":"https:\/\/www.freydis.de\/wordpress\/wp-json\/wp\/v2\/media\/2256"}],"wp:attachment":[{"href":"https:\/\/www.freydis.de\/wordpress\/wp-json\/wp\/v2\/media?parent=2242"}],"curies":[{"name":"wp","href":"https:\/\/api.w.org\/{rel}","templated":true}]}}