{"id":2351,"date":"2015-12-22T23:21:11","date_gmt":"2015-12-22T22:21:11","guid":{"rendered":"https:\/\/www.freydis.de\/wordpress\/?page_id=2351"},"modified":"2017-03-30T18:18:52","modified_gmt":"2017-03-30T17:18:52","slug":"episoden","status":"publish","type":"page","link":"https:\/\/www.freydis.de\/wordpress\/veroeffentlichungen\/reiseberichte\/episoden\/","title":{"rendered":"Episoden 1990"},"content":{"rendered":"<p><big>D<\/big>ie nachfolgen Beitr\u00e4ge stammen aus unseren Aufzeichnungen von 1990 \u00fcber die zweite Reise \u00fcber den Atlantik nach S\u00fcdamerika und die Antarktis. Sie wurden bisher noch nirgends ver\u00f6ffentlicht, ebenso wenig die Bilder.<\/p>\n<p><a href=\"https:\/\/www.freydis.de\/bilder\/2015\/12\/Karte1990_640.jpg\" rel=\"lightbox\"><img decoding=\"async\" src=\"https:\/\/www.freydis.de\/bilder\/2015\/12\/Karte1990_640.jpg\" width=\"640\" alt=\"\" border=\"0\" \/><\/a> <\/p>\n<ol start=\"1\">\n<li><a href=\"https:\/\/www.freydis.de\/wordpress\/fuenf-vor-zwoelf\/\">F\u00fcnf vor Zw\u00f6lf<\/a><\/li>\n<li><a href=\"https:\/\/www.freydis.de\/wordpress\/wir-brauchen-utopien\/\">Wir brauchen Utopien<\/a><\/li>\n<li><a href=\"https:\/\/www.freydis.de\/wordpress\/die-wilden-inseln\/\">Die Wilden Inseln<\/a><\/li>\n<li><a href=\"https:\/\/www.freydis.de\/wordpress\/episode-4-peter-und-paul-ankern-auf-der-spitze-eines-vulkans\/\">Peter und Paul &#8211; Ankern auf der Spitze eines Vulkans<\/a><\/li>\n<li><a href=\"https:\/\/www.freydis.de\/wordpress\/episode-5-fernando-noronha-der-finger-gottes\/\">Fernando Noronha \u2013 der Finger Gottes<\/a><\/li>\n<li><a href=\"https:\/\/www.freydis.de\/wordpress\/episode-6-atoll-das-rocas\/\">Atoll DAS ROCAS<\/a><\/li>\n<li><a href=\"https:\/\/www.freydis.de\/wordpress\/episode-7-im-papageienland-teil-1\/\">Brasilien \u2013 Im Papageienland<\/a><\/li>\n<li><a href=\"https:\/\/www.freydis.de\/wordpress\/episode-7-im-papageienland-teil-2\/\">Im Papageienland \u2013 Von Rio nach Mar del Plata<\/a><\/li>\n<li><a href=\"https:\/\/www.freydis.de\/wordpress\/episode-9-unter-seeloewen-punta-del-este-uruguay\/\">Unter Seel\u00f6wen \u2013 Punta del Este<\/a><\/li>\n<li><a href=\"https:\/\/www.freydis.de\/wordpress\/episode-10-1990-segeln-zwischen-alptraum-und-traum\/\">1990 \u2013 Segeln zwischen Alptraum und Traum<\/a><\/li>\n<li><a href=\"https:\/\/www.freydis.de\/wordpress\/episode-11-1990-silvester-am-kap-hoorn\/\">1990, Silvester am Kap Hoorn<\/a><\/li>\n<\/ol>\n","protected":false},"excerpt":{"rendered":"<p>Die nachfolgen Beitr\u00e4ge stammen aus unseren Aufzeichnungen von 1990 \u00fcber die zweite Reise \u00fcber den Atlantik nach S\u00fcdamerika und die Antarktis. Sie wurden bisher noch nirgends ver\u00f6ffentlicht, ebenso wenig die Bilder. F\u00fcnf vor Zw\u00f6lf Wir brauchen Utopien Die Wilden Inseln &hellip; <a href=\"https:\/\/www.freydis.de\/wordpress\/veroeffentlichungen\/reiseberichte\/episoden\/\">Weiterlesen <span class=\"meta-nav\">&rarr;<\/span><\/a><\/p>\n","protected":false},"author":3,"featured_media":0,"parent":157,"menu_order":10,"comment_status":"closed","ping_status":"closed","template":"","meta":{"footnotes":""},"class_list":["post-2351","page","type-page","status-publish","hentry"],"jetpack_sharing_enabled":true,"_links":{"self":[{"href":"https:\/\/www.freydis.de\/wordpress\/wp-json\/wp\/v2\/pages\/2351","targetHints":{"allow":["GET"]}}],"collection":[{"href":"https:\/\/www.freydis.de\/wordpress\/wp-json\/wp\/v2\/pages"}],"about":[{"href":"https:\/\/www.freydis.de\/wordpress\/wp-json\/wp\/v2\/types\/page"}],"author":[{"embeddable":true,"href":"https:\/\/www.freydis.de\/wordpress\/wp-json\/wp\/v2\/users\/3"}],"replies":[{"embeddable":true,"href":"https:\/\/www.freydis.de\/wordpress\/wp-json\/wp\/v2\/comments?post=2351"}],"version-history":[{"count":11,"href":"https:\/\/www.freydis.de\/wordpress\/wp-json\/wp\/v2\/pages\/2351\/revisions"}],"predecessor-version":[{"id":2392,"href":"https:\/\/www.freydis.de\/wordpress\/wp-json\/wp\/v2\/pages\/2351\/revisions\/2392"}],"up":[{"embeddable":true,"href":"https:\/\/www.freydis.de\/wordpress\/wp-json\/wp\/v2\/pages\/157"}],"wp:attachment":[{"href":"https:\/\/www.freydis.de\/wordpress\/wp-json\/wp\/v2\/media?parent=2351"}],"curies":[{"name":"wp","href":"https:\/\/api.w.org\/{rel}","templated":true}]}}