{"id":2483,"date":"2016-04-14T10:21:06","date_gmt":"2016-04-14T09:21:06","guid":{"rendered":"https:\/\/www.freydis.de\/wordpress\/?page_id=2483"},"modified":"2017-03-30T18:19:10","modified_gmt":"2017-03-30T17:19:10","slug":"v7-endstation-fukushima","status":"publish","type":"page","link":"https:\/\/www.freydis.de\/wordpress\/vortrage\/v7-endstation-fukushima\/","title":{"rendered":"V7: Endstation Fukushima"},"content":{"rendered":"<h2>Die letzte Reise der Freydis II von Alaska nach Japan<\/h2>\n<p><em>Ein Lichtbildervortrag von Heide und Erich Wilts<\/em><\/p>\n<h3><strong>In ihrem mitrei\u00dfenden Live-Vortrag\u2026<\/strong><\/h3>\n<p>\u2026erz\u00e4hlen die Wilts von urspr\u00fcnglicher, gewaltiger Natur und von K\u00fcsten, die noch niemals zuvor eine Yacht erkundet hat, von den Auswirkungen der Klimaver\u00e4nderungen auf das Leben der Menschen in dieser Region, von den allt\u00e4glichen Schwierigkeiten des Bordlebens, von ihren \u00c4ngsten und von den oft schwierigen Entscheidungen in der Schiffsf\u00fchrung.<\/p>\n<p>Und sie berichten von dem Verlust ihres Schiffes in Japan und den Folgen dieses Ungl\u00fccks f\u00fcr ihr Leben.<\/p>\n<p><a href=\"https:\/\/www.freydis.de\/wordpress\/wp-content\/uploads\/2016\/04\/Endstation-Fukushima.jpg\"><img loading=\"lazy\" decoding=\"async\" class=\"aligncenter size-full wp-image-2487\" src=\"https:\/\/www.freydis.de\/wordpress\/wp-content\/uploads\/2016\/04\/Endstation-Fukushima.jpg\" alt=\"Endstation Fukushima Vortrag\" width=\"545\" height=\"768\" srcset=\"https:\/\/www.freydis.de\/wordpress\/wp-content\/uploads\/2016\/04\/Endstation-Fukushima.jpg 545w, https:\/\/www.freydis.de\/wordpress\/wp-content\/uploads\/2016\/04\/Endstation-Fukushima-213x300.jpg 213w\" sizes=\"auto, (max-width: 545px) 100vw, 545px\" \/><\/a><\/p>\n<h3><strong>Rendezvous mit Grizzlys und Eskimos<\/strong><\/h3>\n<p>Hier ist der B\u00e4r los. Aber sonst rein gar nichts. Seekarten gibt es nicht, geschweige denn H\u00e4fen. Packeis, Nebel, Regen und St\u00fcrme bestimmen das Klima. Auf den Inseln des Beringmeers zwischen Alaska und Sibirien leben wenige Menschen fernab der Zivilisation. Segler erscheinen ihnen wie Besucher von einem anderen Stern. Heide und Erich Wilts mit ihrer Freydis waren dort.<\/p>\n<p>Nach zw\u00f6lf Jahren abenteuerlichen Reisens auf der S\u00fcdhalbkugel haben Heide und Erich Wilts mit ihrer Freydis Kurs auf die Aleuten, die Alaska-Halbinsel und das Beringmeer genommen. Mehrere Sommer segeln sie in einem Revier, oft fernab jeder Zivilisation, das aufregender und sch\u00f6ner nicht sein k\u00f6nnte. Die Wilts sind fasziniert von diesen K\u00fcsten: Einsam, urspr\u00fcnglich, wild zerkl\u00fcftet, von den Bergen und ihren in die Fjorde kalbenden Gletschern gepr\u00e4gt, ist die Sch\u00f6nheit dieses Insel-Irrgartens ebenso gro\u00df wie sein Ausma\u00df. Man br\u00e4uchte Jahre mit dem Boot, um das Gebiet nur ann\u00e4hernd kennen zulernen.<\/p>\n<p>Sie ankern in einsamen Buchten in totaler Wildnis oder liegen an irgendeinem Steg in kleinen Fischer- oder Eskimod\u00f6rfern und verlassenen Goldgr\u00e4bersiedlungen. Angetan sind sie von der Gastfreundschaft der Menschen, mit denen sie in den Siedlungen und An-kerbuchten zusammenkommen.<\/p>\n<p>Im Inneren der Fjorde, an gut gesch\u00fctzten Pl\u00e4tzen, lassen sie sich bei Niedrigwasser mit hochgeholtem Schwenkkiel trocken fallen, um Grizzly-B\u00e4ren, die gr\u00f6\u00dften Landraubtiere der Erde, in ihrer nat\u00fcrlichen Umgebung zu beobachten. In unmittelbarer Nachbarschaft der Freydis, manchmal nur wenige Meter entfernt, sind immer wieder B\u00e4renfamilien dabei, die trockengefallenen Sand- und Schlickfl\u00e4chen nach Fressbarem abzusuchen und umzugraben. Halbw\u00fcchsige Tiere spielen miteinander, M\u00fctter unterrichten ihren Nachwuchs, ein Alter jagt einen Nebenbuhler \u00fcber die Ebene den Hang hinauf, und im Inneren der Bucht paaren sich zwei B\u00e4ren mit Ausdauer.<\/p>\n<p>Die K\u00fcsten sind ein Dorado f\u00fcr Angler und Fischer. Sie schwelgen in Lachs, Heilbutt und K\u00f6nigskrabben, die Freydis wird zum exquisiten Fischrestaurant. Von dem Meeresreichtum profitieren nicht nur die Menschen, sondern auch Wale, Orcas, Seel\u00f6wen, Pelzrobben und Fischottern, dazu unz\u00e4hlige Seev\u00f6gel vom Fischadler bis zum Papageientaucher.<\/p>\n<p>Die Wilts besuchen \u2013 wahrscheinlich als erste Yachties \u00fcberhaupt &#8211; alle Inseln im Beringmeer und gelangen durch die Beringstra\u00dfe in die Tschuktschensee, Teilgebiet des Nordpolarmeers. N\u00f6rdlichstes Etappenziel ihrer Reise wird die kleine Eskimosiedlung Kotzebue n\u00f6rdlich des Polarkreises. Wie ein Gef\u00e4hrt von einem anderen Stern mag den Einheimischen die Freydis erscheinen. Der Empfang ist \u00fcberw\u00e4ltigend. Alle Leute sind freundlich, interessiert und hilfsbereit. Es hagelt Einladungen.<\/p>\n<p>Zehn Tage bleiben die Wilts in Kotzebue, dann geht es den ganzen weiten Weg zur\u00fcck durchs Beringmeer. Der arktische Sommer ist kurz. Ende August verlassen sie in einer turbulenten Nacht das Beringmeer durch den Unimak Pass mit seinen Stromschnellen. Der erste Herbststurm ist im Anzug. Rechtzeitig erreichen sie den kleinen Fischereihafen King Cove am Ende der Alaska-Halbinsel. Die Freydis kommt mit dem Travellift an Land, sie wird den Winter \u00fcber hier liegen bleiben und erst in der n\u00e4chsten Saison 2008 wieder auf T\u00f6rn gehen: noch einmal zu den Gestaden Alaskas, zu den B\u00e4ren und zu den Gletscherfjorden. Vier Jahre verbringen sie in diesem einzigartigen Revier.<\/p>\n<p>Ein Jahr danach: Auf dem Weg in die S\u00fcdsee \u00e4ndern die Wilts in San Diego kurz entschlossen ihre Pl\u00e4ne und wollen \u00fcber Hawaii, das Midway-Atoll, Japan und Kamtschatka noch einmal zur\u00fcck nach Alaska &#8211; eine folgenschwere Entscheidung.<\/p>\n<h3><strong>Der Tsunami und seine Folgen<\/strong><\/h3>\n<p>In Japan passierte am 11. M\u00e4rz dieses Jahres das Unvorstellbare: Das Land wurde nach einem Seebeben vom schlimmsten Tsunami seit 100 Jahren getroffen und verw\u00fcstet. Furchtbares Leid kam \u00fcber die Menschen dort. Die Freydis \u00fcberwinterte zu dieser Zeit in der Iwaki-Sun-Marina in der Provinz Fukushima. Zwar \u00fcberstand sie den Tsunami als einzige von \u00fcber 150 Yachten aufgrund ihrer soliden Bauweise, trieb aber dann herrenlos auf die Klippen vor der Steilk\u00fcste, nicht weit weg von dem zerst\u00f6rten Atomkraftwerk Fukushima. Alle Versuche der Wilts, sie dort heil abzubergen, schlugen fehl.<\/p>\n<p>Inzwischen ist das Wrack der Freydis von den Beh\u00f6rden in einer aufwendigen Aktion gehoben und soll in Iwaki als Denkmal f\u00fcr die Opfer des Tsunami und als Symbol f\u00fcr die deutsch-japanische Freundschaft, die in diesem Jahr 150 besteht, aufgestellt werden.<\/p>\n<p>Monatelang haben Heide und Erich um die Freydis getrauert &#8211; 33 Jahre war sie ihnen eine zweite Heimat. Nun haben sie sich entschlossen, trotz fortgeschrittenen Alters &#8211; sie gehen beide auf die 70 zu &#8211; eine dritte Freydis zu bauen&#8230;<\/p>\n<p>Mitte 2012 starten die Wilts erneut von Leer Ostfriesland Richtung Pazifik.<\/p>\n","protected":false},"excerpt":{"rendered":"<p>Die letzte Reise der Freydis II von Alaska nach Japan Ein Lichtbildervortrag von Heide und Erich Wilts In ihrem mitrei\u00dfenden Live-Vortrag\u2026 \u2026erz\u00e4hlen die Wilts von urspr\u00fcnglicher, gewaltiger Natur und von K\u00fcsten, die noch niemals zuvor eine Yacht erkundet hat, von &hellip; <a href=\"https:\/\/www.freydis.de\/wordpress\/vortrage\/v7-endstation-fukushima\/\">Weiterlesen <span class=\"meta-nav\">&rarr;<\/span><\/a><\/p>\n","protected":false},"author":5,"featured_media":2487,"parent":320,"menu_order":7,"comment_status":"closed","ping_status":"closed","template":"","meta":{"footnotes":""},"class_list":["post-2483","page","type-page","status-publish","has-post-thumbnail","hentry"],"jetpack_sharing_enabled":true,"_links":{"self":[{"href":"https:\/\/www.freydis.de\/wordpress\/wp-json\/wp\/v2\/pages\/2483","targetHints":{"allow":["GET"]}}],"collection":[{"href":"https:\/\/www.freydis.de\/wordpress\/wp-json\/wp\/v2\/pages"}],"about":[{"href":"https:\/\/www.freydis.de\/wordpress\/wp-json\/wp\/v2\/types\/page"}],"author":[{"embeddable":true,"href":"https:\/\/www.freydis.de\/wordpress\/wp-json\/wp\/v2\/users\/5"}],"replies":[{"embeddable":true,"href":"https:\/\/www.freydis.de\/wordpress\/wp-json\/wp\/v2\/comments?post=2483"}],"version-history":[{"count":4,"href":"https:\/\/www.freydis.de\/wordpress\/wp-json\/wp\/v2\/pages\/2483\/revisions"}],"predecessor-version":[{"id":2489,"href":"https:\/\/www.freydis.de\/wordpress\/wp-json\/wp\/v2\/pages\/2483\/revisions\/2489"}],"up":[{"embeddable":true,"href":"https:\/\/www.freydis.de\/wordpress\/wp-json\/wp\/v2\/pages\/320"}],"wp:featuredmedia":[{"embeddable":true,"href":"https:\/\/www.freydis.de\/wordpress\/wp-json\/wp\/v2\/media\/2487"}],"wp:attachment":[{"href":"https:\/\/www.freydis.de\/wordpress\/wp-json\/wp\/v2\/media?parent=2483"}],"curies":[{"name":"wp","href":"https:\/\/api.w.org\/{rel}","templated":true}]}}