{"id":2491,"date":"2016-04-14T10:34:23","date_gmt":"2016-04-14T09:34:23","guid":{"rendered":"https:\/\/www.freydis.de\/wordpress\/?page_id=2491"},"modified":"2017-03-30T18:19:10","modified_gmt":"2017-03-30T17:19:10","slug":"v8-k-o-und-nochmal-gepackt","status":"publish","type":"page","link":"https:\/\/www.freydis.de\/wordpress\/vortrage\/v8-k-o-und-nochmal-gepackt\/","title":{"rendered":"V8: K.O. &#8211; und nochmal gepackt!"},"content":{"rendered":"<p>Heide und Erich Wilts sind bekannt f\u00fcr ihre Segelreisen in die entlegensten Gebiete der Erde. Nicht den ausgetretenen Pfaden der urlaubshungrigen Sch\u00f6nwettersegler gilt ihr Interesse, sondern den letzten Paradiesen von Menschen und Tieren.<\/p>\n<p>In einem mitrei\u00dfenden Live-Vortrag erz\u00e4hlen die Wilts von urspr\u00fcnglicher, gewaltiger Natur und von K\u00fcsten, die noch niemals zuvor eine Yacht erkundet hat. Sie berichten von dem dramatischen Verlust ihrer Freydis II in Fukushima 2011 durch den Jahrhundert-Tsunami und die Verstrahlung ihrer Yacht durch das zerst\u00f6rte japanische Atomkraftwerk. Obwohl die Wilts beide auf die 70 zugehen, wagen sie einen Neuanfang, bauen ihre dritte Freydis und starten 2012 von Deutschland aus zu einer neuen Weltreise. Auf der klassischen Passatroute segeln sie \u00fcber Atlantik und den S\u00fcdpazifik nach Australien, von dort \u00fcber die Inselwelt Melanesiens und Mikronesiens weiter nach Japan. Sieben Taifune setzen ihnen auf diesem Abschnitt zu. Aber nach 3 Jahren und 27.000 Seemeilen \u2013 viele Abenteuer inclusive &#8211;\u00a0 haben sie\u00a0 inzwischen Alaska, ihr Sehnsuchtsziel, wieder erreicht.<\/p>\n<div id=\"attachment_2259\" style=\"width: 620px\" class=\"wp-caption aligncenter\"><a href=\"https:\/\/www.freydis.de\/wordpress\/wp-content\/uploads\/2015\/11\/yacht-15-2012-editorial.jpg\"><img loading=\"lazy\" decoding=\"async\" aria-describedby=\"caption-attachment-2259\" class=\"wp-image-2259 size-large\" src=\"https:\/\/www.freydis.de\/wordpress\/wp-content\/uploads\/2015\/11\/yacht-15-2012-editorial-610x1024.jpg\" alt=\"Editorial (YACHT 15\/12)\" width=\"610\" height=\"1024\" srcset=\"https:\/\/www.freydis.de\/wordpress\/wp-content\/uploads\/2015\/11\/yacht-15-2012-editorial-610x1024.jpg 610w, https:\/\/www.freydis.de\/wordpress\/wp-content\/uploads\/2015\/11\/yacht-15-2012-editorial-179x300.jpg 179w, https:\/\/www.freydis.de\/wordpress\/wp-content\/uploads\/2015\/11\/yacht-15-2012-editorial-768x1290.jpg 768w, https:\/\/www.freydis.de\/wordpress\/wp-content\/uploads\/2015\/11\/yacht-15-2012-editorial.jpg 1446w\" sizes=\"auto, (max-width: 610px) 100vw, 610px\" \/><\/a><p id=\"caption-attachment-2259\" class=\"wp-caption-text\">Editorial &#8222;Besonderer geht eigentlich kaum&#8220; (YACHT 15\/12)<\/p><\/div>\n<hr \/>\n<p>Pl\u00f6tzlich ist kein Boot mehr da, der Tsunami in Japan hat mit der Freydis auch die Pl\u00e4ne und Tr\u00e4ume der Wilts zerst\u00f6rt. Sie stehen vor einem Scherbenhaufen. Was sollen sie tun? Das Segeln aufgeben, nur noch in der Erinnerung leben? Vielleicht noch ein paar J\u00e4hrchen in Nord- und Ostsee segeln? Nein, sie haben immer noch Sehnsucht nach der Ferne, immer noch Lust am Entdecken abseits der Trampelpfade und Marinas. Also muss eine neue Freydis her, ein Boot, das ihren Anspr\u00fcchen gen\u00fcgt: einfach, solide, zweckm\u00e4\u00dfig.<\/p>\n<p>Es ist wie ein Wink des Schicksals: Unter den zahlreichen Offerten ist auch eine ganz spezielle Schale, ein Nachbau jenes Typs, den der Konstrukteur Reinke vor vielen Jahren nach den Vorgaben der Wilts aus seiner 15M modifiziert hatte. Diesen Typ hatte er 16M Ice (Eis) genannt, weil er f\u00fcr Expeditionen in extreme Gebiete geeignet war. Diese L\u00f6sung, die nackte Schale, hat einen gro\u00dfen Vorteil: Es ist noch nichts verbaut, nichts vorgegeben. Deshalb k\u00f6nnen sie das gesamte Schiff bis ins Detail nach ihren Vorstellungen und Bed\u00fcrfnissen gestalten. Die Wilts kaufen diesen Alukasko und lassen ihn nach ihren Vorgaben auf einer kleinen Werft in D\u00fcren ausbauen. Neun Monate sp\u00e4ter wird die Freydis III in Leer\/Ostfriesland getauft und nach Probeschl\u00e4gen in der Deutschen Bucht starten sie drei Monate sp\u00e4ter zu ihrer 8. Weltreise.<\/p>\n<hr \/>\n<p>Drei Jahre sind seitdem vergangen. Auf der klassischen Route segeln sie \u00fcber den Atlantik, passieren den Panamakanal, queren den Pazifik von Ost nach West. Dabei besuchen sie viele Inseln und Bewohner, die sie auf ihren fr\u00fcheren Reisen kennen gelernt haben.<\/p>\n<p><a href=\"https:\/\/www.freydis.de\/wordpress\/wp-content\/uploads\/2016\/04\/IMG_0368-Kopie.jpg\"><img loading=\"lazy\" decoding=\"async\" class=\"aligncenter wp-image-2496 size-large\" src=\"https:\/\/www.freydis.de\/wordpress\/wp-content\/uploads\/2016\/04\/IMG_0368-Kopie-1024x683.jpg\" alt=\"Freydis III Im Passat \u00fcber den Pazifik\" width=\"640\" height=\"427\" srcset=\"https:\/\/www.freydis.de\/wordpress\/wp-content\/uploads\/2016\/04\/IMG_0368-Kopie-1024x683.jpg 1024w, https:\/\/www.freydis.de\/wordpress\/wp-content\/uploads\/2016\/04\/IMG_0368-Kopie-300x200.jpg 300w, https:\/\/www.freydis.de\/wordpress\/wp-content\/uploads\/2016\/04\/IMG_0368-Kopie-768x512.jpg 768w\" sizes=\"auto, (max-width: 640px) 100vw, 640px\" \/><\/a><\/p>\n<p>Im Januar 2014 starten sie von Bundaberg\/Australien und segeln \u00fcber Papua-Neuguinea und die Inseln Mikronesiens nach Japan. Nachdem sie 45 Jahre lang allen Wirbelst\u00fcrmen aus dem Wege gehen konnten, werden sie in diesem Jahr mit 7 Taifunen konfrontiert &#8211; eine extreme Herausforderung und Belastung f\u00fcr Schiff und Crew. 2015 setzen sie\u00a0dann zum Sprung von Japan zu den Aleuten-Inseln an.Von Japan zu den Aleuten mussten sie dabei \u00fcber 1200 Meilen gegen Starkwind aufkreuzen, eine unmenschliche Herausforderung f\u00fcr die Crew.<\/p>\n<p>Aber sie erreichen ihr Sehnsuchtsziel Alaska. In diesem Revier werden sie die n\u00e4chsten Jahre bleiben.<\/p>\n","protected":false},"excerpt":{"rendered":"<p>Heide und Erich Wilts sind bekannt f\u00fcr ihre Segelreisen in die entlegensten Gebiete der Erde. Nicht den ausgetretenen Pfaden der urlaubshungrigen Sch\u00f6nwettersegler gilt ihr Interesse, sondern den letzten Paradiesen von Menschen und Tieren. In einem mitrei\u00dfenden Live-Vortrag erz\u00e4hlen die Wilts &hellip; <a href=\"https:\/\/www.freydis.de\/wordpress\/vortrage\/v8-k-o-und-nochmal-gepackt\/\">Weiterlesen <span class=\"meta-nav\">&rarr;<\/span><\/a><\/p>\n","protected":false},"author":5,"featured_media":0,"parent":320,"menu_order":8,"comment_status":"closed","ping_status":"closed","template":"","meta":{"footnotes":""},"class_list":["post-2491","page","type-page","status-publish","hentry"],"jetpack_sharing_enabled":true,"_links":{"self":[{"href":"https:\/\/www.freydis.de\/wordpress\/wp-json\/wp\/v2\/pages\/2491","targetHints":{"allow":["GET"]}}],"collection":[{"href":"https:\/\/www.freydis.de\/wordpress\/wp-json\/wp\/v2\/pages"}],"about":[{"href":"https:\/\/www.freydis.de\/wordpress\/wp-json\/wp\/v2\/types\/page"}],"author":[{"embeddable":true,"href":"https:\/\/www.freydis.de\/wordpress\/wp-json\/wp\/v2\/users\/5"}],"replies":[{"embeddable":true,"href":"https:\/\/www.freydis.de\/wordpress\/wp-json\/wp\/v2\/comments?post=2491"}],"version-history":[{"count":6,"href":"https:\/\/www.freydis.de\/wordpress\/wp-json\/wp\/v2\/pages\/2491\/revisions"}],"predecessor-version":[{"id":3478,"href":"https:\/\/www.freydis.de\/wordpress\/wp-json\/wp\/v2\/pages\/2491\/revisions\/3478"}],"up":[{"embeddable":true,"href":"https:\/\/www.freydis.de\/wordpress\/wp-json\/wp\/v2\/pages\/320"}],"wp:attachment":[{"href":"https:\/\/www.freydis.de\/wordpress\/wp-json\/wp\/v2\/media?parent=2491"}],"curies":[{"name":"wp","href":"https:\/\/api.w.org\/{rel}","templated":true}]}}