{"id":2500,"date":"2016-04-14T10:57:50","date_gmt":"2016-04-14T09:57:50","guid":{"rendered":"https:\/\/www.freydis.de\/wordpress\/?page_id=2500"},"modified":"2017-03-30T18:19:10","modified_gmt":"2017-03-30T17:19:10","slug":"v9-boot-fuer-die-welt","status":"publish","type":"page","link":"https:\/\/www.freydis.de\/wordpress\/vortrage\/v9-boot-fuer-die-welt\/","title":{"rendered":"V9: Boot f\u00fcr die Welt"},"content":{"rendered":"<p><strong>Erste Bilanz nach 30.000 Meilen \/ Tops + Flops der neuen Freydis<\/strong><\/p>\n<p><a href=\"https:\/\/www.freydis.de\/wordpress\/wp-content\/uploads\/2016\/04\/Yacht-15-2012-boot-fuer-die-welt-rumpf-2048-1.jpg\"><img loading=\"lazy\" decoding=\"async\" class=\"aligncenter wp-image-2508 size-large\" src=\"https:\/\/www.freydis.de\/wordpress\/wp-content\/uploads\/2016\/04\/Yacht-15-2012-boot-fuer-die-welt-rumpf-2048-1-1024x669.jpg\" alt=\"Yacht 15-2012 Boot f\u00fcr die Welt\" width=\"640\" height=\"418\" srcset=\"https:\/\/www.freydis.de\/wordpress\/wp-content\/uploads\/2016\/04\/Yacht-15-2012-boot-fuer-die-welt-rumpf-2048-1-1024x669.jpg 1024w, https:\/\/www.freydis.de\/wordpress\/wp-content\/uploads\/2016\/04\/Yacht-15-2012-boot-fuer-die-welt-rumpf-2048-1-300x196.jpg 300w, https:\/\/www.freydis.de\/wordpress\/wp-content\/uploads\/2016\/04\/Yacht-15-2012-boot-fuer-die-welt-rumpf-2048-1-768x502.jpg 768w, https:\/\/www.freydis.de\/wordpress\/wp-content\/uploads\/2016\/04\/Yacht-15-2012-boot-fuer-die-welt-rumpf-2048-1.jpg 2048w\" sizes=\"auto, (max-width: 640px) 100vw, 640px\" \/><\/a><\/p>\n<div id=\"attachment_2290\" style=\"width: 160px\" class=\"wp-caption alignleft\"><a href=\"https:\/\/www.freydis.de\/wordpress\/wp-content\/uploads\/2015\/11\/yacht-editorial-5-2014.jpg\"><img loading=\"lazy\" decoding=\"async\" aria-describedby=\"caption-attachment-2290\" class=\"size-thumbnail wp-image-2290\" src=\"https:\/\/www.freydis.de\/wordpress\/wp-content\/uploads\/2015\/11\/yacht-editorial-5-2014-150x150.jpg\" alt=\"Editorial (YACHT 5\/14)\" width=\"150\" height=\"150\" \/><\/a><p id=\"caption-attachment-2290\" class=\"wp-caption-text\">Editorial &#8222;Wiedersehen mit der roten Dame&#8220; (YACHT 5\/14)<\/p><\/div>\n<p><strong><em>Wiedersehen mit der roten Dame<\/em><\/strong><\/p>\n<p><em>Auf den Titel der YACHT schafft es nicht jedes Boot; gleich zweimal nur ganz, ganz wenige. Der feuerrot lackierten \u201eFreydis\u201c ist das Double jetzt gelungen. Vor anderthalb Jahren berichtete Uwe Jan\u00dfen bereits vom Probeschlag mit dem robusten 16-Meter-Blauwasserkreuzer auf der Nordsee. Jetzt, nachdem Heide und Erich Wilts damit einmal halb um die Erde gesegelt sind, befragte er die weitgereisten Eigner im Interview \u00fcber St\u00e4rken und Schw\u00e4chen der Alu-Konstruktion im rauen Hochseebetrieb. Das Gespr\u00e4ch fand allerdings nicht in Australien statt, wo die \u201eFreydis\u201c \u00fcber Weihnachten lag, sondern im heimischen Heidelberg. Eine Zwischenbilanz auf Zwischenstation.<\/em><\/p>\n<div id=\"attachment_2282\" style=\"width: 240px\" class=\"wp-caption aligncenter\"><a href=\"https:\/\/www.freydis.de\/wordpress\/wp-content\/uploads\/2015\/11\/Yacht_5_2014_Cover.jpg\"><img loading=\"lazy\" decoding=\"async\" aria-describedby=\"caption-attachment-2282\" class=\"size-medium wp-image-2282\" src=\"https:\/\/www.freydis.de\/wordpress\/wp-content\/uploads\/2015\/11\/Yacht_5_2014_Cover-230x300.jpg\" alt=\"F\u00fcr alle Meere (Cover YACHT 5\/14)\" width=\"230\" height=\"300\" srcset=\"https:\/\/www.freydis.de\/wordpress\/wp-content\/uploads\/2015\/11\/Yacht_5_2014_Cover-230x300.jpg 230w, https:\/\/www.freydis.de\/wordpress\/wp-content\/uploads\/2015\/11\/Yacht_5_2014_Cover.jpg 731w\" sizes=\"auto, (max-width: 230px) 100vw, 230px\" \/><\/a><p id=\"caption-attachment-2282\" class=\"wp-caption-text\">F\u00fcr alle Meere (Cover YACHT 5\/14)<\/p><\/div>\n","protected":false},"excerpt":{"rendered":"<p>Erste Bilanz nach 30.000 Meilen \/ Tops + Flops der neuen Freydis Wiedersehen mit der roten Dame Auf den Titel der YACHT schafft es nicht jedes Boot; gleich zweimal nur ganz, ganz wenige. Der feuerrot lackierten \u201eFreydis\u201c ist das Double &hellip; <a href=\"https:\/\/www.freydis.de\/wordpress\/vortrage\/v9-boot-fuer-die-welt\/\">Weiterlesen <span class=\"meta-nav\">&rarr;<\/span><\/a><\/p>\n","protected":false},"author":5,"featured_media":2508,"parent":320,"menu_order":9,"comment_status":"closed","ping_status":"closed","template":"","meta":{"footnotes":""},"class_list":["post-2500","page","type-page","status-publish","has-post-thumbnail","hentry"],"jetpack_sharing_enabled":true,"_links":{"self":[{"href":"https:\/\/www.freydis.de\/wordpress\/wp-json\/wp\/v2\/pages\/2500","targetHints":{"allow":["GET"]}}],"collection":[{"href":"https:\/\/www.freydis.de\/wordpress\/wp-json\/wp\/v2\/pages"}],"about":[{"href":"https:\/\/www.freydis.de\/wordpress\/wp-json\/wp\/v2\/types\/page"}],"author":[{"embeddable":true,"href":"https:\/\/www.freydis.de\/wordpress\/wp-json\/wp\/v2\/users\/5"}],"replies":[{"embeddable":true,"href":"https:\/\/www.freydis.de\/wordpress\/wp-json\/wp\/v2\/comments?post=2500"}],"version-history":[{"count":6,"href":"https:\/\/www.freydis.de\/wordpress\/wp-json\/wp\/v2\/pages\/2500\/revisions"}],"predecessor-version":[{"id":2509,"href":"https:\/\/www.freydis.de\/wordpress\/wp-json\/wp\/v2\/pages\/2500\/revisions\/2509"}],"up":[{"embeddable":true,"href":"https:\/\/www.freydis.de\/wordpress\/wp-json\/wp\/v2\/pages\/320"}],"wp:featuredmedia":[{"embeddable":true,"href":"https:\/\/www.freydis.de\/wordpress\/wp-json\/wp\/v2\/media\/2508"}],"wp:attachment":[{"href":"https:\/\/www.freydis.de\/wordpress\/wp-json\/wp\/v2\/media?parent=2500"}],"curies":[{"name":"wp","href":"https:\/\/api.w.org\/{rel}","templated":true}]}}