{"id":271,"date":"2011-01-14T18:45:00","date_gmt":"2011-01-14T17:45:00","guid":{"rendered":"https:\/\/www.freydis.de\/wordpress\/?page_id=271"},"modified":"2022-04-25T17:46:54","modified_gmt":"2022-04-25T16:46:54","slug":"mehr-uber-heide-erich-wilts","status":"publish","type":"page","link":"https:\/\/www.freydis.de\/wordpress\/skipper\/mehr-uber-heide-erich-wilts\/","title":{"rendered":"Preise und Ehrungen"},"content":{"rendered":"<p>Heide Wilts erhielt 1996 einen F\u00f6rderpreis der Kreuzer-Abteilung des DSV mit folgender Begr\u00fcndung:<\/p>\n<blockquote><p>\u201cDie Jury war sich einig, dass gerade Ihr Buch ein ganz ungew\u00f6hnliches Buch ist &#8211; in jeder Hinsicht \u201aKlasse&#8216;. Es besticht durch die Ehrlichkeit, mit der Gef\u00fchle und Erleben in der aufger\u00fchrten Natur, mit Angst oder Unwohlsein, nicht heruntergespielt wurden. Wir alle ahnen, dass dahinter eine menschliche und seem\u00e4nnische Leistung steht, die ihresgleichen sucht&#8230;&#8220;<\/p><\/blockquote>\n<p>Das Ehepaar Wilts wurde f\u00fcr seine seglerischen Leistungen mit zahlreichen Preisen geehrt, u.a. dem Schlimbach-, dem Trans-Ocean-Preis und dem Goldenen Kompass der SKWB.<\/p>\n<p>2012 den <em>segeln<\/em> Award f\u00fcr ihr Lebenswerk, 2017 die Trans-Ocean-Medaille f\u00fcr die Durchquerung Nordwestpassage.<\/p>\n<h3>Trans-Ocean-Preis<\/h3>\n<p>Die Laudatio bei der Vergabe des Trans-Ocean-Preises 2002 auf dem 33. Treffen von Trans-Ocean, Verein zur F\u00f6rderung des Hochseesegelns e.V. am 23. November in Cuxhaven durch den Kommodore Helmut Bellmer :<\/p>\n<blockquote><p>\u201cWie seit 32 Jahren \u00fcblich, wissen nur die Vorstandsmitglieder, die Mitglieder der Jury und der Gesch\u00e4ftsstelle, wer heute Abend den TOP 2002 erh\u00e4lt. Die Verschwiegenheit und damit die \u00dcberraschung f\u00fcr den Gewinner ist Tradition. Sie haben schon alle bereits ausgezeichneten Weltumsegler genau betrachtet und sicher auch geraten, wer mag es sein ?<\/p>\n<p>Unserer Jury bereitete die Frage keine Schwierigkeiten. Den TOP 2002 erh\u00e4lt der Schiffer der \u201eFREYDIS\u201c, Erich Wilts.<\/p>\n<p>Das 60-j\u00e4hrige Eigner-Ehepaar Erich und Dr. Heide Wilts hat auf dieser Langfahrt mit der 1979 in Leer gebauten 15 m Stahlsloop wohl \u00fcber 100.000 Seemeilen seem\u00e4nnisch vorbildlich zur\u00fcckgelegt. Nach fast immer tage- und wochenlangen Seet\u00f6rns zwischen einzelnen Etappenzielen meist an unwirtlichen K\u00fcsten, hat sie vor einsamen Inseln und oft unter abenteuerlichen Bedingungen vor Anker gelegen.<\/p>\n<p>Die jetzt beendete Reise ist eine deutsche und international hochbeachtete Erstleistung. \u00dcber die einzelnen Etappen dieser zw\u00f6lfj\u00e4hrigen Langfahrt, die Erlebnisse auf diesen Reisen und deren seem\u00e4nnische Erfahrung liegt eine umfangreiche Dokumentation vor, die z.B. in den betreffenden B\u00fcchern des Verlages Delius Klasing, deutschen Segler-Zeitschriften und in internationalen Magazinen einem weltweiten Leserpublikum vermittelt wurde.<\/p>\n<p>Das Eigner-Ehepaar hat auf seinen zwei Weltumsegelungen in den Jahren 1990 bis 2002 einer Vielzahl von Hochseeseglern die M\u00f6glichkeit gegeben, auf einzelnen Etappen in entlegenen Revieren gegen eine entsprechende Unkostenbeteiligung mitzusegeln. Insgesamt sind es wohl rund 300 Hochseesegler &#8211; von denen die Mehrzahl auf zwei bis sieben Abschnitten dabei waren &#8211; die in den 12 Jahren von der \u201eFreydis\u201c- Besatzung auf ihren Reisen aus- bzw. weitergebildet wurden.<\/p>\n<p>Nach ihrer \u00dcberwinterung und der anschlie\u00dfenden Umrundung der Antarktis &#8211; verbunden mit den Besuchen der an ihrer Peripherie gelegenen Inseln und Archipele in den Jahren 1990 bis 1998 &#8211; ging die gro\u00dfe Reise in den Folgejahren auf der klassischen Passatroute vom Kap Hoorn in Ost-West-Richtung \u00fcber den Pazifik, durch das Great Barrier Reef, die Torres-Stra\u00dfe, \u00fcber den Indischen Ozean und um das Kap der Guten Hoffnung zur\u00fcck nach Deutschland. Und nun sind sie in Cuxhaven.\u201d<\/p><\/blockquote>\n<h3>Ehren-Award der Redaktion SEGELN<\/h3>\n<blockquote><p>\u2026In einem Alter, in dem die Mehrzahl aller Menschen l\u00e4ngst die Beine hochlegt und den guten alten Zeiten hinterher jammert, habt Ihr Euch entschlossen, die dritte &#8222;Freydis&#8220; zu bauen und erneut f\u00fcr eine weitere Weltumsegelung zu starten. Ich und ebenso die Mitglieder des Seglerverein Leer e.V. sind stolz darauf, dass Ihr zu uns geh\u00f6rt und dass Eure Boote immer unter dem Stander des SVL die Weltmeere befahren haben. Wenn Ihr jetzt Eure neue &#8222;Freydis&#8220; wieder in Leer zu Wasser bringt, werde ich Euch wieder einen Stander des SVL \u00fcberreichen d\u00fcrfen mit dem Wunsch f\u00fcr allzeit gute Fahrt.<\/p>\n<p>Heute sollt Ihr, lieber Erich und liebe Heide Wilts, den Ehren-Award der Redaktion SEGELN f\u00fcr Euer Lebenswerk erhalten und deshalb bitte ich Euch, auf die B\u00fchne zu kommen, um diesen Award entgegen zu nehmen.<\/p>\n<p>D\u00fcsseldorf, 26. Januar 2012<\/p>\n<p>Hermann Baxmann<\/p><\/blockquote>\n<ul>\n<li><a href=\"https:\/\/www.freydis.de\/bilder\/2014\/11\/Baxmann.pdf\"><b>Die Rede von Hermann Baxmann<\/b> (PDF)<\/a><\/li>\n<\/ul>\n<h3>Unsere Art zu segeln<\/h3>\n<p><a href=\"https:\/\/www.freydis.de\/bilder\/2011\/06\/YACHT INTERVIEW 2002.pdf\"><img decoding=\"async\" src=\"https:\/\/www.freydis.de\/bilder\/2011\/06\/YACHT_Logo_120.jpg\" alt=\"\" width=\"640\" align=\"left\" border=\"0\" \/><\/a>Ein <a href=\"https:\/\/www.freydis.de\/bilder\/2011\/06\/YACHT INTERVIEW 2002.pdf\">Interview<\/a> in der YACHT aus dem Jahr 2002 gibt hierauf Antworten (PDF, 130 KB).<\/p>\n<p><a href=\"https:\/\/www.freydis.de\/wordpress\/?page_id=275\">Zeittafel<\/a><\/p>\n","protected":false},"excerpt":{"rendered":"<p>Heide Wilts erhielt 1996 einen F\u00f6rderpreis der Kreuzer-Abteilung des DSV mit folgender Begr\u00fcndung: \u201cDie Jury war sich einig, dass gerade Ihr Buch ein ganz ungew\u00f6hnliches Buch ist &#8211; in jeder Hinsicht \u201aKlasse&#8216;. Es besticht durch die Ehrlichkeit, mit der Gef\u00fchle &hellip; <a href=\"https:\/\/www.freydis.de\/wordpress\/skipper\/mehr-uber-heide-erich-wilts\/\">Weiterlesen <span class=\"meta-nav\">&rarr;<\/span><\/a><\/p>\n","protected":false},"author":3,"featured_media":0,"parent":147,"menu_order":0,"comment_status":"closed","ping_status":"open","template":"","meta":{"footnotes":""},"class_list":["post-271","page","type-page","status-publish","hentry"],"jetpack_sharing_enabled":true,"_links":{"self":[{"href":"https:\/\/www.freydis.de\/wordpress\/wp-json\/wp\/v2\/pages\/271","targetHints":{"allow":["GET"]}}],"collection":[{"href":"https:\/\/www.freydis.de\/wordpress\/wp-json\/wp\/v2\/pages"}],"about":[{"href":"https:\/\/www.freydis.de\/wordpress\/wp-json\/wp\/v2\/types\/page"}],"author":[{"embeddable":true,"href":"https:\/\/www.freydis.de\/wordpress\/wp-json\/wp\/v2\/users\/3"}],"replies":[{"embeddable":true,"href":"https:\/\/www.freydis.de\/wordpress\/wp-json\/wp\/v2\/comments?post=271"}],"version-history":[{"count":14,"href":"https:\/\/www.freydis.de\/wordpress\/wp-json\/wp\/v2\/pages\/271\/revisions"}],"predecessor-version":[{"id":7484,"href":"https:\/\/www.freydis.de\/wordpress\/wp-json\/wp\/v2\/pages\/271\/revisions\/7484"}],"up":[{"embeddable":true,"href":"https:\/\/www.freydis.de\/wordpress\/wp-json\/wp\/v2\/pages\/147"}],"wp:attachment":[{"href":"https:\/\/www.freydis.de\/wordpress\/wp-json\/wp\/v2\/media?parent=271"}],"curies":[{"name":"wp","href":"https:\/\/api.w.org\/{rel}","templated":true}]}}