{"id":275,"date":"2011-01-14T18:52:18","date_gmt":"2011-01-14T17:52:18","guid":{"rendered":"https:\/\/www.freydis.de\/wordpress\/?page_id=275"},"modified":"2022-01-06T16:15:10","modified_gmt":"2022-01-06T15:15:10","slug":"zeittafel","status":"publish","type":"page","link":"https:\/\/www.freydis.de\/wordpress\/skipper\/zeittafel\/","title":{"rendered":"Die 8 Weltreisen"},"content":{"rendered":"<h3>1981 &#8211; 1989: Erste bis vierte Reise<\/h3>\n<p><a href=\"https:\/\/www.freydis.de\/bilder\/2011\/01\/weltreisen_mittel.jpg\" rel=\"lightbox\"><img decoding=\"async\" src=\"https:\/\/www.freydis.de\/bilder\/2011\/01\/weltreisen_mittel.jpg\" alt=\"\" width=\"640\" border=\"0\" \/><\/a><\/p>\n<p><em><span style=\"color: #606060;\"><a href=\"https:\/\/www.freydis.de\/bilder\/2011\/01\/weltreisen_org.jpg\">Bild in Originalgr\u00f6sse<\/a> (2.1 MB, 2895\u2006\u00d7\u20061626 Pixel)<\/span><\/em><\/p>\n<ul>\n<li>1. Reise 1981\/82: Rund S\u00fcdamerika und erster Abstecher zur Antarktischen Halbinsel, Dauer 11 Monate, Distanz ca 23.000 sm, Heide beschreibt die Reise in <a href=\"https:\/\/www.freydis.de\/wordpress\/?page_id=217\">\u00bbWeit im Norden liegt Kap Hoorn\u00ab<\/a>.<\/li>\n<li>2. Reise 1986: Rund Nordatlantik und ins Nordpolarmeer. Neufundland \u2013 SW-Gr\u00f6nland \u2013 Island \u2013Ostgr\u00f6nland &#8211; Scoresbysund \u2013 Jan Mayen \u2013 Spitzbergen. Dauer 7 Monate, Distanz ca 10.000 sm. Beschrieben in <a href=\"https:\/\/www.freydis.de\/wordpress\/?page_id=199\">\u00bbWo Berge segeln\u00ab<\/a><\/li>\n<li>3. Reise 1987\/88: Rund Nordatlantik und ins Nordpolarmeer. Rund Spitzbergen \u2013 Karibik \u2013 Neufundland \u2013 Westgr\u00f6nland \u2013 Island. Dauer 16 Monate, Distanz ca 26.000 sm. Beschrieben in <a href=\"https:\/\/www.freydis.de\/wordpress\/?page_id=199\">\u00bbWo Berge segeln\u00ab<\/a><\/li>\n<li>4. Reise 1988\/89: Rund Afrika. Mittelmeer \u2013 Rotes Meer \u2013 Kanal von Mozambik \u2013 Kap der Guten Hoffnung \u2013 Namibia \u2013 Brasilien \u2013 Karibik. Dauer 12 Monate, Distanz ca 25.000 sm<\/li>\n<\/ul>\n<h3>1990 \u2013 2002: F\u00fcnfte und sechste Reise<\/h3>\n<p><a href=\"https:\/\/www.freydis.de\/bilder\/2011\/01\/antarktisumrundung_mittel.jpg\" rel=\"lightbox\"><img decoding=\"async\" src=\"https:\/\/www.freydis.de\/bilder\/2011\/01\/antarktisumrundung_mittel.jpg\" alt=\"\" width=\"520\" border=\"0\" \/><\/a><\/p>\n<ul>\n<li>1990: Ende unserer b\u00fcrgerlichen Berufe am 30.04.1990. Start zur 1. Weltumsegelung am 12.05.1990. Anreise \u00fcber Kanaren, Kap Verden und Brasilien nach Feuerland und zum Kap Hoorn, Brand in Mar del Plata, T\u00f6rns in Feuerland. Sylvester am Kap Hoorn (9.998 sm).<\/li>\n<li>1991: Zehnmonatige \u00dcberwinterung zu zweit im Kratersee der Insel Deception am Rande der Antarktischen Halbinsel, Strandung am 24. Mai, provisorische Reparatur und Ende Dezember R\u00fcckkehr nach S\u00fcdamerika. (3.782 sm)<\/li>\n<li>1992: Mehrmonatige Reparatur mit den Feuerlandindianern in Puerto Williams am Beagle Kanal. Am Ende des Winters Testfahrt zur Staateninsel und zum Kap Hoorn (1.165 sm).<\/li>\n<li>1993: Atlantik vom Kap Hoorn\/S\u00fcdamerika \u00fcber die Falklands, S\u00fcdgeorgien, S\u00fcdsandwich-Inseln und Tristan da Cunha nach Kapstadt\/S\u00fcdafrika; Im S\u00fcdwinter Abstecher zu den Komoren und nach Madagaskar (10.110 sm).<\/li>\n<li>1994: Indik von Richardsbay \u00fcber die Prince Edwards, Crozet, Kerguelen, Heard, St. Paul nach Fremantle, Im S\u00fcdwinter Gro\u00dfe Australische Bucht, Bass-Stra\u00dfe, Tasmanien und Tasmansee bis Nelson\/Neuseeland (10.760 sm).<\/li>\n<li>1995: Rund Neuseeland (Nordinsel, S\u00fcdinsel und Stewart Insel) H\u00f6hepunkte sind die drei Besuche der Vulkaninsel White Island, Neuseelands aktivster Vulkan; auf ihr feiern wir unsere Silberhochzeit (3807 sm).<\/li>\n<li>1996: Die Reise zum Rossmeer und zur Scott Insel; Auf dem Hin- und R\u00fcckweg besuchen wir als erste Yacht \u00fcberhaupt s\u00e4mtliche subantarktischen Inseln von Neuseeland und Australien (Snares, Aucklands, Macquarie, Campbell, Antipoden, Bounty und Chatham) (8.685 sm).<\/li>\n<li>1996\/97: Pazifik von Neuseeland \u00fcber Kermadecs, Beveridge, Cooks, Gesellschaftsinseln, Tuamotus, Gambier, Pitcairn, Osterinsel, Sala y Gomez, Phantominsel Podesta, Juan Fernandez nach Valdivia\/S\u00fcdamerika Anschlie\u00dfend durch die Patagonischen Kan\u00e4le und Feuerland zum Kap Hoorn (1997: 7.376 sm).<\/li>\n<li>1998: Die letzte &#8211; und seit 1982 sechste &#8211; Antarktisexpedition f\u00fchrt uns wieder zur Antarktischen Halbinsel und zum Schlu\u00df zur Insel Deception, in deren Kratersee wir sechs Jahre zuvor \u00fcberwintert hatten (9.481 sm).<\/li>\n<li>1. Juli 1998 bis 22. Juli 2002: Die zweite Weltumsegelung von Ost nach West auf der klassischen Route Ausgel\u00f6st hat diese zweite Weltumsegelung die Einladung des GEO-Magazins zu einer viermonatigen Expedition mit uns und der Freydis in Melanesien. 1.Juli 1998 bis 31. Juli 1999: Anreise zum Einsatzort Noumea\/Neukaledonien vom Kap Hoorn \u00fcber Feuerland, die Patagonischen Kan\u00e4le, Robinson Crusoe, San Felix und Ambrosio, Marquesas, Tuamotus, Gesellschaftsinsel, Cooks, Niue, Tonga, Fidji nach Noumea.<\/li>\n<li>1999: Viermonatige GEO-Expedition mit drei Teams durch Melanesien Nach Beendigung der Expedition brachten wir die Freydis nach Townsville\/Australien (1999: 8.672 sm).<\/li>\n<li>2000: Australien: Gro\u00dfes Barriere-Riff, Torres-Stra\u00dfe, Arafura-See, Darwin (1.719 sm).<\/li>\n<li>2001: Indischer Ozean von Darwin \u00fcber die Kimberley-K\u00fcste, Broome, Bali, Christmas I., Cocos-Keeling, Rodrigues, Cargados Carachos Shoals, Mauritius, Reunion, SE-Madagaskar nach Durban\/S\u00fcdafrika, von dort entlang der K\u00fcste nach Kapstadt (2001: 7.937 sm).<\/li>\n<li>2002: 1.Teil: Atlantischer Ozean von Ost nach West, Von Kapstadt\/S\u00fcdafrika \u00fcber Walvis Bay\/Namibia (Heides 60. Geburtstag), St. Helena, Ascension, Joao Pessoa\/Brasilien, 2. Teil: Atlantischer Ozean von West nach Ost, Von Brasilien nach Fernando Noronha, dann \u00fcber den \u00c4quator &#8211; \u00c4quatortaufe und Erichs 60. Geburtstag fielen zusammen &#8211; Kap Verden &#8211; Azoren &#8211; Scilly-Inseln &#8211; Ile d&#8217;Ouessant bei Brest &#8211; \u00c4rmelkanal &#8211; St. Malo &#8211; Oostende &#8211; Borkum nach Leer (2002: 10.771 sm).<\/li>\n<\/ul>\n<h3>2003: Pause<\/h3>\n<ul>\n<li>2003: General\u00fcberholung der Freydis in Leer von Herbst 2002 bis zum Neustart am 6. August 2004<\/li>\n<\/ul>\n<h3>2004 bis heute: Siebte Weltreise<\/h3>\n<p><a href=\"https:\/\/www.freydis.de\/bilder\/2011\/02\/Alle Routen Nordpazifik 2006-2012_800x600.jpg\" rel=\"lightbox\"><img decoding=\"async\" src=\"https:\/\/www.freydis.de\/bilder\/2011\/02\/Alle Routen Nordpazifik 2006-2012_800x600.jpg\" alt=\"\" width=\"640\" border=\"0\" \/><\/a><\/p>\n<p><em><span style=\"color: #606060;\"><a href=\"https:\/\/www.freydis.de\/bilder\/2011\/02\/Alle Routen Nordpazifik 2006-2012.jpg\">Originalgr\u00f6sse (1.5 MB)<\/a><\/span><\/em><\/p>\n<ul>\n<li>2004: Leer \u2013 Lissabon \u2013 SAL\/Kap Verden<\/li>\n<li>2005: Transatlantik \u2013 Grenada \u2013 Venezolanische Inseln \u2013 Panama \u2013 Acapulco \u2013 La Paz (Baja California)<\/li>\n<li>2006: Hawaii \u2013 Midway-Atoll \u2013 Aleuten \u2013 Alaska HI \u2013Kodiak \u2013 Kenai HI \u2013 Cordova\/Prince-William-Sound<\/li>\n<li>2007: Kenai HI \u2013 Kodiak \u2013 Alaska HI \u2013 Inseln im Beringmeer \u2013 Kotzebue\/Tschucktschen-See \u2013 King Cove\/Alaska HI<\/li>\n<li>2008: Alaska HI \u2013 Kodiak \u2013 Kenai HI \u2013 PWS \u2013 Kajak-Insel \u2013 Fjorde im Golf von Alaska (Icy-, Yakutat- und Lituya-Bay) \u2013 Inside Passage \u2013 Campbell River\/Vancouver Island<\/li>\n<li>2009: Campbell River &#8211; Vancouver &#8211; San Francisco &#8211; San Diego<\/li>\n<li>2010: San Diego &#8211; Hawaii &#8211; Midway-Atoll &#8211; Minami Tori Shima &#8211; Chichi Shima &#8211; Izu- Inseln -Iwaki\/Honshu<\/li>\n<li>2011: <em>(geplant)<\/em> Iwaki &#8211; Hokkaido &#8211; Kamtschatka &#8211; Aleuten &#8211; Alaska Halbinsel.<br \/>\nAm 11. M\u00e4rz 2011 \u00fcberrollt ein Tsunami, Folge des schweren Seebebens, die Marina in Japan. <a href=\"https:\/\/www.freydis.de\/wordpress\/?p=791\">Die Freydis scheint verschwunden<\/a>, taucht aber \u00fcberraschend an einer Steilk\u00fcste im Norden von Onahama <a href=\"https:\/\/www.freydis.de\/wordpress\/?p=793\">nahezu unversehrt wieder auf<\/a>. Unsere Versuche, sie Ende M\u00e4rz \u00fcber das vorgelagerte Riff in tiefes Wasser zu bringen, scheitern &#8211; nicht zuletzt wegen der gef\u00e4hrlichen Strahlung der besch\u00e4digten Kernreaktoren in der Nachbarschaft. Wir geben sie auf, nachdem wir einige wenige Teile, wie Wischen, Segel, Anker und Tauwerk abbergen konnten.Im September\/Oktober wird die Freydis im Auftrage der japanischen Beh\u00f6rden in drei Teilen \u00fcber die Steilk\u00fcste gezogen. Die Teile liegen vor der Hochschule in Iwaki. Die Bezirksregierung will sie als Denkmal <a href=\"https:\/\/www.freydis.de\/wordpress\/?p=1087\">im neu zu gestaltenden Misaki Gedenkpark aufstellen<\/a>. 1. August 2011: Beginn mit dem Bau der FREYDIS III vom Typ 16M ICE (eine von Kurt Reinke f\u00fcr uns modifizierte 16M) auf der Werft von Michael Matzerath in D\u00fcren. Den Innenausbau \u00fcbernimmt nach unseren Pl\u00e4nen die der Werft angegliederte Bootstischlerei von Jakob Dirksen.<\/li>\n<li>2012: Am 20. April Schiffstaufe der FREYDIS III in Leer am Steg des SVLeer, anschlie\u00dfend Probet\u00f6rns in der Deutschen Bucht.<br \/>\n14. Juli 2012: Fortsetzung der 7. in Fukushima unterbrochenen Weltreise: Leer &#8211; Kanalinseln &#8211; Scillys &#8211; Ouessant &#8211; La Coruna &#8211; Lissabon &#8211; Madeira &#8211; Kanaren &#8211; Kap Verden &#8211; Grenada &#8211; Venezolanische Inseln &#8211; San Blas Archipel &#8211; Panama<\/li>\n<li>2013: Panama &#8211; Cocos Insel &#8211; Galapagos &#8211; Marquesas &#8211; Tuamotus &#8211; Tahiti &#8211; Bora Bora &#8211; Mopelia &#8211; Cook Inseln &#8211; Beveridge Atoll &#8211; Niue &#8211; Vava\u00fa\/Tonga &#8211; Levuka\/Fidji &#8211; Tanna\/Vanuatu &#8211; Neukaledonien &#8211; Chesterfield Isl. &#8211; Bundaberg\/Australien<\/li>\n<li>2014: Australien &#8211; Papua-Neuguinea &#8211; Mikronesien &#8211; Guam &#8211; Okinawa &#8211; S\u00fcdwestliche Inseln (Nansei Shoto) &#8211; Nagasaki :: <a href=\"https:\/\/www.freydis.de\/wordpress\/?page_id=1424\">(urspr\u00fcngliche Planung)<\/a><\/li>\n<li>2015: Westk\u00fcste Honshu &#8211; Hakodate &#8211; S\u00fcdk\u00fcste Hokkaido &#8211; Kurilen &#8211; \u00a0Aleuten &#8211; Alaska-Halbinsel &#8211; Kodiak<\/li>\n<\/ul>\n<p><a href=\"https:\/\/www.freydis.de\/wordpress\/wp-content\/uploads\/2011\/01\/nord-west-Pacific-4053_toernplan-2011-Kopie-2.jpg\"><img loading=\"lazy\" decoding=\"async\" class=\"aligncenter size-large wp-image-1755\" src=\"https:\/\/www.freydis.de\/wordpress\/wp-content\/uploads\/2011\/01\/nord-west-Pacific-4053_toernplan-2011-Kopie-2-1024x706.jpg\" alt=\"nord-west Pacific-4053_toernplan-2011 Kopie 2\" width=\"640\" height=\"441\" srcset=\"https:\/\/www.freydis.de\/wordpress\/wp-content\/uploads\/2011\/01\/nord-west-Pacific-4053_toernplan-2011-Kopie-2-1024x706.jpg 1024w, https:\/\/www.freydis.de\/wordpress\/wp-content\/uploads\/2011\/01\/nord-west-Pacific-4053_toernplan-2011-Kopie-2-300x207.jpg 300w, https:\/\/www.freydis.de\/wordpress\/wp-content\/uploads\/2011\/01\/nord-west-Pacific-4053_toernplan-2011-Kopie-2-768x530.jpg 768w, https:\/\/www.freydis.de\/wordpress\/wp-content\/uploads\/2011\/01\/nord-west-Pacific-4053_toernplan-2011-Kopie-2.jpg 2048w\" sizes=\"auto, (max-width: 640px) 100vw, 640px\" \/><\/a><\/p>\n<p>2016: T\u00f6rns im Golf von Alaska: Kodiak, Katmai Nationalpark, Kenai-Halbinsel, Prince-William-Sound<\/p>\n<p><a href=\"https:\/\/www.freydis.de\/wordpress\/wp-content\/uploads\/2017\/10\/1-ROUTE-NWP.jpg\"><img loading=\"lazy\" decoding=\"async\" class=\"alignleft size-large wp-image-4568\" src=\"https:\/\/www.freydis.de\/wordpress\/wp-content\/uploads\/2017\/10\/1-ROUTE-NWP-1024x683.jpg\" alt=\"Route NWP\" width=\"640\" height=\"427\" srcset=\"https:\/\/www.freydis.de\/wordpress\/wp-content\/uploads\/2017\/10\/1-ROUTE-NWP-1024x683.jpg 1024w, https:\/\/www.freydis.de\/wordpress\/wp-content\/uploads\/2017\/10\/1-ROUTE-NWP-300x200.jpg 300w, https:\/\/www.freydis.de\/wordpress\/wp-content\/uploads\/2017\/10\/1-ROUTE-NWP-768x512.jpg 768w\" sizes=\"auto, (max-width: 640px) 100vw, 640px\" \/><\/a><\/p>\n<p>2017: Nordwestpassage (NWP) von Kodiak \u00fcbers Beringmeer nach Nome, von dort nach Cambridge Bay, Fort Ross, Pond Inlet zur Disko Bay (Westgr\u00f6nland). Seemeilen insgesamt 5.281 in 138 Tagen f\u00fcr die gesamte Strecke. Das Kernst\u00fcck der NWP von Nome bis Aasiaat \/ Disko Bay betrug 3.405 Seemeilen in 44 Tagen.<\/p>\n<p>2018: Rund Gr\u00f6nland von Polarkreis (West) zu Polarkreis (Ost)<br \/>\nRund um die Diskoinsel &#8211; Ilulissat &#8211; Polarkreis &#8211; Nuuk &#8211; Quaqortoq &#8211; Prins Christian Sund &#8211; Ostk\u00fcste Gr\u00f6nlands \u00fcber Tassiilaq &#8211; Polarkreis &#8211; Isafj\u00f6rdur\/Nordwestisland<\/p>\n<p>2019: Westk\u00fcste Island &#8211; Westm\u00e4nner Inseln &#8211; F\u00e4r\u00f6er &#8211; \u00c4u\u00dfere Hebriden (St. Kilda) &#8211; Stornoway &#8211; Innere Hebriden &#8211; Irische See &#8211; Scilly Inseln &#8211; Insel Ouessant bei Brest &#8211; \u00c4rmelkanal &#8211; S\u00fcdwestliche Nordsee &#8211; West- und Ostfriesische Inseln &#8211; Leer (Hier endete die 7. Weltreise nach der Freydis nach &#8230; Seemeilen.)<\/p>\n<p>2020: General\u00fcberholung der Freydis von Januar bis Juni<br \/>\nAnschlie\u00dfend: Start Rund Nordatlantik Teil 1\u00a0in Leer am 5. Juli 2020 &#8211; Westfriesische Inseln &#8211; Kanalinseln &#8211; St. Malo &#8211; Kanalinseln &#8211; Scilly-Inseln &#8211; Ile d&#8217;Ouessant &#8211; La Coruna &#8211; Galicien &#8211; Portugisische K\u00fcste bis Lissabon &#8211; Santo &#8211; Madeira &#8211; Ilhas Selvagens &#8211; La Palma<\/p>\n<p>2021: Rund Nordatlantik Teil 2: La Palma &#8211; Horta &#8211; S\u00fcdwestgr\u00f6nland &#8211; Island &#8211; Ostgr\u00f6nland &#8211; Island<\/p>\n<h2>geplant:<\/h2>\n<p>2022: Rund Nordatlantik Teil 3: Island\/Isafj\u00f6rdur &#8211; Gr\u00f6nland\/Scoresbysund &#8211; Island &#8211; F\u00e4r\u00f6er &#8211; Fair Isle &#8211; Kaledonienkanal &#8211; Oban<\/p>\n<a href=\"\" class=\"su-button su-button-style-default su-button-wide\" style=\"color:#FFFFFF;background-color:#ef332d;border-color:#c02924;border-radius:5px\" target=\"_self\"><span style=\"color:#FFFFFF;padding:6px 18px;font-size:14px;line-height:21px;border-color:#f4716c;border-radius:5px;text-shadow:none\"><i class=\"sui sui-globe\" style=\"font-size:14px;color:#FFFFFF\"><\/i> T\u00f6rnplan 2018<\/span><\/a>\n","protected":false},"excerpt":{"rendered":"<p>1981 &#8211; 1989: Erste bis vierte Reise Bild in Originalgr\u00f6sse (2.1 MB, 2895\u2006\u00d7\u20061626 Pixel) 1. Reise 1981\/82: Rund S\u00fcdamerika und erster Abstecher zur Antarktischen Halbinsel, Dauer 11 Monate, Distanz ca 23.000 sm, Heide beschreibt die Reise in \u00bbWeit im Norden &hellip; <a href=\"https:\/\/www.freydis.de\/wordpress\/skipper\/zeittafel\/\">Weiterlesen <span class=\"meta-nav\">&rarr;<\/span><\/a><\/p>\n","protected":false},"author":3,"featured_media":0,"parent":147,"menu_order":0,"comment_status":"closed","ping_status":"open","template":"","meta":{"footnotes":""},"class_list":["post-275","page","type-page","status-publish","hentry"],"jetpack_sharing_enabled":true,"_links":{"self":[{"href":"https:\/\/www.freydis.de\/wordpress\/wp-json\/wp\/v2\/pages\/275","targetHints":{"allow":["GET"]}}],"collection":[{"href":"https:\/\/www.freydis.de\/wordpress\/wp-json\/wp\/v2\/pages"}],"about":[{"href":"https:\/\/www.freydis.de\/wordpress\/wp-json\/wp\/v2\/types\/page"}],"author":[{"embeddable":true,"href":"https:\/\/www.freydis.de\/wordpress\/wp-json\/wp\/v2\/users\/3"}],"replies":[{"embeddable":true,"href":"https:\/\/www.freydis.de\/wordpress\/wp-json\/wp\/v2\/comments?post=275"}],"version-history":[{"count":37,"href":"https:\/\/www.freydis.de\/wordpress\/wp-json\/wp\/v2\/pages\/275\/revisions"}],"predecessor-version":[{"id":7298,"href":"https:\/\/www.freydis.de\/wordpress\/wp-json\/wp\/v2\/pages\/275\/revisions\/7298"}],"up":[{"embeddable":true,"href":"https:\/\/www.freydis.de\/wordpress\/wp-json\/wp\/v2\/pages\/147"}],"wp:attachment":[{"href":"https:\/\/www.freydis.de\/wordpress\/wp-json\/wp\/v2\/media?parent=275"}],"curies":[{"name":"wp","href":"https:\/\/api.w.org\/{rel}","templated":true}]}}