{"id":392,"date":"2011-01-20T20:52:35","date_gmt":"2011-01-20T19:52:35","guid":{"rendered":"https:\/\/www.freydis.de\/wordpress\/?page_id=392"},"modified":"2017-03-30T18:19:09","modified_gmt":"2017-03-30T17:19:09","slug":"heiss-auf-eis-80-nord","status":"publish","type":"page","link":"https:\/\/www.freydis.de\/wordpress\/vortrage\/heiss-auf-eis-80-nord\/","title":{"rendered":"V5: Hei\u00df auf Eis \u2013 80\u00b0 Nord"},"content":{"rendered":"<h3>Segelabenteuer in Gr\u00f6nland, Island und Spitzbergen<\/h3>\n<p><em>Ein Lichtbildervortrag von Heide &amp; Erich Wilts<\/em><\/p>\n<p style=\"text-align: justify;\"><em><br \/>\n<a href=\"https:\/\/www.freydis.de\/bilder\/2011\/01\/heiss_auf_eis_original.jpg\" rel=\"lightbox\"><img decoding=\"async\" src=\"https:\/\/www.freydis.de\/bilder\/2011\/01\/heiss_auf_eis_original.jpg\" alt=\"\" width=\"640\" border=\"0\" \/><\/a><br \/>\nIn ihrem Vortrag \u201eHei\u00df auf Eis \u2013 80\u00b0 Nord\u201c zeigen die Wilts bisher noch nicht ver\u00f6ffentlichte Bilder aus ihren Reisen ins Nordpolarmeer nach Gr\u00f6nland und Spitzbergen. Grandiose, unber\u00fchrte Natur, Begegnungen mit wild lebenden Tieren und beeindruckenden Menschen, aber auch Bordleben unter extremen Bedingungen und schwierige Entscheidungen im Angesicht von St\u00fcrmen, Eis und K\u00e4lte sowie \u00c4ngste und Anstrengungen ihrer ungew\u00f6hnlichen Seereisen schildern die Wilts hautnah und einf\u00fchlsam.<\/em><\/p>\n<p>&nbsp;<\/p>\n<p><em>Dauer des Vortrags ca 2 Stunden.<\/em><\/p>\n<p><a href=\"https:\/\/www.freydis.de\/bilder\/2011\/02\/KursNordmeer_geschnitten.jpg\" rel=\"lightbox\"><img decoding=\"async\" src=\"https:\/\/www.freydis.de\/bilder\/2011\/02\/KursNordmeer_geschnitten.jpg\" alt=\"\" width=\"640\" border=\"0\" \/><\/a><\/p>\n<p style=\"text-align: justify;\"><big>A<\/big>rctic bitten \u2013 vom Polarbazillus befallen, nennt man die Menschen, bei denen eine \u201eunstillbare Sehnsucht Herz und Seele wie eine Magnetnadel auf die hohen Breitengrade ausrichtet\u201c (Heide Wilts in \u201eWo Berge segeln\u201c).<\/p>\n<p style=\"text-align: justify;\">Vom Polarbazillus erstmals befallen wurde Erich Wilts, als er als junger Student auf einer Clubyacht des Hamburgischen Vereins Seefahrt, der im letzten Jahr sein 100-j\u00e4hriges Jubil\u00e4um gefeiert hat, im Jahre 1964 rund Island segelte und dabei nicht nur Island mit seinen Gletschern, Geysiren und Vulkanen kennen lernte, sondern auch in der D\u00e4nemarkstra\u00dfe zwischen Island und Gr\u00f6nland seinen ersten Eisbergen begegnete.<\/p>\n<p style=\"text-align: justify;\">Die Erlebnisse und Erfahrungen dieser Reise lie\u00dfen ihn nie wieder los. Mit der ersten, selbstgebauten Freydis segelte er zusammen mit seiner Frau Heide in den siebziger Jahren auf eigenem Kiel noch einmal nach Island und ein paar Jahre sp\u00e4ter (1981\/82) drangen sie mit der zweiten Freydis, einem weiter entwickelten st\u00e4hlernen eisverst\u00e4rkten Expeditionsschiff, als erste deutsche Yachtsegler in die Antarktis. In den Jahren 1986, 87 und 88 unternahmen sie Jahr f\u00fcr Jahr Reisen nach Gr\u00f6nland, Island, Jan Mayen, Spitzbergen und der B\u00e4reninsel. Bedroht von Eis, Nebel und Sturm stie\u00dfen sie bis in den Scoresbysund Ostgr\u00f6nlands vor, was wenige Jahre zuvor der britische Bergsteiger und Segelpionier H.W. Tilman viermal vergeblich versucht und wobei er zwei Schiffe verloren hatte.<\/p>\n<p style=\"text-align: justify;\">Vor dem n\u00e4herr\u00fcckenden Packeis weichen die Segler nach Jan Mayen aus, der alten Walf\u00e4ngerinsel. Eine besonders harte Etappe wird die \u00dcberquerung des Nordmeers zum kalten Ende der Welt: Spitzbergen. Trotz des fr\u00fchen Wintereinbruchs st\u00f6\u00dft die FREYDIS bis 81\u00b0 Nord ans Packeis vor. Doch die FREYDIS vereist, auf seinem Tanzboden, der Barentssee, ist der Teufel los&#8230;So bleibt nur die R\u00fcckkehr nach Troms\u00f6 und ein Dakapo im n\u00e4chsten Jahr. Und dieser zweite Vorsto\u00df wird zum H\u00f6hepunkt ihrer Reisen ins Nordpolarmeer: Im Schein der Mitternachtssonne gelingt den Wilts die Umrundung Spitzbergens durch die gef\u00e4hrliche Hinlopenstra\u00dfe.<\/p>\n<p>Warum die Wilts alle diese M\u00fchen auf sich nehmen ? Heide gibt darauf Antwort :<\/p>\n<blockquote>\n<p style=\"text-align: justify;\">\u201eNur an den noch relativ wei\u00dfen Flecken unserer Erdkugel finden wir das, was wir wirklich suchen: ungeb\u00e4ndigte Natur, reiches Tierleben und eine in ihrer Urspr\u00fcnglichkeit belassene Landschaft. In der wilden Dramatik urweltlicher Eisberg-, Vulkan- und Gletscherszenerien d\u00fcrfen wir uns noch f\u00fchlen wie am Tage der Sch\u00f6pfung und wie in einer Welt vor dem S\u00fcndenfall. Wo sonst k\u00f6nnen sich Mensch und Tier noch in so paradiesischer Einheit begegnen?\u201c<\/p>\n<\/blockquote>\n<p><em><span style=\"color: #606060;\">Heide Wilts in \u201eWILDER STILLER OZEAN\u201c, Delius Klasing, Bielefeld 2003<\/span><\/em><\/p>\n<p><a href=\"https:\/\/www.freydis.de\/Vortraege\/V5_Heiss_auf_Eis_Presseinformation.pdf\">Presseinformationen (PDF)<\/a><\/p>\n","protected":false},"excerpt":{"rendered":"<p>Segelabenteuer in Gr\u00f6nland, Island und Spitzbergen Ein Lichtbildervortrag von Heide &amp; Erich Wilts In ihrem Vortrag \u201eHei\u00df auf Eis \u2013 80\u00b0 Nord\u201c zeigen die Wilts bisher noch nicht ver\u00f6ffentlichte Bilder aus ihren Reisen ins Nordpolarmeer nach Gr\u00f6nland und Spitzbergen. Grandiose, &hellip; <a href=\"https:\/\/www.freydis.de\/wordpress\/vortrage\/heiss-auf-eis-80-nord\/\">Weiterlesen <span class=\"meta-nav\">&rarr;<\/span><\/a><\/p>\n","protected":false},"author":3,"featured_media":0,"parent":320,"menu_order":5,"comment_status":"closed","ping_status":"closed","template":"","meta":{"footnotes":""},"class_list":["post-392","page","type-page","status-publish","hentry"],"jetpack_sharing_enabled":true,"_links":{"self":[{"href":"https:\/\/www.freydis.de\/wordpress\/wp-json\/wp\/v2\/pages\/392","targetHints":{"allow":["GET"]}}],"collection":[{"href":"https:\/\/www.freydis.de\/wordpress\/wp-json\/wp\/v2\/pages"}],"about":[{"href":"https:\/\/www.freydis.de\/wordpress\/wp-json\/wp\/v2\/types\/page"}],"author":[{"embeddable":true,"href":"https:\/\/www.freydis.de\/wordpress\/wp-json\/wp\/v2\/users\/3"}],"replies":[{"embeddable":true,"href":"https:\/\/www.freydis.de\/wordpress\/wp-json\/wp\/v2\/comments?post=392"}],"version-history":[{"count":15,"href":"https:\/\/www.freydis.de\/wordpress\/wp-json\/wp\/v2\/pages\/392\/revisions"}],"predecessor-version":[{"id":2476,"href":"https:\/\/www.freydis.de\/wordpress\/wp-json\/wp\/v2\/pages\/392\/revisions\/2476"}],"up":[{"embeddable":true,"href":"https:\/\/www.freydis.de\/wordpress\/wp-json\/wp\/v2\/pages\/320"}],"wp:attachment":[{"href":"https:\/\/www.freydis.de\/wordpress\/wp-json\/wp\/v2\/media?parent=392"}],"curies":[{"name":"wp","href":"https:\/\/api.w.org\/{rel}","templated":true}]}}