{"id":414,"date":"2011-01-18T01:24:10","date_gmt":"2011-01-18T00:24:10","guid":{"rendered":"https:\/\/www.freydis.de\/wordpress\/?page_id=414"},"modified":"2022-01-06T16:26:40","modified_gmt":"2022-01-06T15:26:40","slug":"segellaufbahn","status":"publish","type":"page","link":"https:\/\/www.freydis.de\/wordpress\/skipper\/segellaufbahn\/","title":{"rendered":"Seglerlaufbahn"},"content":{"rendered":"<h3>Segelt\u00f6rns und -reisen von Heide &amp; Erich<\/h3>\n<p><em>Stand 11. M\u00e4rz 2018; alle Angaben in den hinteren Spalten in \u00bbCirca Seemeilen\u00ab<\/em><\/p>\n<p><a href=\"https:\/\/www.freydis.de\/bilder\/2011\/02\/KursNordmeer_geschnitten.jpg\" rel=\"lightbox\"><img decoding=\"async\" src=\"https:\/\/www.freydis.de\/bilder\/2011\/02\/KursNordmeer_geschnitten.jpg\" alt=\"\" width=\"640\" border=\"0\"><\/a><\/p>\n<ul>\n<li><a href=\"https:\/\/www.freydis.de\/bilder\/2011\/01\/KursNordmeer_geschnitten.jpg\">Original zum Herunterladen<\/a><\/li>\n<\/ul>\n<h3><strong>Erich<\/strong><\/h3>\n<table border=\"1\" width=\"640\" cellspacing=\"5\" cellpadding=\"5\">\n<tbody>\n<tr>\n<td>1962<p><\/p>\n<p><\/p>\n<p>bis<\/p>\n<p>1969<\/p>\n<\/td>\n<td>\n<p>Als Crew auf der &#8222;Ortac&#8220; und &#8222;Hamburg VI&#8220; des HVS (Hamburgischer Verein Seefahrt) und auf der &#8222;Ylva&#8220; und &#8222;Anjaro&#8220; . In den Jahren 1963 \u2013 66 zahlreiche Regatten zur Nordseewoche, Kieler Woche und mehrfach Skagen Rund auf der &#8222;Ortac&#8220;, daf\u00fcr je 1 Urlaubssemester an der Uni Hamburg, 1963 + 1964 mit mehr als 100 Tagen pro Saison an Bord; &nbsp;1963 Azoren\/Lissabonreise auf der &#8222;Ylva&#8220; (Schlimbachpreis) 1963 &nbsp;Mittelnorwegen auf der &#8222;ORTAC&#8220; &nbsp; &nbsp; &nbsp; &nbsp; &nbsp; &nbsp; &nbsp; &nbsp; &nbsp; &nbsp; &nbsp; &nbsp; &nbsp; &nbsp; &nbsp; &nbsp; 1964 Rund Island auf der &#8222;ORTAC&#8220; (Tanja-Pokal der SKWB) 1965&nbsp;\u00c4rmelkanal, Admiral&#8217;s Cup und Fastnet Race<br>1966 Nordsee + engl. Ostk\u00fcste<br>1967 Unterbrechung, da Staatsexamen;<br>1968 Rundreise zu Ozeanwetterschiffen im Nordatlantik, 33 Tage Non-Stop (&#8222;Ylva&#8220;, Goldener Kompass)<br>1969 Transatlantik von Antigua nach Gibraltar (&#8222;Anjaro&#8220;, Goldene Plakette der KA<\/p>\n<\/td>\n<td>35.000<\/td>\n<\/tr>\n<\/tbody>\n<\/table>\n<h3><strong>Heide &amp; Erich<\/strong><\/h3>\n<table border=\"1\" width=\"640\" cellspacing=\"5\" cellpadding=\"10\">\n<tbody>\n<tr>\n<td>1970<p><\/p>\n<p><\/p>\n<p>bis<\/p>\n<p>1974<\/p>\n<\/td>\n<td>Jollensegeln mit dem eigenen Finn und der eigenen Windi auf dem ostfriesischen Wattenmeer und an der Costa Brava, diverse Norseet\u00f6rns als Mitsegler auf Eignerschiffen in der Nordsee + Westlichen Ostsee mit der &#8222;Jandia&#8220;<\/td>\n<td>9.000<\/td>\n<\/tr>\n<\/tbody>\n<\/table>\n<h3><strong>Die Reisen der FREYDIS I und II<\/strong><\/h3>\n<p><em>(bis heute haben alle Reisen mit der FREYDIS I + II in Leer\/Ostfriesland begonnen und geendet).<\/em><\/p>\n<table border=\"1\" width=\"640\" cellspacing=\"5\" cellpadding=\"5\">\n<tbody>\n<tr>\n<td>1975\/76<p><\/p>\n<p><\/p>\n<p>1976<\/p>\n<p>1977<\/p>\n<p>1978<\/p>\n<\/td>\n<td>Winterhalbjahr: Bau der 1. FREYDIS (Stahlknickspanter, Reinke Supersecura, L.\u00fc.a. 11,30 mtr)<br>Revier Deutsche Bucht, Jungfernreise mit der FREYDIS I nach Finnland und zur\u00fcck<br>Revier Deutsche Bucht, Sommerreise Nordsee, \u00c4rmelkanal, Isle d`Ouessant<br>Revier Deutsche Bucht, Sommerreise Nordatlantik, Island + Mittelnorwegen<\/td>\n<td>13.000<\/td>\n<\/tr>\n<tr>\n<td>1978\/79<\/td>\n<td>Bau der 2. FREYDIS (modifizierte Reinke Hydra, Stahlknickspanter mit aufholbarem Schwenkkiel, Kuttergetakelt, L.\u00fc.a. 14,36 mtr.)<\/td>\n<td>&nbsp;<\/td>\n<\/tr>\n<tr>\n<td>&nbsp;1979<\/td>\n<td>Revier Deutsche Bucht, Sommerreise Ostsee bis Finnland, rund Skagen<\/td>\n<td>5.000<\/td>\n<\/tr>\n<tr>\n<td>&nbsp;1980<\/td>\n<td>Revier Deutsche Bucht, Sommerreise \u00c4rmelkanal + Biskaya Rund<\/td>\n<td>5.000<\/td>\n<\/tr>\n<tr>\n<td>1981\/82<\/td>\n<td>Revier + 11 Monate Rund S\u00fcdamerika mit erstem Besuch der Antarktis<\/td>\n<td>25.000<\/td>\n<\/tr>\n<tr>\n<td>1983<\/td>\n<td>Revier und Rund England<\/td>\n<td>6.000<\/td>\n<\/tr>\n<tr>\n<td>1984<\/td>\n<td>Revier und \u00c4rmelkanal + Rund Biskaya<\/td>\n<td>6.000<\/td>\n<\/tr>\n<tr>\n<td colspan=\"2\">&nbsp;<\/td>\n<\/tr>\n<\/tbody>\n<\/table>\n<table style=\"width: 639px;\" border=\"1\" width=\"640\" cellspacing=\"5\" cellpadding=\"5\">\n<tbody>\n<tr>\n<td><strong>1985 bis 1989<\/strong><\/td>\n<td colspan=\"2\"><strong>Da wir beide voll berufst\u00e4tig sind, organisieren wir die Reisen in diesen 5 Jahren in Form einer Segelkameradschaft. Insgesamt werden 12 Skipper in die Unternehmungen mit einbezogen.<\/strong><\/td>\n<\/tr>\n<\/tbody>\n<\/table>\n<table style=\"height: 714px;\" border=\"1\" width=\"639\" cellspacing=\"5\" cellpadding=\"5\">\n<tbody>\n<tr>\n<td>&nbsp;1985 &#8211; 1989<\/td>\n<td>&nbsp;<\/td>\n<td>Heide &amp; Erich<\/td>\n<td>Freunde &amp; Familie<\/td>\n<td>Seemeilen gesamt<\/td>\n<\/tr>\n<tr>\n<td>1985<\/td>\n<td>Revier und Rund Gro\u00dfbritannien \u00fcber Vigo und St. Kilda<\/td>\n<td>4.500<\/td>\n<td>1.500<\/td>\n<td>6.000<\/td>\n<\/tr>\n<tr>\n<td>1986<\/td>\n<td>7 Monate: Azoren \u2013 Neufundland &#8211; SW-Gr\u00f6nland &#8211; Island \u2013 Ostgr\u00f6nland \u2013 Jan Mayen \u2013 Spitzbergen &#8211; Troms\u00f6 &#8211; Leer<\/td>\n<td>5.500<\/td>\n<td>5.500<\/td>\n<td>11.000<\/td>\n<\/tr>\n<tr>\n<td>1987<\/td>\n<td>4 Monate Rund Spitzbergen von Leer nach Leer<\/td>\n<td>4.000<\/td>\n<td>3.000<\/td>\n<td>7.000<\/td>\n<\/tr>\n<tr>\n<td>1987\/88<\/td>\n<td>12 Monate: Rund Nordatlantik, Nordpolarmeer<\/td>\n<td>3.500<\/td>\n<td>16.000<\/td>\n<td>19.500<\/td>\n<\/tr>\n<tr>\n<td>1988\/89<\/td>\n<td>12 Monate: Rund Afrika<\/td>\n<td>3.000<\/td>\n<td>22.000<\/td>\n<td>25.500<\/td>\n<\/tr>\n<tr>\n<td>1989\/90<\/td>\n<td>Winterhalbjahr: Vorbereitungst\u00f6rns f\u00fcr 1990\/91 in der Nordsee, Kanal + Biskaya<\/td>\n<td>3.000<\/td>\n<td>1.000<\/td>\n<td>4.000<\/td>\n<\/tr>\n<\/tbody>\n<\/table>\n<table border=\"1\" width=\"640\" cellspacing=\"5\" cellpadding=\"5\">\n<tbody>\n<tr>\n<td>1990<\/td>\n<td colspan=\"2\"><strong>Am 30. April beenden wir beide unsere b\u00fcrgerlichen Berufe. Start zu zwei Weltumsegelungen. Am 12. Mai 1990 in West-Ostrichtung rund Antarktis, und in Ost-Westrichtung auf der Passatroute.<\/strong><\/td>\n<\/tr>\n<tr>\n<td>1990<\/td>\n<td>Leer \u2013 S\u00fcdamerika \u2013 Feuerland \u2013 Patagonische Kan\u00e4le<\/td>\n<td>9.998<\/td>\n<\/tr>\n<tr>\n<td>1991<\/td>\n<td>Reisen in Feuerland und 9-monatige \u00dcberwinterung im Vulkankrater der Insel Deception, Strandung inklusive, R\u00fcckkehr zum Kap Hoorn Sylvester<\/td>\n<td>3.782<\/td>\n<\/tr>\n<tr>\n<td>1992<\/td>\n<td>8 Monate Reparatur in Puerto Williams, Beaglekanal, anschl. Probet\u00f6rns in Feuerland. Aufbruch zur Antarktisumrundung mit Besuch der an seiner Peripherie liegenden Inseln<\/td>\n<td>1.165<\/td>\n<\/tr>\n<tr>\n<td>1993<\/td>\n<td>Falklands \u2013 S\u00fcdgeorgien \u2013 S\u00fcdsandwich \u2013 S\u00fcdafrika \u2013 Komoren \u2013 Madagaskar &#8211; Iles Esparses (&#8222;Vergessene Inseln&#8220;)<\/td>\n<td>10.110<\/td>\n<\/tr>\n<tr>\n<td>1994<\/td>\n<td>S\u00fcdafrika \u2013 Prince Edwards \u2013 Crozet \u2013 Kerguelen \u2013 Heard I. &#8211; St.Paul \u2013 S\u00fcdaustralien &#8211; Tasmanien \u2013 Neuseeland<\/td>\n<td>10.760<\/td>\n<\/tr>\n<tr>\n<td>1995<\/td>\n<td>Neuseeland Nord- und S\u00fcdinsel &#8211; Stewart I. \u2013 Fjordland<\/td>\n<td>3.807<\/td>\n<\/tr>\n<tr>\n<td>1996<\/td>\n<td>Alle Subantarktischen Inseln von Neuseeland und Australien \u2013 Scott I. \u2013 Eingang Rossmeer &#8211; Chatham I. \u2013 White I. \u2013 Great Barrier I. \u2013 Bay of Isl. \u2013 Kermadecs &#8211; Beveridge \u2013 Cooks &#8211; Gesellschaftsinseln<\/td>\n<td>8.685<\/td>\n<\/tr>\n<tr>\n<td>1997<\/td>\n<td>Tuamotus \u2013 Gambier \u2013 Pitcairn \u2013 Henderson \u2013 Osterinsel \u2013 Sala y Gomez &#8211; Phantominsel Podesta \u2013 A. Selkirk \u2013 Robinson Crusoe &#8211; Valdivia \u2013 Patagon. Kan\u00e4le \u2013 Puerto Natales<\/td>\n<td>7.376<\/td>\n<\/tr>\n<tr>\n<td>1998<\/td>\n<td>Feuerland \u2013 Antarktische Halbinsel \u2013 Feuerland \u2013 Patagonische Kan\u00e4le \u2013 Robinson Crusoe &#8211; San Felix und Ambrosius \u2013 Marquesas<\/td>\n<td>9.481<\/td>\n<\/tr>\n<tr>\n<td>1999<\/td>\n<td>Gesellschaftsinseln &#8211; Cook Island \u2013 Niue \u2013 Tonga \u2013 Fidji \u2013 Neukaledonien \u2013 mit drei GEO-Teams durch Vanuatu, Salomonen, Papua-Neuguinea \u2013 anschliesslich Egum-Atoll \u2013 Louisiaden \u2013 Willis Islet &#8211; Townsville\/Australien<\/td>\n<td>8.672<\/td>\n<\/tr>\n<tr>\n<td>2000<\/td>\n<td>Great Barrier Reef\u2013 Thursday I. \u2013 Crab I. \u2013 Darwin<\/td>\n<td>1.719<\/td>\n<\/tr>\n<tr>\n<td>2001<\/td>\n<td>Kimberley Coast \u2013 Bali \u2013 Christmas \u2013 Cocos Keeling &#8211; Rodrigues \u2013 Cargado Caracho Shoals \u2013 Mauritius \u2013 Reunion \u2013 Madagaskar \u2013 S\u00fcdafrika \u2013 Kapstadt<\/td>\n<td>7.937<\/td>\n<\/tr>\n<tr>\n<td>2002<\/td>\n<td>Kapstadt \u2013 Namibia \u2013 St. Helena \u2013 Ascension \u2013 Brasilien \u2013 Fernando de Noronha &#8211; Kap Verden \u2013 Azoren \u2013 Scillys \u2013 Ouessant \u2013 Leer<\/td>\n<td>10.771<\/td>\n<\/tr>\n<tr>\n<td>&nbsp;<\/td>\n<td><strong>Zwei Weltumsegelungen 1990-2002<\/strong><\/td>\n<td><strong>94.263<\/strong><\/td>\n<\/tr>\n<tr>\n<td>2003<\/td>\n<td colspan=\"2\">Mitte 2002 bis Mitte 2004 General\u00fcberholung der FREYDIS<\/td>\n<\/tr>\n<\/tbody>\n<\/table>\n<h3><strong>Am 6. August 2004 Aufbruch zur 7. Weltreise<\/strong><\/h3>\n<p><em>Das erste Ziel: Die Erkundung des Nordpazifik:<\/em><\/p>\n<table style=\"height: 977px;\" border=\"1\" width=\"681\" cellspacing=\"5\" cellpadding=\"5\">\n<tbody>\n<tr>\n<td>2004<\/td>\n<td>Nordsee \u2013 \u00c4rmelkanal \u2013 Kanaren \u2013 Kap Verden<\/td>\n<td>3.468<\/td>\n<\/tr>\n<tr>\n<td>2005<\/td>\n<td>Atlantik \u2013 Karibik \u2013 Panama-Kanal \u2013 Mittelamerika \u2013 La Paz\/Kalifornische HI<\/td>\n<td>6.209<\/td>\n<\/tr>\n<tr>\n<td>2006<\/td>\n<td>Mexiko \u2013 Hawaii \u2013 Midway-Atoll \u2013 Aleuten \u2013 Alaska Halbinsel \u2013 Kodiak \u2013 Kenai-Halbinsel \u2013 Prince-William-Sound \u2013 Cordova<\/td>\n<td>8.190<\/td>\n<\/tr>\n<tr>\n<td>2007<\/td>\n<td>Prince-William-Sound \u2013 Kenai-HI \u2013 Kodiak \u2013 Alaska-HI \u2013 Die Inseln im Beringmeer \u2013 Beringstra\u00dfe \u2013 Kotzebue und zur\u00fcck nach King Cove\/Alaska Halbinsel<\/td>\n<td>3.623<\/td>\n<\/tr>\n<tr>\n<td>2008<\/td>\n<td>Alaska HI \u2013 Kodiak \u2013 Kenai HI \u2013 PWS \u2013 Kajak Insel \u2013 Icy Bay \u2013 Yakutat Bay \u2013 Lituya-Bay \u2013 Inside Passage \u2013 Strait of Georgia \u2013 Campbell River<\/td>\n<td>3.715<\/td>\n<\/tr>\n<tr>\n<td>2009<\/td>\n<td>Strait of Georgia \u2013 San Francisco \u2013 Channel Islands \u2013 San Diego<\/td>\n<td>1.799<\/td>\n<\/tr>\n<tr>\n<td>2010<\/td>\n<td>San Diego \u2013 Hawaii \u2013 Midway-Atoll \u2013 Minami Tori Shima \u2013 Chichi Shima \u2013 Ogasawara Island &#8211; Izu Shoto \u2013 Onahama\/Fukushima<\/td>\n<td>6.956<\/td>\n<\/tr>\n<tr>\n<td>2011<\/td>\n<td>Am 11. M\u00e4rz 2011 wird die <em>Freydis<\/em> durch den Tsunami aus der Iwaki-Sun Marina aufs Meer getragen und strandet wenig sp\u00e4ter an den Klippen in der N\u00e4he von Onahama. Bergungsversuche scheitern, au\u00dferdem wird sie durch das besch\u00e4digte Kernkraftwerk Fukushima Daiichi verstrahlt.<\/td>\n<td>&nbsp;<\/td>\n<\/tr>\n<tr>\n<td>&nbsp;<\/td>\n<td>\n<p><strong>Die 7. Weltreise wird im achten Jahr abrupt durch den Verlust der Freydis als Folge des Jahrhundert-Tsunami und der Verstrahlung durch die benachbarten AKWs in Japan unterbrochen.<\/strong><\/p>\n<p><strong> 2004 bis 2011<\/strong><strong>&nbsp; &nbsp; &nbsp; &nbsp; &nbsp; &nbsp; &nbsp; &nbsp; &nbsp; &nbsp; &nbsp; &nbsp; &nbsp; &nbsp; &nbsp; &nbsp; &nbsp; &nbsp; &nbsp; &nbsp; &nbsp; &nbsp; &nbsp; &nbsp; &nbsp; &nbsp; &nbsp; &nbsp; &nbsp; &nbsp; &nbsp; &nbsp; &nbsp; &nbsp; &nbsp; &nbsp; &nbsp; &nbsp; &nbsp;&nbsp;<\/strong><\/p>\n<\/td>\n<td>\n<p><strong>33.960<\/strong><\/p>\n<\/td>\n<\/tr>\n<tr>\n<td>2011\/2012<\/td>\n<td>Vom August 2011 bis April 2012 Ausbau eines Alu-Kaskos vom Typ Reinke 16M ICE zur&nbsp;<em>Freydis III<\/em> auf der Werft <em>Yachtbau Matzerath<\/em> in D\u00fcren.<\/td>\n<td>&nbsp;<\/td>\n<\/tr>\n<\/tbody>\n<\/table>\n<h3><strong>Die Reisen der Freydis III<\/strong><\/h3>\n<h3><strong>Am 14. Juli 2012 Fortsetzung der 7. Weltreise mit der neuen <em>Freydis III<\/em><\/strong><\/h3>\n<p><em>Ziel bleibt die Erkundung des Nordpazifik, wir wollen als erstes wieder nach Japan und von dort die urspr\u00fcnglich geplante zweite Reise zu den Aleuten und in den Golf von Alaska fortsetzen:<\/em><\/p>\n<table style=\"height: 659px;\" border=\"1\" width=\"712\" cellspacing=\"5\" cellpadding=\"5\">\n<tbody>\n<tr>\n<td>2012<\/td>\n<td>Taufe der <em>Freydis III<\/em> am 20. April an Erichs 70. Geburtstag durch Heide und die Japanerin Momoe Kanai.<\/td>\n<td>&nbsp;<\/td>\n<\/tr>\n<tr>\n<td>&nbsp;<\/td>\n<td>Probeschl\u00e4ge Deutsche Buch<\/td>\n<td>~400<\/td>\n<\/tr>\n<tr>\n<td>&nbsp;<\/td>\n<td>Transatlantik: Leer \u2013 Kanaren \u2013 Kapverden \u2013 Grenada \u2013 Panama<\/td>\n<td>7.004<\/td>\n<\/tr>\n<tr>\n<td>2013<\/td>\n<td>S\u00fcdpazifik: Panama \u2013 Kokos Insel \u2013 Galapagos \u2013 Marquesas \u2013 Gesellschaftsinseln \u2013 Cook Inseln \u2013 Niue \u2013 Tonga \u2013 Fidschi \u2013 Neukaledonien \u2013 Queensland \u2013 Bunderberg\/Australien<\/td>\n<td>9.671<\/td>\n<\/tr>\n<tr>\n<td>2014<\/td>\n<td>Trans\u00e4quator: Bunderberg \u2013 Papua Neuguinea \u2013 Mikronesien \u2013 Guam \u2013 Okinawa \u2013 Nagasaki<\/td>\n<td>5.385<\/td>\n<\/tr>\n<tr>\n<td>2015<\/td>\n<td>Nagasaki \u2013 Japanisches Meer \u2013 Hokkaido \u2013 Aleuten Kette \u2013 Golf von Alaska \u2013 Kodiak<\/td>\n<td>4.277<\/td>\n<\/tr>\n<tr>\n<td>2016<\/td>\n<td>Golf von Alaska: Kodiak \u2013 Katmai \u2013 Kenai \u2013 Prince William Sound \u2013 Kodiak<\/td>\n<td>1.754<\/td>\n<\/tr>\n<tr>\n<td>2017<\/td>\n<td>Nordwestpassage: Kodiak \u2013 Alaska Halbinsel \u2013 Beringmeer \u2013 Tschuktschen See \u2013 Beaufort See \u2013 Cambridge Bay \u2013 Simpson Strait &#8211; Larsen Sound &#8211; Bellot Stra\u00dfe \u2013 Fort Ross \u2013 Pond Inlet \u2013 Disko Bay \u2013 Aasiaat<\/td>\n<td>5.281<\/td>\n<\/tr>\n<tr>\n<td>2018<\/td>\n<td>Rund Gr\u00f6nland vom Polarkreis West zum Polarkreis Ost: Disko Bay \u2013 Kap Farvel \u2013 Polarkreis \u2013 Isafj\u00f6rdur\/Island<\/td>\n<td>2.564<\/td>\n<\/tr>\n<tr>\n<td>2019<\/td>\n<td>Finale der 7. Weltreise von Island \u00fcber St. Kilda \u2013 Hebriden \u2013 Irische See \u2013 \u00c4rmelkanal nach Leer<\/td>\n<td>2.606&nbsp;<\/td>\n<\/tr>\n<\/tbody>\n<\/table>\n<p><b>7. Weltreise insgesamt:<\/b><\/p>\n<table style=\"height: 85px;\" border=\"1\" width=\"717\" cellspacing=\"5\" cellpadding=\"5\">\n<tbody>\n<tr>\n<td>mit Freydis II 2004-2011<\/td>\n<td style=\"text-align: right;\">33.960<\/td>\n<\/tr>\n<tr>\n<td>Unterbrechung durch Verlust in Fukushima und Neubau der Freydis III<\/td>\n<td style=\"text-align: right;\">&nbsp;<\/td>\n<\/tr>\n<tr>\n<td>Fortsetzung mit Freydis III 2012-2019<\/td>\n<td style=\"text-align: right;\">38.942<\/td>\n<\/tr>\n<tr>\n<td style=\"text-align: right;\"><strong>7. Weltreise Insgesamt<\/strong><\/td>\n<td style=\"text-align: right;\"><strong>72.902<\/strong><\/td>\n<\/tr>\n<\/tbody>\n<\/table>\n<p><b>Nach General\u00fcberholung der Freydis III von Januar bis Juni 2020 in Leer\/Ostfriesland<\/b><\/p>\n<p><b>Start zur 8. Weltreise am 5. Juli 2020<\/b><\/p>\n<table style=\"height: 85px;\" border=\"1\" width=\"717\" cellspacing=\"5\" cellpadding=\"5\">\n<tbody>\n<tr>\n<td>2020<\/td>\n<td>Rund Nordatlantik Teil 1 von Leer \u00fcber St. Malo \u2013 Kanalinseln \u2013&nbsp;Scillys &#8211; Ile d\u00b4 Ouessant \u2013&nbsp;Galicien \u2013 Lissabon \u2013 Madeira \u2013 Ilhas Selvagens \u2013 Tazacorte\/La Palma<\/td>\n<td style=\"text-align: right;\">2.861<\/td>\n<\/tr>\n<tr>\n<td>2021<\/td>\n<td>Rund Nordatlantik Teil 2 von La Palma \u2013 Horta \u2013 S\u00fcdwestgr\u00f6nland \u2013 Island \u2013 Ostgr\u00f6nland \u2013 Island<\/td>\n<td style=\"text-align: right;\">5.462<\/td>\n<\/tr>\n<tr>\n<td>2022 (geplant)<\/td>\n<td>Rund Nordatlantik Teil 3 von Island\/Isafj\u00f6rdur \u2013 Gr\u00f6nland\/Scoresbysund \u2013 Island \u2013 F\u00e4r\u00f6er \u2013 Fair Isle \u2013 Kaledonienkanal \u2013 Oban<\/td>\n<td style=\"text-align: right;\">&nbsp;<\/td>\n<\/tr>\n<\/tbody>\n<\/table>\n<p><strong>Zusammenfassung<\/strong><\/p>\n<table style=\"height: 230px;\" border=\"1\" width=\"144\" cellspacing=\"5\" cellpadding=\"5\">\n<tbody>\n<tr>\n<td>1962 &#8211; 1975<\/td>\n<td>&nbsp;<\/td>\n<td style=\"text-align: right;\"><strong>ca. 44.000<\/strong><\/td>\n<\/tr>\n<tr>\n<td>1976 &#8211; 1978<\/td>\n<td>Freydis I<\/td>\n<td style=\"text-align: right;\"><strong>ca. 13.000<\/strong><\/td>\n<\/tr>\n<tr>\n<td>1979 &#8211; 2011<\/td>\n<td>Freydis II<\/td>\n<td style=\"text-align: right;\"><strong>ca. 248.000<\/strong><\/td>\n<\/tr>\n<tr>\n<td>2012 &#8211; 2019<\/td>\n<td>Freydis III<\/td>\n<td style=\"text-align: right;\"><strong>ca. 38.942<\/strong><\/td>\n<\/tr>\n<tr>\n<td>2020 &#8211; 2022<\/td>\n<td>8. Weltreise<\/td>\n<td style=\"text-align: right;\"><strong>ca. 8.323<\/strong><\/td>\n<\/tr>\n<tr>\n<td>&nbsp;<\/td>\n<td><strong>Gesamt:<\/strong><\/td>\n<td style=\"text-align: right;\"><strong>ca. 352.265<\/strong><\/td>\n<\/tr>\n<\/tbody>\n<\/table>\n\n\n<p><\/p>\n","protected":false},"excerpt":{"rendered":"<p>Segelt\u00f6rns und -reisen von Heide &amp; Erich Stand 11. M\u00e4rz 2018; alle Angaben in den hinteren Spalten in \u00bbCirca Seemeilen\u00ab Original zum Herunterladen Erich 1962 bis 1969 Als Crew auf der &#8222;Ortac&#8220; und &#8222;Hamburg VI&#8220; des HVS (Hamburgischer Verein Seefahrt) &hellip; <a href=\"https:\/\/www.freydis.de\/wordpress\/skipper\/segellaufbahn\/\">Weiterlesen <span class=\"meta-nav\">&rarr;<\/span><\/a><\/p>\n","protected":false},"author":3,"featured_media":0,"parent":147,"menu_order":0,"comment_status":"closed","ping_status":"open","template":"","meta":{"footnotes":""},"class_list":["post-414","page","type-page","status-publish","hentry"],"jetpack_sharing_enabled":true,"_links":{"self":[{"href":"https:\/\/www.freydis.de\/wordpress\/wp-json\/wp\/v2\/pages\/414","targetHints":{"allow":["GET"]}}],"collection":[{"href":"https:\/\/www.freydis.de\/wordpress\/wp-json\/wp\/v2\/pages"}],"about":[{"href":"https:\/\/www.freydis.de\/wordpress\/wp-json\/wp\/v2\/types\/page"}],"author":[{"embeddable":true,"href":"https:\/\/www.freydis.de\/wordpress\/wp-json\/wp\/v2\/users\/3"}],"replies":[{"embeddable":true,"href":"https:\/\/www.freydis.de\/wordpress\/wp-json\/wp\/v2\/comments?post=414"}],"version-history":[{"count":46,"href":"https:\/\/www.freydis.de\/wordpress\/wp-json\/wp\/v2\/pages\/414\/revisions"}],"predecessor-version":[{"id":7301,"href":"https:\/\/www.freydis.de\/wordpress\/wp-json\/wp\/v2\/pages\/414\/revisions\/7301"}],"up":[{"embeddable":true,"href":"https:\/\/www.freydis.de\/wordpress\/wp-json\/wp\/v2\/pages\/147"}],"wp:attachment":[{"href":"https:\/\/www.freydis.de\/wordpress\/wp-json\/wp\/v2\/media?parent=414"}],"curies":[{"name":"wp","href":"https:\/\/api.w.org\/{rel}","templated":true}]}}