{"id":4144,"date":"2017-03-27T21:15:00","date_gmt":"2017-03-27T20:15:00","guid":{"rendered":"https:\/\/www.freydis.de\/wordpress\/?page_id=4144"},"modified":"2017-03-30T18:17:15","modified_gmt":"2017-03-30T17:17:15","slug":"bildbaende","status":"publish","type":"page","link":"https:\/\/www.freydis.de\/wordpress\/buecher\/bildbaende\/","title":{"rendered":"Text-Bildb\u00e4nde von Heide und Erich Wilts"},"content":{"rendered":"<p>Die Bildb\u00e4nde liegen als gedruckte Ausgaben vor und k\u00f6nnen direkt bei Heide und Erich Wilts bestellt werden.<\/p>\n<blockquote><p>Die Bilder von Erich erschienen u.a. in GEO, Stern, Life, Times, Le Figaro sowie Terres Sauvages, sie wurden in Italiens renommiertester Fotogalerie ausgestellt und mit dem internationalen Fotopreis &#8222;Marian Skubin\/No Limits Award&#8220; ausgezeichnet.<\/p><\/blockquote>\n<div class=\"su-spoiler su-spoiler-style-default su-spoiler-icon-chevron su-spoiler-closed\" data-scroll-offset=\"0\" data-anchor-in-url=\"no\"><div class=\"su-spoiler-title\" tabindex=\"0\" role=\"button\"><span class=\"su-spoiler-icon\"><\/span>Direkt zu einem Bildband<\/div><div class=\"su-spoiler-content su-u-clearfix su-u-trim\">\n<ol>\n<li><a href=\"#inseln\">Inseln voller Magie<\/a><\/li>\n<li><a href=\"#segelabenteuer\">Segelabenteuer im S\u00fcdpazifik<\/a><\/li>\n<li><a href=\"#segelziele\">Segelziele voller Wunder<\/a><\/li>\n<li><a href=\"#sternstunden\">Sternstunden auf allen Ozeanen<\/a><\/li>\n<\/ol>\n<\/div><\/div>\n<div class=\"su-spacer\" style=\"height:20px\"><\/div>\n<h2 id=\"inseln\">Inseln voller Magie &#8211; Segeln zwischen S\u00fcdsee und Antarktis<\/h2>\n<p><img loading=\"lazy\" decoding=\"async\" class=\"alignright wp-image-4339\" src=\"https:\/\/www.freydis.de\/wordpress\/wp-content\/uploads\/2017\/03\/Cover_Inseln_voller_Magie.jpg\" alt=\"Cover Bildband: Inseln voller Magie\" width=\"290\" height=\"408\" srcset=\"https:\/\/www.freydis.de\/wordpress\/wp-content\/uploads\/2017\/03\/Cover_Inseln_voller_Magie.jpg 299w, https:\/\/www.freydis.de\/wordpress\/wp-content\/uploads\/2017\/03\/Cover_Inseln_voller_Magie-213x300.jpg 213w\" sizes=\"auto, (max-width: 290px) 100vw, 290px\" \/>Heide &amp; Erich Wilts \/\/ Erstausgabe: 2002, Delius Klasing<\/p>\n<p>Polynesien, Patagonien, Feuerland, Kap Hoorn und die letzte Antarktisreise der <em>Freydis<\/em>.<\/p>\n<p>In ihrem neuen Bildband &#8222;Inseln voller Magie&#8220; dokumentiert das Seglerpaar den letzten Abschnitt der Reise ihres Lebens. Nach dem Erlebnish\u00f6hepunkt Rossmeer durchqueren Wilts noch einmal die S\u00fcdsee, ihr tropisches Lieblingsrevier, um dann durch die gro\u00dfartige Einsamkeit der patagonischen Kan\u00e4le an der chilenischen K\u00fcste nach S\u00fcden zu laufen, bis sie schlie\u00dflich \u2013 nach einigen abenteuerlichen und manchmal auch gef\u00e4hrlichen Ausfl\u00fcgen in fast unerschlossene Gefilde \u2013 Deception erreichen, die antarktische Vulkaninsel, wo sich der Kreis ihrer Antarktisumrundung schlie\u00dft.<\/p>\n<p>Das gro\u00dfe Finale dieser Reise hat Erich Wilts in brillanten Fotografien festgehalten. Die Tr\u00e4ume der S\u00fcdsee, die stille Gro\u00dfartigkeit der patagonischen Fjorde, dramatische Sturmtage und das bewegende Wiedersehen mit dem Ort, der sieben Jahre zuvor fast ihr Schicksal besiegelt h\u00e4tte, erlebt der Leser, kommentiert durch die sehr pers\u00f6nlichen Texte von Heide Wilts, hautnah mit.<\/p>\n<p>Der beeindruckende Bildband &#8222;Inseln voller Magie&#8220; \u00fcber die letzte Etappe ihres Lebensabenteuers erscheint im Delius Klasing Verlag unmittelbar nach dem Heide und Erich Wilts mit ihrer Yacht <em>Freydis<\/em> \u00a0nach Cuxhaven, ihrem Heimatort, zur\u00fcckgekehrt sind.<\/p>\n<p>Preis: 28,00<\/p>\n<div class=\"su-button-center\"><a href=\"#kaufen\" class=\"su-button su-button-style-default su-button-wide\" style=\"color:#111;background-color:#febd69;border-color:#cc9854;border-radius:5px\" target=\"_self\" title=\"Bildband kaufen\"><span style=\"color:#111;padding:7px 20px;font-size:16px;line-height:24px;border-color:#ffd196;border-radius:5px;text-shadow:none\"><i class=\"sui sui-book\" style=\"font-size:16px;color:#111\"><\/i> Zum Bestellformular<\/span><\/a><\/div>\n<div class=\"su-spacer\" style=\"height:70px\"><\/div>\n<h2 id=\"segelabenteuer\">Segelabenteuer im S\u00fcdpazifik &#8211; Mit <em>Freydis<\/em> rund Neuseeland und ins Rossemeer<\/h2>\n<p><img loading=\"lazy\" decoding=\"async\" class=\"alignright wp-image-4340\" src=\"https:\/\/www.freydis.de\/wordpress\/wp-content\/uploads\/2017\/03\/Cover_Segelabenteuer.jpg\" alt=\"Cover Bildband: Segelabenteuer im S\u00fcdpazifik\" width=\"290\" height=\"411\" srcset=\"https:\/\/www.freydis.de\/wordpress\/wp-content\/uploads\/2017\/03\/Cover_Segelabenteuer.jpg 300w, https:\/\/www.freydis.de\/wordpress\/wp-content\/uploads\/2017\/03\/Cover_Segelabenteuer-212x300.jpg 212w\" sizes=\"auto, (max-width: 290px) 100vw, 290px\" \/>Heide &amp; Erich Wilts \/\/ Erstausgabe: 1999, Delius Klasing<\/p>\n<p>Nord- und S\u00fcdinsel von Neuseeland, seine subantarktischen Inseln und die Reise zum Rossmeer.<\/p>\n<p>Ihre j\u00fcngste Reise f\u00fchrte die Wilts rund Neuseeland und in den entlegensten, geheimnisvollsten Teil der Antarktis \u2013 ins Rossmeer. Dieser pr\u00e4chtige Bildband dokumentiert das zweij\u00e4hrige Abenteuer. Meisterhafte Farbbilder entf\u00fchren den Betrachter zu aktiven Vulkanen und zu Inseln, die noch nie zuvor von einer Segelyacht angelaufen wurden. Die Sch\u00f6nheit der Natur fesselt den Betrachter: hautnahe Begegnungen mit Robben, Delphinen, Pinguinen, Walen und Albatrossen, aber auch dramatische Szenen in Sturm und Eis. Die pers\u00f6nlichen Kommentare lassen Wagemut und Entdeckerfreude der Autoren hautnah miterleben.<\/p>\n<p>Preis: 28,00<\/p>\n<div class=\"su-button-center\"><a href=\"#kaufen\" class=\"su-button su-button-style-default su-button-wide\" style=\"color:#111;background-color:#febd69;border-color:#cc9854;border-radius:5px\" target=\"_self\" title=\"Bildband kaufen\"><span style=\"color:#111;padding:7px 20px;font-size:16px;line-height:24px;border-color:#ffd196;border-radius:5px;text-shadow:none\"><i class=\"sui sui-book\" style=\"font-size:16px;color:#111\"><\/i> Zum Bestellformular<\/span><\/a><\/div>\n<div class=\"su-spacer\" style=\"height:70px\"><\/div>\n<h2 id=\"segelziele\">Segelziele voller Wunder &#8211; Mit der <em>Freydis<\/em> zu den einsamsten Inseln der Welt<\/h2>\n<p><img loading=\"lazy\" decoding=\"async\" class=\"alignright wp-image-4341\" src=\"https:\/\/www.freydis.de\/wordpress\/wp-content\/uploads\/2017\/03\/Cover_Segelziele.jpg\" alt=\"Cover Bildband: Segelziele voller Wunder\" width=\"290\" height=\"410\" srcset=\"https:\/\/www.freydis.de\/wordpress\/wp-content\/uploads\/2017\/03\/Cover_Segelziele.jpg 299w, https:\/\/www.freydis.de\/wordpress\/wp-content\/uploads\/2017\/03\/Cover_Segelziele-212x300.jpg 212w\" sizes=\"auto, (max-width: 290px) 100vw, 290px\" \/>Heide &amp; Erich Wilts \/\/ Erstausgabe: 1997, Delius Klasing<\/p>\n<p>Inseln und Archipele im S\u00fcdatlantischen und S\u00fcdindischen Ozean.<\/p>\n<p>Segelziele voller Wunder dokumentiert als Bildband den drei Jahre dauernden Abschnitt der inzwischen siebenj\u00e4hrigen Reise rund um die Antarktis, vom ber\u00fchmt ber\u00fcchtigten Kap Hoorn \u00fcber Tasmanien bis nach Neuseeland. Tropen-Eilande zwischen Afrika und Madagaskar geh\u00f6ren ebenso dazu, wie Inseln im s\u00fcdlichen Eismeer, so Heard und die feuerspeienden Vulkane der S\u00fcdsandwichs, S\u00fcdgeorgien, Tristan da Cunah, die Prince Edwards, Crozets oder die Kerguelen. Eigenart und Reiz exotischer Ziele und wildlebender Tiere wie Robben, Delphine, Pinguine Albatrosse und andere, aber auch ein gro\u00dfartiges Segelerlebnis hat Erich Wilts in au\u00dfergew\u00f6hnlichen Bildern festgehalten. Ausdrucksstarke, einf\u00fchlsame Texte von Heide Wilts lassen den Leser an dem Zauber und an den Gefahren der extremen Breitengrade teilhaben.<\/p>\n<p>Preis: 28,00<\/p>\n<div class=\"su-button-center\"><a href=\"#kaufen\" class=\"su-button su-button-style-default su-button-wide\" style=\"color:#111;background-color:#febd69;border-color:#cc9854;border-radius:5px\" target=\"_self\" title=\"Bildband kaufen\"><span style=\"color:#111;padding:7px 20px;font-size:16px;line-height:24px;border-color:#ffd196;border-radius:5px;text-shadow:none\"><i class=\"sui sui-book\" style=\"font-size:16px;color:#111\"><\/i> Zum Bestellformular<\/span><\/a><\/div>\n<div class=\"su-spacer\" style=\"height:70px\"><\/div>\n<h2 id=\"sternstunden\">Sternstunden auf allen Ozeanen<\/h2>\n<p><img loading=\"lazy\" decoding=\"async\" class=\"alignright wp-image-4327\" src=\"https:\/\/www.freydis.de\/wordpress\/wp-content\/uploads\/2017\/03\/Cover_Sternstunden.jpg\" alt=\"Cover Bildband: Sternstunden auf allen Ozeanen\" width=\"290\" height=\"401\" srcset=\"https:\/\/www.freydis.de\/wordpress\/wp-content\/uploads\/2017\/03\/Cover_Sternstunden.jpg 297w, https:\/\/www.freydis.de\/wordpress\/wp-content\/uploads\/2017\/03\/Cover_Sternstunden-217x300.jpg 217w\" sizes=\"auto, (max-width: 290px) 100vw, 290px\" \/>Heide &amp; Erich Wilts \/\/ Erstausgabe: 1994, Delius Klasing<\/p>\n<p>Reisen ins Nord- und S\u00fcdpolarmeer, Tropen des Atlantischen und Indischen Ozeans, Feuerland, \u00dcberwinterung und Strandung im Kratersee von Deception Island am Rande der Antarktischen Halbinsel.<\/p>\n<p>Das bekannte deutsche Seglerpaar zeigt herrliche Fotos aus aller Welt: Die Arktis und ihre Tierwelt, gesch\u00fctzte Inselparadiese im Indischen und Atlantischen Ozean, die bizarre Landschaft der Antarktis. Der Betrachter erlebt die Umrundung Kap Hoorns, perfekte Segeltage, dramatische St\u00fcrme, lebensgef\u00e4hrliche Momente auf See. F\u00fcr ihre einzigartigen Aufnahmen erhielten Heide und Erich Wilts den internationalen Fotopreis &#8222;Marian Skubin \/ No Limits Award&#8220;. Ihre Bilder sind in der renomiertesten Fotogalerie Italiens ausgestellt.<\/p>\n<p>Preis: 40,00 \u20ac<\/p>\n<div class=\"su-button-center\"><a href=\"#kaufen\" class=\"su-button su-button-style-default su-button-wide\" style=\"color:#111;background-color:#febd69;border-color:#cc9854;border-radius:5px\" target=\"_self\" title=\"Bildband kaufen\"><span style=\"color:#111;padding:7px 20px;font-size:16px;line-height:24px;border-color:#ffd196;border-radius:5px;text-shadow:none\"><i class=\"sui sui-book\" style=\"font-size:16px;color:#111\"><\/i> Zum Bestellformular<\/span><\/a><\/div>\n<p>Dieser Band liegt auch in franz\u00f6sischer \u00dcbersetzung vor &#8211; &#8222;Les Naufrag\u00e9s des Glaces&#8220;: <a href=\"https:\/\/www.freydis.de\/wordpress\/wp-content\/uploads\/2017\/03\/Les-Naufrages-des-glaces.pdf\" class=\"su-button su-button-style-default\" style=\"color:#fff;background-color:#ef332d;border-color:#c02924;border-radius:5px\" target=\"_self\" title=\"Les Naufrag\u00e9s des Glaces\"><span style=\"color:#fff;padding:7px 20px;font-size:16px;line-height:24px;border-color:#f4716c;border-radius:5px;text-shadow:none\"><i class=\"sui sui-book\" style=\"font-size:16px;color:#fff\"><\/i> Vorwort [PDF 0,25\u00a0MB]<\/span><\/a>\n<div class=\"su-spacer\" style=\"height:70px\"><\/div>\n<h2 id=\"kaufen\">Text-Bildb\u00e4nde und Buchserie kaufen<\/h2>\n<p>Die Text-Bildb\u00e4nde k\u00f6nnen in direkt bei Heide und Erich Wilts bestellt werden. Bitte benutzten Sie dazu das unten stehende Bestellformular.<\/p>\n<p>Informationen zur Buchserie und Bestellung der E-Books: <a href=\"https:\/\/www.freydis.de\/wordpress\/buecher\/\" class=\"su-button su-button-style-default\" style=\"color:#fff;background-color:#ef332d;border-color:#c02924;border-radius:5px\" target=\"_self\" title=\"Buchserie von Heide Wilts\"><span style=\"color:#fff;padding:7px 20px;font-size:16px;line-height:24px;border-color:#f4716c;border-radius:5px;text-shadow:none\"><i class=\"sui sui-book\" style=\"font-size:16px;color:#fff\"><\/i> Buchserie<\/span><\/a>\n<p><img loading=\"lazy\" decoding=\"async\" class=\"alignleft wp-image-3882 size-full\" src=\"https:\/\/www.freydis.de\/wordpress\/wp-content\/uploads\/2017\/03\/freydis-bord-stempel.png\" alt=\"\" width=\"117\" height=\"122\" \/><\/p>\n<p>Alle B\u00fccher mit Bordstempel und handsigniert, auf Wunsch auch mit Widmung (bitte spezifizieren).<\/p>\n<p>Sie erhalten \u00fcber uns alle B\u00fccher, auch die im Handel vergriffenen.<\/p>\n<p>Versand: 3,00 \u20ac (ab 2 B\u00fcchern: kostenfrei)<\/p>\n\n<div class=\"wpcf7 no-js\" id=\"wpcf7-f3942-o1\" lang=\"de-DE\" dir=\"ltr\" data-wpcf7-id=\"3942\">\n<div class=\"screen-reader-response\"><p role=\"status\" aria-live=\"polite\" aria-atomic=\"true\"><\/p> <ul><\/ul><\/div>\n<form action=\"\/wordpress\/wp-json\/wp\/v2\/pages\/4144#wpcf7-f3942-o1\" method=\"post\" class=\"wpcf7-form init\" aria-label=\"Kontaktformular\" novalidate=\"novalidate\" data-status=\"init\">\n<fieldset class=\"hidden-fields-container\"><input type=\"hidden\" name=\"_wpcf7\" value=\"3942\" \/><input type=\"hidden\" name=\"_wpcf7_version\" value=\"6.1.5\" \/><input type=\"hidden\" name=\"_wpcf7_locale\" value=\"de_DE\" \/><input type=\"hidden\" name=\"_wpcf7_unit_tag\" value=\"wpcf7-f3942-o1\" \/><input type=\"hidden\" name=\"_wpcf7_container_post\" value=\"0\" \/><input type=\"hidden\" name=\"_wpcf7_posted_data_hash\" value=\"\" \/>\n<\/fieldset>\n<p><br \/>\nW\u00e4hlen Sie ein oder mehrere B\u00fccher:<br \/>\n<label for=\"freydis-book\">Buch<\/label><span class=\"wpcf7-form-control-wrap\" data-name=\"freydis-book\"><select class=\"wpcf7-form-control wpcf7-select wpcf7-validates-as-required\" id=\"freydis-book\" aria-required=\"true\" aria-invalid=\"false\" multiple=\"multiple\" name=\"freydis-book[]\"><option value=\"Im Sturm - Segeln im Extremwetter, Band I+II (29,80 \u20ac)\">Im Sturm - Segeln im Extremwetter, Band I+II (29,80 \u20ac)<\/option><option value=\"Band 11: Eskapade \u2013 Von Japan durch die Nordwestpassage (24,80 \u20ac)\">Band 11: Eskapade \u2013 Von Japan durch die Nordwestpassage (24,80 \u20ac)<\/option><option value=\"Band 10: K. O. \u2013 und nochmal gepackt! (24,80 \u20ac)\">Band 10: K. O. \u2013 und nochmal gepackt! (24,80 \u20ac)<\/option><option value=\"Band 9: Alaska \u2013 Japan (24,80 \u20ac)\">Band 9: Alaska \u2013 Japan (24,80 \u20ac)<\/option><option value=\"Band 8: Von Australien nach Europa (Vorbestellung)\">Band 8: Von Australien nach Europa (Vorbestellung)<\/option><option value=\"Band 7: Inseln jenseits der Zeit (15,00 \u20ac)\">Band 7: Inseln jenseits der Zeit (15,00 \u20ac)<\/option><option value=\"Band 6: Wilder Stiller Ozean (24,80 \u20ac)\">Band 6: Wilder Stiller Ozean (24,80 \u20ac)<\/option><option value=\"Band 5: Segeln ans Ende der Welt (24,80 \u20ac)\">Band 5: Segeln ans Ende der Welt (24,80 \u20ac)<\/option><option value=\"Band 4: Auf der Route der Albatrosse (24,80 \u20ac)\">Band 4: Auf der Route der Albatrosse (24,80 \u20ac)<\/option><option value=\"Band 3: Gestrandet in der wei\u00dfen H\u00f6lle (15,00 \u20ac)\">Band 3: Gestrandet in der wei\u00dfen H\u00f6lle (15,00 \u20ac)<\/option><option value=\"Band 2: Wo Berge segeln (24,80 \u20ac)\">Band 2: Wo Berge segeln (24,80 \u20ac)<\/option><option value=\"Band 1: Weit im Norden liegt Kap Hoorn (24,80 \u20ac)\">Band 1: Weit im Norden liegt Kap Hoorn (24,80 \u20ac)<\/option><option value=\"Text-Bildband: Sternstunden auf allen Ozeanen (40,00 \u20ac)\">Text-Bildband: Sternstunden auf allen Ozeanen (40,00 \u20ac)<\/option><option value=\"Text-Bildband: Segelziele voller Wunder (28,00 \u20ac)\">Text-Bildband: Segelziele voller Wunder (28,00 \u20ac)<\/option><option value=\"Text-Bildband: Segelabenteuer im S\u00fcdpazifik (28,00 \u20ac)\">Text-Bildband: Segelabenteuer im S\u00fcdpazifik (28,00 \u20ac)<\/option><option value=\"Text-Bildband: Inseln voller Magie (28,00 \u20ac)\">Text-Bildband: Inseln voller Magie (28,00 \u20ac)<\/option><\/select><\/span>\n<\/p>\n<p class=\"freydis-half\"><br \/>\n<label for=\"freydis-name\">Vor- und Nachname<\/label><span class=\"wpcf7-form-control-wrap\" data-name=\"freydis-name\"><input size=\"40\" maxlength=\"400\" class=\"wpcf7-form-control wpcf7-text wpcf7-validates-as-required\" id=\"freydis-name\" aria-required=\"true\" aria-invalid=\"false\" placeholder=\"Vor- und Nachname\" value=\"\" type=\"text\" name=\"freydis-name\" \/><\/span>\n<\/p>\n<p class=\"freydis-half\"><br \/>\n<label for=\"freydis-street\">Stra\u00dfe \/ Nr.<\/label><span class=\"wpcf7-form-control-wrap\" data-name=\"freydis-street\"><input size=\"40\" maxlength=\"400\" class=\"wpcf7-form-control wpcf7-text wpcf7-validates-as-required\" id=\"freydis-street\" aria-required=\"true\" aria-invalid=\"false\" placeholder=\"Stra\u00dfe \/ Nr.\" value=\"\" type=\"text\" name=\"freydis-street\" \/><\/span>\n<\/p>\n<p class=\"freydis-half\"><br \/>\n<label for=\"freydis-plz\">PLZ<\/label><span class=\"wpcf7-form-control-wrap\" data-name=\"freydis-plz\"><input size=\"40\" maxlength=\"400\" class=\"wpcf7-form-control wpcf7-text wpcf7-validates-as-required\" id=\"freydis-plz\" aria-required=\"true\" aria-invalid=\"false\" placeholder=\"PLZ\" value=\"\" type=\"text\" name=\"freydis-plz\" \/><\/span>\n<\/p>\n<p class=\"freydis-half\"><br \/>\n<label for=\"freydis-city\">Ort<\/label><span class=\"wpcf7-form-control-wrap\" data-name=\"freydis-city\"><input size=\"40\" maxlength=\"400\" class=\"wpcf7-form-control wpcf7-text wpcf7-validates-as-required\" id=\"freydis-city\" aria-required=\"true\" aria-invalid=\"false\" placeholder=\"Ort\" value=\"\" type=\"text\" name=\"freydis-city\" \/><\/span>\n<\/p>\n<p class=\"freydis-half\"><br \/>\n<label for=\"freydis-email\">E-Mail<\/label><span class=\"wpcf7-form-control-wrap\" data-name=\"freydis-email\"><input size=\"40\" maxlength=\"400\" class=\"wpcf7-form-control wpcf7-email wpcf7-validates-as-required wpcf7-text wpcf7-validates-as-email\" id=\"freydis-email\" aria-required=\"true\" aria-invalid=\"false\" placeholder=\"E-Mail (f\u00fcr die Bestellbest\u00e4tigung)\" value=\"\" type=\"email\" name=\"freydis-email\" \/><\/span>\n<\/p>\n<p class=\"freydis-half\"><br \/>\n<label for=\"freydis-telephone\">Telefon<\/label><span class=\"wpcf7-form-control-wrap\" data-name=\"freydis-telephone\"><input size=\"40\" maxlength=\"400\" class=\"wpcf7-form-control wpcf7-tel wpcf7-text wpcf7-validates-as-tel\" id=\"freydis-telephone\" aria-invalid=\"false\" placeholder=\"Telefon (optional, f\u00fcr R\u00fcckfragen)\" value=\"\" type=\"tel\" name=\"freydis-telephone\" \/><\/span>\n<\/p>\n<p class=\"freydis-full\"><br \/>\nAngaben zu Widmungen, Anzahl pro Band, sonstige Bemerkungen, etc. (optional):<br \/>\n<label for=\"freydis-message\">Bemerkungen<\/label><span class=\"wpcf7-form-control-wrap\" data-name=\"freydis-message\"><textarea cols=\"40\" rows=\"5\" maxlength=\"2000\" class=\"wpcf7-form-control wpcf7-textarea\" id=\"freydis-message\" aria-invalid=\"false\" placeholder=\"z.B.: Band 3: 2x, in einem Exemplar folgende Widmung: ...\" name=\"freydis-message\"><\/textarea><\/span><br \/>\nAlle Buchbestellungen sind versandkostenfrei!\n<\/p>\n<p class=\"freydis-auto-width freydis-center\"><br \/>\n<input class=\"wpcf7-form-control wpcf7-submit has-spinner freydis-submit\" id=\"freydis-submit\" type=\"submit\" value=\"Kostenpflichtig bestellen\" \/>\n<\/p><div class=\"wpcf7-response-output\" aria-hidden=\"true\"><\/div>\n<\/form>\n<\/div>\n\n","protected":false},"excerpt":{"rendered":"<p>Die Bildb\u00e4nde liegen als gedruckte Ausgaben vor und k\u00f6nnen direkt bei Heide und Erich Wilts bestellt werden. Die Bilder von Erich erschienen u.a. in GEO, Stern, Life, Times, Le Figaro sowie Terres Sauvages, sie wurden in Italiens renommiertester Fotogalerie ausgestellt &hellip; <a href=\"https:\/\/www.freydis.de\/wordpress\/buecher\/bildbaende\/\">Weiterlesen <span class=\"meta-nav\">&rarr;<\/span><\/a><\/p>\n","protected":false},"author":5,"featured_media":0,"parent":3708,"menu_order":200,"comment_status":"closed","ping_status":"closed","template":"","meta":{"footnotes":""},"class_list":["post-4144","page","type-page","status-publish","hentry"],"jetpack_sharing_enabled":true,"_links":{"self":[{"href":"https:\/\/www.freydis.de\/wordpress\/wp-json\/wp\/v2\/pages\/4144","targetHints":{"allow":["GET"]}}],"collection":[{"href":"https:\/\/www.freydis.de\/wordpress\/wp-json\/wp\/v2\/pages"}],"about":[{"href":"https:\/\/www.freydis.de\/wordpress\/wp-json\/wp\/v2\/types\/page"}],"author":[{"embeddable":true,"href":"https:\/\/www.freydis.de\/wordpress\/wp-json\/wp\/v2\/users\/5"}],"replies":[{"embeddable":true,"href":"https:\/\/www.freydis.de\/wordpress\/wp-json\/wp\/v2\/comments?post=4144"}],"version-history":[{"count":25,"href":"https:\/\/www.freydis.de\/wordpress\/wp-json\/wp\/v2\/pages\/4144\/revisions"}],"predecessor-version":[{"id":4351,"href":"https:\/\/www.freydis.de\/wordpress\/wp-json\/wp\/v2\/pages\/4144\/revisions\/4351"}],"up":[{"embeddable":true,"href":"https:\/\/www.freydis.de\/wordpress\/wp-json\/wp\/v2\/pages\/3708"}],"wp:attachment":[{"href":"https:\/\/www.freydis.de\/wordpress\/wp-json\/wp\/v2\/media?parent=4144"}],"curies":[{"name":"wp","href":"https:\/\/api.w.org\/{rel}","templated":true}]}}