{"id":4603,"date":"2017-10-16T20:28:03","date_gmt":"2017-10-16T19:28:03","guid":{"rendered":"https:\/\/www.freydis.de\/wordpress\/?page_id=4603"},"modified":"2018-11-15T11:58:21","modified_gmt":"2018-11-15T10:58:21","slug":"toernplan-2018","status":"publish","type":"page","link":"https:\/\/www.freydis.de\/wordpress\/toernplaene\/toernplan-2018\/","title":{"rendered":"T\u00f6rnplan 2018"},"content":{"rendered":"<p><a href=\"https:\/\/www.freydis.de\/wordpress\/wp-content\/uploads\/2017\/10\/Toernplan-2018-Groenland-web.png\"><img loading=\"lazy\" decoding=\"async\" class=\"aligncenter wp-image-4623 size-full\" src=\"https:\/\/www.freydis.de\/wordpress\/wp-content\/uploads\/2017\/10\/Toernplan-2018-Groenland-web.png\" alt=\"Toernplan 2018 Gr\u00f6nland\" width=\"900\" height=\"148\" srcset=\"https:\/\/www.freydis.de\/wordpress\/wp-content\/uploads\/2017\/10\/Toernplan-2018-Groenland-web.png 900w, https:\/\/www.freydis.de\/wordpress\/wp-content\/uploads\/2017\/10\/Toernplan-2018-Groenland-web-300x49.png 300w, https:\/\/www.freydis.de\/wordpress\/wp-content\/uploads\/2017\/10\/Toernplan-2018-Groenland-web-768x126.png 768w\" sizes=\"auto, (max-width: 900px) 100vw, 900px\" \/><\/a><\/p>\n[<a href=\"https:\/\/www.freydis.de\/wordpress\/wp-content\/uploads\/2017\/10\/Toernplan2018.pdf\">Diesen T\u00f6rnplan als PDF-Dokument<\/a>]\n<p>&nbsp;<\/p>\n<h2>Gr\u00f6nland <em>SPEZIAL<\/em><\/h2>\n<div class=\"su-note\"  style=\"border-color:#0e57ab;border-radius:3px;-moz-border-radius:3px;-webkit-border-radius:3px;\"><div class=\"su-note-inner su-u-clearfix su-u-trim\" style=\"background-color:#2871c5;border-color:#f4ffff;color:#eee;border-radius:3px;-moz-border-radius:3px;-webkit-border-radius:3px;\">Stand 1. November 2017 &#8211; \u00c4nderungen vorbehalten<\/div><\/div>\n<p><strong>T\u00f6rn I: Rund um die Disko-Insel<\/strong><br \/>\n<strong> Starthafen: Aasiaat und Zielhafen Ilulissat (Jakobshavn)<\/strong><br \/>\n2 1\/2 Wochen von Dienstag, 12. bis Donnerstag, 28. Juni 2018, ca. 500 sm<\/p>\n<p>Pause in Ilulissat 5 Tage vom 29. Juni bis 3. Juli<\/p>\n<p><strong>T\u00f6rn II: Gr\u00f6nl\u00e4ndische K\u00fcste I: Ilulissat\u00a0\u2013 Polarkreis \u2013 Nuuk<\/strong><br \/>\n2 1\/2 Wochen von Mittwoch, 4. bis Freitag 20. Juli 2018, ca. 500 sm<\/p>\n<p>Pause in Nuuk 3 Tage vom 21. bis 23. Juli<\/p>\n<p><strong>T\u00f6rn III: Gr\u00f6nl\u00e4ndische K\u00fcste II: Nuuk \u2013 Quaqortoq (Julianehab)<\/strong><br \/>\n2 Wochen von Dienstag, 24. Juli bis Montag, 6. August 2018, ca. 300 sm<\/p>\n<p>Pause in Julianehab 4 Tage von Dienstag, 7. bis Freitag, 10. August<\/p>\n<p><strong>T\u00f6rn IV: Julianehab \u2013\u00a0Prins Christian Sund \u2013 Isortoq\/Ammasalik an der Ostk\u00fcste Gr\u00f6nlands \u2013 Zielhafen: Reykjavik (Island)<\/strong><br \/>\n3 Wochen von Samstag,11. bis Freitag 31. August 2018, ca. 900 sm<\/p>\n<p>&nbsp;<\/p>\n<p><strong>F\u00fcr alle T\u00f6rns gilt<\/strong>: Einchecken an Bord am Tag <strong>vor<\/strong> T\u00f6rnbeginn, m\u00f6glichst bis 16:00 Uhr zum Kaffee. Nach dem Einchecken folgen Einweisung und T\u00f6rnbesprechung. Auschecken am letzten Tag des T\u00f6rns.<\/p>\n<p>Wie immer werden wir vor den T\u00f6rns <strong>Crewtreffen<\/strong> bei uns in Heidelberg arrangieren!!<\/p>\n<a href=\"https:\/\/www.freydis.de\/wordpress\/crew\/toerns-kommentare-und-kritiken\/\" class=\"su-button su-button-style-default su-button-wide\" style=\"color:#FFFFFF;background-color:#ef332d;border-color:#c02924;border-radius:5px\" target=\"_self\"><span style=\"color:#FFFFFF;padding:6px 18px;font-size:14px;line-height:21px;border-color:#f4716c;border-radius:5px;text-shadow:none\"><i class=\"sui sui-thumbs-up\" style=\"font-size:14px;color:#FFFFFF\"><\/i> T\u00f6rn-Kritiken aus den Vorjahren<\/span><\/a>\n<p>&nbsp;<\/p>\n<p><strong>Erl\u00e4uterungen zum T\u00f6rnplan 2018<\/strong><\/p>\n<p>Vor 30 Jahren waren wir mit unserer alten Freydis das erste Mal in Gr\u00f6nland.In den Jahren 1986 und 1988 segelten wir an der West-, S\u00fcd- und Ostk\u00fcste zwischen Nuuk im Westen sowie Scoresbysund und Jan Mayen im Osten.<\/p>\n<p>Damals war Gr\u00f6nland f\u00fcr Segler noch terra incognita. In ihrem zweiten Buch &#8222;Wo Berge segeln&#8220; schrieb Heide \u00fcber Land und Leute und \u00fcber unsere Abenteuer. Das Buch hat Heide \u00fcbrigens vor zwei Jahren v\u00f6llig \u00fcberarbeitet und erg\u00e4nzt.<\/p>\n<p>Schon damals wollten wir zur Disko-Bucht, kamen aber wegen eines Maschinenschadens nicht \u00fcber die Hauptstadt Nuuk hinaus, denn als der Schaden behoben war, war unsere Urlaubszeit um. (Wir waren damals noch beruflich voll engagiert).<\/p>\n<p>In unserer Erinnerung z\u00e4hlt die K\u00fcste mit ihren Fjorden, Gletschern und Eisbergen zu den faszinierendsten Revieren, die wir je besucht haben.<\/p>\n<p>Als wir nun im August dieses Jahres nach der Durchquerung der Nordwestpassage in der Disko Bucht ankamen, wurden wir nach der strapazi\u00f6sen Reise mit einem grandiosen Eisspektakel belohnt. Nicht von ungef\u00e4hr bezeichnet man den Eisfjord, der zum Weltkulturerbe der UNESCO z\u00e4hlt, als achtes Weltwunder. Wir beschlossen spontan, nicht gleich nach S\u00fcden zu segeln, sondern noch ein weiteres Jahr (2018) in diesem Revier zu bleiben. Die Freydis \u00fcberwintert jetzt in Aasiaat, am Eingang zur Disko Bay.<\/p>\n<p>In 2018 werden wir um die Disko Insel und an der K\u00fcste von Gr\u00f6nland entlang um seine S\u00fcdspitze segeln &#8211; &#8222;binnen und buten&#8220; &#8211; denn wir haben fast immer die Wahl, au\u00dfen lang zu gehen oder innen in den Sch\u00e4renfahrwassern zu bleiben. So sind wir auch weniger abh\u00e4ngig von Wind und Wetter.<\/p>\n<p>Das Wunder Eisfjord erleben wir auf T\u00f6rn I und II, wobei wir auf T\u00f6rn I noch die n\u00f6rdlich gelegenen Sunde mit ihren Gletschern und die Disko Insel aufsuchen und auf T\u00f6rn II die K\u00fcste bis nach Nuuk (Godhab) erkunden.<\/p>\n<p>T\u00f6rn IV ist sehr anspruchsvoll: Im ersten Teil bleiben wir in den Fjorden und Sunden S\u00fcdgr\u00f6nlands, baden in der einzigen hei\u00dfen Quelle Gr\u00f6nlands auf der Insel Unartoq und durchqueren den Prins Christian Sund, damals wie heute ein Highlight mit seinen Gletschern, Fjorden, Gebirgsz\u00fcgen und kleinen Siedlungen. Der zweite Teil dieses T\u00f6rns f\u00fchrt vom Ausgang des Prins Christian Sundes 600 Meilen \u00fcber die Irminger See nach Reykjavik auf Island \u2013 ein echter Hochseet\u00f6rn. Wenn m\u00f6glich, d.h. wenn g\u00fcnstige Wind- und Eisverh\u00e4ltnisse dies zulassen, machen wir einen Umweg \u00fcber Ammasalik (Tasiilaq) an der Ostk\u00fcste Gr\u00f6nlands.<\/p>\n<p>In den Wetter- und Eisangelegenheiten werden wir auf allen vier Abschnitten wieder von &#8222;Wetterwelt&#8220; in Kiel \u00fcber Satphone beraten.<\/p>\n<p><strong>T\u00f6rngeb\u00fchren<\/strong><\/p>\n<p><strong>T\u00f6rn I + II je 2 1\/2 Wochen \u20ac 2.490,- p. T\u00f6rn<\/strong><\/p>\n<p><strong>T\u00f6rn III 2 Wochen \u20ac 1.990,-<\/strong><\/p>\n<p><strong>T\u00f6rn IV 3 Wochen \u20ac 2.990,-<\/strong><\/p>\n<p><strong>Bordkasse:<\/strong><\/p>\n<p>Die <strong>anteilige Bordkasse<\/strong> beinhaltet Verpflegung und Getr\u00e4nke an Bord sowie andere laufende Kosten, die nur diesen T\u00f6rnabschnitt betreffen, wie Treibstoff, Gas und Heizung, Hafen- und Liegegeb\u00fchren, Seekarten und Handb\u00fccher des Reviers, Wetterberatung \u00fcber Satellitentelefon, nicht jedoch Eintrittsgeb\u00fchren in Nationalparks und \u00e4hnliche Einrichtungen. Ausw\u00e4rtige Essen zahlt jeder f\u00fcr sich, das gilt auch f\u00fcr das Skipperpaar.<\/p>\n<p>Wir setzen bei 7-8 k\u00f6pfiger Crew (einschl. Skipper) pauschal 55,- Euro pro Tag und Teilnehmer an.<\/p>\n<p>Bez\u00fcglich der Flugpreise haben wir uns sehr genau informiert: Sie sind \u00fcberraschend g\u00fcnstig f\u00fcr diese Reisen ans Ende der Welt. ATLASREISEN Deck 11 in Bemerhaven und Cuxhaven hat f\u00fcr die vier T\u00f6rns Fl\u00fcge und Preise recherchiert. Lasst Euch Angebote geben von Deck 11, Am L\u00e4ngengrad 12, 27568 Bremerhaven. Es betreuen uns seit vielen Jahren Herr Bernd Sekula, Frau Maria Sanchez und Frau Gesa Z\u00f6llmann. Mail: bsekula@deck11.de oder info@deck11.de. Telefon 04721- 6982623 oder 0471-94189999. Der T\u00f6rnplan liegt ihnen vor.<\/p>\n","protected":false},"excerpt":{"rendered":"<p>[Diesen T\u00f6rnplan als PDF-Dokument] &nbsp; Gr\u00f6nland SPEZIAL T\u00f6rn I: Rund um die Disko-Insel Starthafen: Aasiaat und Zielhafen Ilulissat (Jakobshavn) 2 1\/2 Wochen von Dienstag, 12. bis Donnerstag, 28. Juni 2018, ca. 500 sm Pause in Ilulissat 5 Tage vom 29. &hellip; <a href=\"https:\/\/www.freydis.de\/wordpress\/toernplaene\/toernplan-2018\/\">Weiterlesen <span class=\"meta-nav\">&rarr;<\/span><\/a><\/p>\n","protected":false},"author":5,"featured_media":0,"parent":953,"menu_order":98,"comment_status":"closed","ping_status":"closed","template":"","meta":{"footnotes":""},"class_list":["post-4603","page","type-page","status-publish","hentry"],"jetpack_sharing_enabled":true,"_links":{"self":[{"href":"https:\/\/www.freydis.de\/wordpress\/wp-json\/wp\/v2\/pages\/4603","targetHints":{"allow":["GET"]}}],"collection":[{"href":"https:\/\/www.freydis.de\/wordpress\/wp-json\/wp\/v2\/pages"}],"about":[{"href":"https:\/\/www.freydis.de\/wordpress\/wp-json\/wp\/v2\/types\/page"}],"author":[{"embeddable":true,"href":"https:\/\/www.freydis.de\/wordpress\/wp-json\/wp\/v2\/users\/5"}],"replies":[{"embeddable":true,"href":"https:\/\/www.freydis.de\/wordpress\/wp-json\/wp\/v2\/comments?post=4603"}],"version-history":[{"count":22,"href":"https:\/\/www.freydis.de\/wordpress\/wp-json\/wp\/v2\/pages\/4603\/revisions"}],"predecessor-version":[{"id":4890,"href":"https:\/\/www.freydis.de\/wordpress\/wp-json\/wp\/v2\/pages\/4603\/revisions\/4890"}],"up":[{"embeddable":true,"href":"https:\/\/www.freydis.de\/wordpress\/wp-json\/wp\/v2\/pages\/953"}],"wp:attachment":[{"href":"https:\/\/www.freydis.de\/wordpress\/wp-json\/wp\/v2\/media?parent=4603"}],"curies":[{"name":"wp","href":"https:\/\/api.w.org\/{rel}","templated":true}]}}