{"id":465,"date":"2011-01-18T20:06:11","date_gmt":"2011-01-18T19:06:11","guid":{"rendered":"https:\/\/www.freydis.de\/wordpress\/?page_id=465"},"modified":"2017-03-30T18:18:17","modified_gmt":"2017-03-30T17:18:17","slug":"toernplan-2011","status":"publish","type":"page","link":"https:\/\/www.freydis.de\/wordpress\/toernplaene\/toernplan-2011\/","title":{"rendered":"T\u00f6rnplan 2011"},"content":{"rendered":"<h3>ACHTUNG!<\/h3>\n<p><i>Dieser T\u00f6rnplan ist aufgrund der Ereignisse am 11. M\u00e4rz 2011 in Japan nicht mehr g\u00fcltig. Er steht hier nur aus historischen Gr\u00fcnden weiterhin zur Verf\u00fcgung.<\/i><\/p>\n<h3>2011: Japan \u2013 Aleuten<\/h3>\n<ul>\n<li>Plan 2011: <a href=\"https:\/\/www.freydis.de\/wordpress\/?p=115\">Beschreibung<\/a> || <a href=\"https:\/\/www.freydis.de\/bilder\/2010\/11\/Toernplan 2011.pdf\">PDF zum Herunterladen<\/a><\/li>\n<\/ul>\n<p><a href=\"https:\/\/www.freydis.de\/bilder\/2010\/11\/Toernplan Route 2011.jpg\" rel=\"lightbox\"><img decoding=\"async\" src=\"https:\/\/www.freydis.de\/bilder\/2010\/11\/Toernplan Route 2011.jpg\" alt=\"\" width=\"450\" border=\"0\" \/><\/a><\/p>\n<p><center><i><span style=\"color: #606060;\">T\u00f6rn Japan \u2013 Aleuten<\/span><\/i><\/center><a href=\"https:\/\/www.freydis.de\/bilder\/2010\/11\/Japan-schnitt.jpg\" rel=\"lightbox\"><img decoding=\"async\" src=\"https:\/\/www.freydis.de\/bilder\/2010\/11\/Japan-schnitt.jpg\" alt=\"\" width=\"450\" border=\"0\" \/><\/a><\/p>\n<p><center><i><span style=\"color: #606060;\">Der Weg bis Japan<\/span><\/i><\/center><\/p>\n","protected":false},"excerpt":{"rendered":"<p>ACHTUNG! Dieser T\u00f6rnplan ist aufgrund der Ereignisse am 11. M\u00e4rz 2011 in Japan nicht mehr g\u00fcltig. Er steht hier nur aus historischen Gr\u00fcnden weiterhin zur Verf\u00fcgung. 2011: Japan \u2013 Aleuten Plan 2011: Beschreibung || PDF zum Herunterladen T\u00f6rn Japan \u2013 &hellip; <a href=\"https:\/\/www.freydis.de\/wordpress\/toernplaene\/toernplan-2011\/\">Weiterlesen <span class=\"meta-nav\">&rarr;<\/span><\/a><\/p>\n","protected":false},"author":3,"featured_media":0,"parent":953,"menu_order":105,"comment_status":"closed","ping_status":"closed","template":"","meta":{"footnotes":""},"class_list":["post-465","page","type-page","status-publish","hentry"],"jetpack_sharing_enabled":true,"_links":{"self":[{"href":"https:\/\/www.freydis.de\/wordpress\/wp-json\/wp\/v2\/pages\/465","targetHints":{"allow":["GET"]}}],"collection":[{"href":"https:\/\/www.freydis.de\/wordpress\/wp-json\/wp\/v2\/pages"}],"about":[{"href":"https:\/\/www.freydis.de\/wordpress\/wp-json\/wp\/v2\/types\/page"}],"author":[{"embeddable":true,"href":"https:\/\/www.freydis.de\/wordpress\/wp-json\/wp\/v2\/users\/3"}],"replies":[{"embeddable":true,"href":"https:\/\/www.freydis.de\/wordpress\/wp-json\/wp\/v2\/comments?post=465"}],"version-history":[{"count":6,"href":"https:\/\/www.freydis.de\/wordpress\/wp-json\/wp\/v2\/pages\/465\/revisions"}],"predecessor-version":[{"id":2682,"href":"https:\/\/www.freydis.de\/wordpress\/wp-json\/wp\/v2\/pages\/465\/revisions\/2682"}],"up":[{"embeddable":true,"href":"https:\/\/www.freydis.de\/wordpress\/wp-json\/wp\/v2\/pages\/953"}],"wp:attachment":[{"href":"https:\/\/www.freydis.de\/wordpress\/wp-json\/wp\/v2\/media?parent=465"}],"curies":[{"name":"wp","href":"https:\/\/api.w.org\/{rel}","templated":true}]}}