{"id":493,"date":"2011-01-19T11:55:08","date_gmt":"2011-01-19T10:55:08","guid":{"rendered":"https:\/\/www.freydis.de\/wordpress\/?page_id=493"},"modified":"2017-03-30T18:18:03","modified_gmt":"2017-03-30T17:18:03","slug":"strandung-in-der-antarktis","status":"publish","type":"page","link":"https:\/\/www.freydis.de\/wordpress\/bildergalerie\/strandung-in-der-antarktis\/","title":{"rendered":"Strandung in der Antarktis"},"content":{"rendered":"<h2>Wir segeln vom Kap Hoorn in die Antarktis<\/h2>\n<div id='gallery-1' class='gallery galleryid-493 gallery-columns-3 gallery-size-thumbnail'><dl class='gallery-item'>\n\t\t\t<dt class='gallery-icon portrait'>\n\t\t\t\t<a href='https:\/\/www.freydis.de\/wordpress\/wp-content\/uploads\/2011\/01\/Strandung-05.jpg'><img loading=\"lazy\" decoding=\"async\" width=\"150\" height=\"150\" src=\"https:\/\/www.freydis.de\/wordpress\/wp-content\/uploads\/2011\/01\/Strandung-05-150x150.jpg\" class=\"attachment-thumbnail size-thumbnail\" alt=\"\" \/><\/a>\n\t\t\t<\/dt><\/dl><dl class='gallery-item'>\n\t\t\t<dt class='gallery-icon portrait'>\n\t\t\t\t<a href='https:\/\/www.freydis.de\/wordpress\/wp-content\/uploads\/2011\/01\/Strandung-06.jpg'><img loading=\"lazy\" decoding=\"async\" width=\"150\" height=\"150\" src=\"https:\/\/www.freydis.de\/wordpress\/wp-content\/uploads\/2011\/01\/Strandung-06-150x150.jpg\" class=\"attachment-thumbnail size-thumbnail\" alt=\"\" \/><\/a>\n\t\t\t<\/dt><\/dl><dl class='gallery-item'>\n\t\t\t<dt class='gallery-icon landscape'>\n\t\t\t\t<a href='https:\/\/www.freydis.de\/wordpress\/wp-content\/uploads\/2011\/01\/Strandung-E10.jpg'><img loading=\"lazy\" decoding=\"async\" width=\"150\" height=\"150\" src=\"https:\/\/www.freydis.de\/wordpress\/wp-content\/uploads\/2011\/01\/Strandung-E10-150x150.jpg\" class=\"attachment-thumbnail size-thumbnail\" alt=\"\" \/><\/a>\n\t\t\t<\/dt><\/dl><br style=\"clear: both\" \/><dl class='gallery-item'>\n\t\t\t<dt class='gallery-icon landscape'>\n\t\t\t\t<a href='https:\/\/www.freydis.de\/wordpress\/wp-content\/uploads\/2011\/01\/Strandung-E13.jpg'><img loading=\"lazy\" decoding=\"async\" width=\"150\" height=\"150\" src=\"https:\/\/www.freydis.de\/wordpress\/wp-content\/uploads\/2011\/01\/Strandung-E13-150x150.jpg\" class=\"attachment-thumbnail size-thumbnail\" alt=\"\" \/><\/a>\n\t\t\t<\/dt><\/dl><dl class='gallery-item'>\n\t\t\t<dt class='gallery-icon landscape'>\n\t\t\t\t<a href='https:\/\/www.freydis.de\/wordpress\/wp-content\/uploads\/2011\/01\/Strandung-E21.jpg'><img loading=\"lazy\" decoding=\"async\" width=\"150\" height=\"150\" src=\"https:\/\/www.freydis.de\/wordpress\/wp-content\/uploads\/2011\/01\/Strandung-E21-150x150.jpg\" class=\"attachment-thumbnail size-thumbnail\" alt=\"\" \/><\/a>\n\t\t\t<\/dt><\/dl>\n\t\t\t<br style='clear: both' \/>\n\t\t<\/div>\n\n<h2>Der Winter r\u00fcckt n\u00e4her<\/h2>\n<div id='gallery-2' class='gallery galleryid-493 gallery-columns-3 gallery-size-thumbnail'><dl class='gallery-item'>\n\t\t\t<dt class='gallery-icon landscape'>\n\t\t\t\t<a href='https:\/\/www.freydis.de\/wordpress\/wp-content\/uploads\/2011\/01\/Strandung-10.jpg'><img loading=\"lazy\" decoding=\"async\" width=\"150\" height=\"150\" src=\"https:\/\/www.freydis.de\/wordpress\/wp-content\/uploads\/2011\/01\/Strandung-10-150x150.jpg\" class=\"attachment-thumbnail size-thumbnail\" alt=\"\" \/><\/a>\n\t\t\t<\/dt><\/dl><dl class='gallery-item'>\n\t\t\t<dt class='gallery-icon portrait'>\n\t\t\t\t<a href='https:\/\/www.freydis.de\/wordpress\/wp-content\/uploads\/2011\/01\/Strandung-17.jpg'><img loading=\"lazy\" decoding=\"async\" width=\"150\" height=\"150\" src=\"https:\/\/www.freydis.de\/wordpress\/wp-content\/uploads\/2011\/01\/Strandung-17-150x150.jpg\" class=\"attachment-thumbnail size-thumbnail\" alt=\"\" \/><\/a>\n\t\t\t<\/dt><\/dl><dl class='gallery-item'>\n\t\t\t<dt class='gallery-icon portrait'>\n\t\t\t\t<a href='https:\/\/www.freydis.de\/wordpress\/wp-content\/uploads\/2011\/01\/Strandung-15.jpg'><img loading=\"lazy\" decoding=\"async\" width=\"150\" height=\"150\" src=\"https:\/\/www.freydis.de\/wordpress\/wp-content\/uploads\/2011\/01\/Strandung-15-150x150.jpg\" class=\"attachment-thumbnail size-thumbnail\" alt=\"\" \/><\/a>\n\t\t\t<\/dt><\/dl><br style=\"clear: both\" \/><dl class='gallery-item'>\n\t\t\t<dt class='gallery-icon landscape'>\n\t\t\t\t<a href='https:\/\/www.freydis.de\/wordpress\/wp-content\/uploads\/2011\/01\/Strandung-13.jpg'><img loading=\"lazy\" decoding=\"async\" width=\"150\" height=\"150\" src=\"https:\/\/www.freydis.de\/wordpress\/wp-content\/uploads\/2011\/01\/Strandung-13-150x150.jpg\" class=\"attachment-thumbnail size-thumbnail\" alt=\"\" \/><\/a>\n\t\t\t<\/dt><\/dl>\n\t\t\t<br style='clear: both' \/>\n\t\t<\/div>\n\n<p>&nbsp;<\/p>\n<p><!--embed src=\"http:\/\/picasaweb.google.com\/s\/c\/bin\/slideshow.swf\" type=\"application\/x-shockwave-flash\" width=\"640\" height=\"512\"><\/embed--><\/p>\n<ul>\n<li><a href=\"https:\/\/www.freydis.de\/wordpress\/?page_id=501\">Wir segeln vom Kap Hoorn in die Antarktis<\/a>, um im Kratersee der Vulkaninsel Deception zu \u00fcberwintern<\/li>\n<li><a href=\"https:\/\/www.freydis.de\/wordpress\/?page_id=510\">Der Winter r\u00fcckt n\u00e4her<\/a><\/li>\n<li><a href=\"https:\/\/www.freydis.de\/wordpress\/?page_id=513\">Der Tag vor dem schwarzen Freitag<\/a>, dem Tag unserer Strandung: Ein friedlicher, fast eisfreier Kratersee und ein Bad in den heissen Quellen<\/li>\n<li><a href=\"https:\/\/www.freydis.de\/wordpress\/?page_id=520\">Der Tag der Strandung<\/a>, Freitag, der 24. Mai 1991: Wir \u00fcberqueren mit der Freydis und leeren Holzcontainern den Kratersee, um in der vom Vulkan zerst\u00f6rten britischen Station Kohle f\u00fcr unsere \u00dcberwinterung zu bunkern. Auf dem R\u00fcckweg werden wir von einem Blizzard in Orkanst\u00e4rke \u00fcberrascht und scheitern beim Versuch, unser Boot mit dem vorbereiteten Ankergeschirr zu verbinden.<\/li>\n<li><a href=\"https:\/\/www.freydis.de\/wordpress\/?page_id=523\">Der Tag nach der Strandung<\/a><\/li>\n<li><a href=\"https:\/\/www.freydis.de\/wordpress\/?page_id=526\">\u00dcberwintern in der argentinischen Noth\u00fctte<\/a> auf 24 m<sup>2<\/sup><\/li>\n<li><a href=\"https:\/\/www.freydis.de\/wordpress\/?page_id=532\">Den ganzen Winter St\u00fcrme<\/a><\/li>\n<li><a href=\"https:\/\/www.freydis.de\/wordpress\/?page_id=532\">Solidarit\u00e4t mit den wenigen Tieren<\/a>, die mit uns ums \u00dcberleben k\u00e4mpfen<\/li>\n<li><a href=\"https:\/\/www.freydis.de\/wordpress\/?page_id=537\">Die Rettung oder Befreiung<\/a> wird ausdr\u00fccklich ausgeklammert\u2026<\/li>\n<li><a href=\"https:\/\/www.freydis.de\/wordpress\/?page_id=539\">Humor ist, wenn man trotzdem lachen kann<\/a><\/li>\n<\/ul>\n","protected":false},"excerpt":{"rendered":"<p>Wir segeln vom Kap Hoorn in die Antarktis Der Winter r\u00fcckt n\u00e4her &nbsp; Wir segeln vom Kap Hoorn in die Antarktis, um im Kratersee der Vulkaninsel Deception zu \u00fcberwintern Der Winter r\u00fcckt n\u00e4her Der Tag vor dem schwarzen Freitag, dem &hellip; <a href=\"https:\/\/www.freydis.de\/wordpress\/bildergalerie\/strandung-in-der-antarktis\/\">Weiterlesen <span class=\"meta-nav\">&rarr;<\/span><\/a><\/p>\n","protected":false},"author":3,"featured_media":0,"parent":152,"menu_order":0,"comment_status":"closed","ping_status":"closed","template":"","meta":{"footnotes":""},"class_list":["post-493","page","type-page","status-publish","hentry"],"jetpack_sharing_enabled":true,"_links":{"self":[{"href":"https:\/\/www.freydis.de\/wordpress\/wp-json\/wp\/v2\/pages\/493","targetHints":{"allow":["GET"]}}],"collection":[{"href":"https:\/\/www.freydis.de\/wordpress\/wp-json\/wp\/v2\/pages"}],"about":[{"href":"https:\/\/www.freydis.de\/wordpress\/wp-json\/wp\/v2\/types\/page"}],"author":[{"embeddable":true,"href":"https:\/\/www.freydis.de\/wordpress\/wp-json\/wp\/v2\/users\/3"}],"replies":[{"embeddable":true,"href":"https:\/\/www.freydis.de\/wordpress\/wp-json\/wp\/v2\/comments?post=493"}],"version-history":[{"count":29,"href":"https:\/\/www.freydis.de\/wordpress\/wp-json\/wp\/v2\/pages\/493\/revisions"}],"predecessor-version":[{"id":2969,"href":"https:\/\/www.freydis.de\/wordpress\/wp-json\/wp\/v2\/pages\/493\/revisions\/2969"}],"up":[{"embeddable":true,"href":"https:\/\/www.freydis.de\/wordpress\/wp-json\/wp\/v2\/pages\/152"}],"wp:attachment":[{"href":"https:\/\/www.freydis.de\/wordpress\/wp-json\/wp\/v2\/media?parent=493"}],"curies":[{"name":"wp","href":"https:\/\/api.w.org\/{rel}","templated":true}]}}