{"id":5050,"date":"2018-05-25T13:03:37","date_gmt":"2018-05-25T12:03:37","guid":{"rendered":"https:\/\/www.freydis.de\/wordpress\/?page_id=5050"},"modified":"2018-05-25T13:39:43","modified_gmt":"2018-05-25T12:39:43","slug":"datenschutz","status":"publish","type":"page","link":"https:\/\/www.freydis.de\/wordpress\/datenschutz\/","title":{"rendered":"Datenschutzerkl\u00e4rung"},"content":{"rendered":"<h3>Grundlegendes<\/h3>\n<p>Diese Datenschutzerkl\u00e4rung soll die Nutzer dieser Website \u00fcber die Art, den Umfang und den Zweck der Erhebung und Verwendung personenbezogener Daten durch den verantwortlichen Websitebetreiber (<strong>Dr. Heide &#038; Dipl.-Kfm. Erich Wilts<\/strong>, Untere B\u00fcttengasse 3, 69121 Heidelberg, Tel. +49 6221 47 37 24, <a href=\"mailto:wilts@freydis.de\">wilts@freydis.de<\/a>) informieren.<\/p>\n<p>Der Websitebetreiber nimmt Ihren Datenschutz sehr ernst und behandelt Ihre personenbezogenen Daten vertraulich und entsprechend der gesetzlichen Vorschriften. Da durch neue Technologien und die st\u00e4ndige Weiterentwicklung dieser Website \u00c4nderungen an dieser Datenschutzerkl\u00e4rung vorgenommen werden k\u00f6nnen, empfehlen wir Ihnen sich die Datenschutzerkl\u00e4rung in regelm\u00e4\u00dfigen Abst\u00e4nden wieder durchzulesen.<\/p>\n<p>Definitionen der verwendeten Begriffe (z.B. &#8222;personenbezogene Daten&#8220; oder &#8222;Verarbeitung&#8220;) finden Sie in Art. 4 DSGVO (Datenschutz-Grundverordnung).<\/p>\n<h3>SSL-Verschl\u00fcsselung<\/h3>\n<p>Diese Website nutzt eine SSL-Verschl\u00fcsselung. Dies geschieht aus Gr\u00fcnden der Sicherheit und zum Schutz der \u00dcbertragung vertraulicher Inhalte, wie zum Beispiel der Anfragen, die Sie an uns als Seitenbetreiber senden. Sie erkennen eine verschl\u00fcsselte Verbindung daran, dass die Adresse in der Adresszeile des Browsers mit &#8222;https:\/\/&#8220; beginnt (und nicht mit &#8222;http:\/\/&#8220;). Eine verschl\u00fcsselte Verbindung wird in den meisten Browsern mit einem Schloss-Symbol gekennzeichnet. Wenn eine SSL-Verschl\u00fcsselung aktiv ist, k\u00f6nnen die Daten, die Sie an uns \u00fcbertragen, nicht von Dritten eingesehen werden.<\/p>\n<h3>Zugriffsdaten<\/h3>\n<p>Wir, der Websitebetreiber bzw. Seitenprovider, erheben aufgrund unseres berechtigten Interesses (s. Art. 6 Abs. 1 lit. f. DSGVO) Daten \u00fcber Zugriffe auf die Website und speichern diese als &#8222;Server-Logfiles&#8220; auf dem Server der Website ab. Folgende Daten werden so protokolliert:<\/p>\n<ul>\n<li>Besuchte Webseite<\/li>\n<li>Uhrzeit zum Zeitpunkt des Zugriffes<\/li>\n<li>Menge der gesendeten Daten in Byte<\/li>\n<li>Quelle\/Verweis, von welchem Sie auf die Seite gelangten<\/li>\n<li>Verwendeter Browser<\/li>\n<li>Verwendetes Betriebssystem<\/li>\n<li>Verwendete IP-Adresse (ggfs. in anonymisierter Form)<\/li>\n<\/ul>\n<p>Die Speicherung der Daten erfolgt aus Sicherheitsgr\u00fcnden, um z.B. Missbrauchsf\u00e4lle aufkl\u00e4ren zu k\u00f6nnen.<\/p>\n<h3>Cookies<\/h3>\n<p>Diese Website verwendet Cookies zur pseudonymisierten Reichweitenmessung, die entweder von unserem Server oder dem Server Dritter an den Browser des Nutzers \u00fcbertragen werden. Bei Cookies handelt es sich um kleine Dateien, welche auf Ihrem Endger\u00e4t gespeichert werden. Ihr Browser greift auf diese Dateien zu. Durch den Einsatz von Cookies erh\u00f6ht sich die Benutzerfreundlichkeit und Sicherheit dieser Website.<\/p>\n<p>G\u00e4ngige Browser bieten die Einstellungsoption, Cookies nicht zuzulassen. Hinweis: Es ist nicht gew\u00e4hrleistet, dass Sie auf alle Funktionen dieser Website ohne Einschr\u00e4nkungen zugreifen k\u00f6nnen, wenn Sie entsprechende Einstellungen vornehmen.<\/p>\n<h3>Erfassung und Verarbeitung personenbezogener Daten<\/h3>\n<p>Der Websitebetreiber erhebt, nutzt und gibt Ihre personenbezogenen Daten nur dann weiter, wenn dies im gesetzlichen Rahmen erlaubt ist oder Sie in die Datenerhebung einwilligen.<\/p>\n<p>Als personenbezogene Daten gelten s\u00e4mtliche Informationen, welche dazu dienen, Ihre Person zu bestimmen und welche zu Ihnen zur\u00fcckverfolgt werden k\u00f6nnen \u2013 also beispielsweise Ihr Name, Ihre E-Mail-Adresse und Telefonnummer.<\/p>\n<p>Diese Website k\u00f6nnen Sie auch besuchen, ohne Angaben zu Ihrer Person zu machen.<\/p>\n<h3>Kontaktaufnahme<\/h3>\n<p>Nehmen Sie mit uns als Websitebetreiber durch die angebotenen Kontaktm\u00f6glichkeiten (z.B. per Kontaktformular oder E-Mail) Verbindung auf, werden Ihre Angaben gespeichert, damit auf diese zur Bearbeitung und Beantwortung Ihrer Anfrage zur\u00fcckgegriffen werden kann. Ohne Ihre Einwilligung werden diese Daten nicht an Dritte weitergegeben.<\/p>\n<h3>Kommentare und Beitr\u00e4ge<\/h3>\n<p>Hinterlassen Sie auf dieser Website einen Beitrag oder Kommentar, wird Ihre IP-Adresse gespeichert. Dies erfolgt aufgrund unserer berechtigten Interessen im Sinne des Art. 6 Abs. 1 lit. f. DSGVO und dient der Sicherheit von uns als Websitebetreiber: Denn sollte Ihr Kommentar gegen geltendes Recht versto\u00dfen, k\u00f6nnen wir daf\u00fcr belangt werden, weshalb wir ein Interesse an der Identit\u00e4t des Kommentar- bzw. Beitragsautors haben.<\/p>\n<h3>Newsletter<\/h3>\n<p>Der Websitebetreiber bietet Ihnen einen Newsletter an, in welchem er Sie \u00fcber aktuelle Geschehnisse, werbliche Informationen, Angebote und Aktionen informiert. M\u00f6chten Sie den Newsletter abonnieren, m\u00fcssen Sie eine valide E-Mail-Adresse angeben. Wenn Sie den Newsletter abonnieren, erkl\u00e4ren Sie sich mit dem Newsletter-Empfang und den erl\u00e4uterten Verfahren einverstanden.<\/p>\n<p>F\u00fcr die Newsletter-Anmeldung wird das &#8222;Double-Opt-in&#8220;-Verfahren verwendet. So erhalten Sie, zum Schutz Ihrer Daten, nach Anmeldung zum Newsletter zun\u00e4chst eine E-Mail, in der Sie die Anmeldung best\u00e4tigen k\u00f6nnen. Geschieht die Best\u00e4tigung nicht (z.B. indem nicht auf die E-Mail reagiert wird) erfolgt keine Anmeldung zum Newsletter. Erst nachdem Ihre E-Mail-Adresse best\u00e4tigt wurde, sind Sie zum Newsletter angemeldet.<\/p>\n<p>Der Newsletterversand erfolgt durch den Versanddienstleister &#8222;MailChimp&#8220;\u00a0des Anbieters The Rocket Science Group LLC d\/b\/a MailChimp (675 Ponce De Leon Ave NE #5000, Atlanta, GA 30308, USA), an welchen wir die bei der Anmeldung zum Newsletter angegeben Daten weiterleiten. Dies geschieht gem\u00e4\u00df Art. 6 Abs. 1 lit. f DSGVO und erfolgt in unserem berechtigten Interesse am Einsatz eines sicheren, nutzerfreundlichen und\u00a0werbewirksamen Newslettersystems. Insbesondere bedeutet dies, dass Ihre Daten an einen Server von MailChimp in den USA weitergeleitet und dort gespeichert werden.<\/p>\n<p>Diese Informationen werden von Mailchimp zum Versand und zur statistischen Auswertung der Newsletter in unserem Auftrag verwendet. F\u00fcr die statistische Auswertung enthalten die versendeten E-Mails Trackings-Pixel (sogenannte Web-Beacons). Hierdurch ist es m\u00f6glich festzustellen, ob eine Nachricht ge\u00f6ffnet wurde und technische Informationen zu erfassen (z.B. Zeitpunkt des \u00d6ffnens, verwendeter Browser, verwendetes Betriebssystem, verwendete IP-Adresse). Au\u00dferdem wird festgestellt, welche Links in einer Nachricht ggfs. angeklickt wurden. Diese Daten dienen nur der statistischen Auswertung der Newsletterkampagnen. Die Ergebnisse k\u00f6nnen verwendet werden, um weitere Newsletter-Kampagnen genauer an den Interessen der Empf\u00e4nger auszurichten.<\/p>\n<p>Wenn Sie der statistischen Auswertung Ihrer Daten widersprechen m\u00f6chten, m\u00fcssen Sie sich vom Newsletter abmelden.<\/p>\n<p><!--\nMit MailChimp haben wir einen Datenverarbeitungsauftrag (\"Data-Processing-Agreement\") auf Basis der Standardvertragsklauseln der Europ\u00e4ischen Kommission zum Schutz Ihrer Daten in den USA abgeschlossen. Der Datenverarbeitungsvertrag kann hier eingesehen werden: <a href=\"https:\/\/mailchimp.com\/legal\/forms\/data-processing-agreement\/sample-agreement\/\">https:\/\/mailchimp.com\/legal\/forms\/data-processing-agreement\/sample-agreement\/<\/a>\n--><\/p>\n<p>Widerruf und K\u00fcndigung: Ihre Einwilligung zum Erhalt des Newsletter k\u00f6nnen Sie jederzeit widerrufen durch K\u00fcndigung des Newsletter-Abonnement. Am Ende jedes Newsletters finden Sie den Link zur K\u00fcndigung.<\/p>\n<p>MailChimp h\u00e4lt das europ\u00e4ische Datenschutzrecht ein und ist unter dem Privacy-Shield-Abkommen zertifiziert:\u00a0<a href=\"https:\/\/www.privacyshield.gov\/participant?id=a2zt0000000TO6hAAG&amp;status=Active\">https:\/\/www.privacyshield.gov\/participant?id=a2zt0000000TO6hAAG&amp;status=Active<\/a><br \/>\nWeitere Informationen zu den Datenschutzrichtlinien von Mailchimp finden Sie unter:\u00a0<a href=\"https:\/\/mailchimp.com\/legal\/privacy\/\">https:\/\/mailchimp.com\/legal\/privacy\/<\/a><\/p>\n<h3>Rechte des Nutzers<\/h3>\n<p>Sie haben als Nutzer das Recht, auf Antrag eine kostenlose Auskunft dar\u00fcber zu erhalten, welche personenbezogenen Daten \u00fcber Sie gespeichert wurden. Sie haben au\u00dferdem das Recht auf Berichtigung falscher Daten und auf die Verarbeitungseinschr\u00e4nkung oder L\u00f6schung Ihrer personenbezogenen Daten. Falls zutreffend, k\u00f6nnen Sie auch Ihr Recht auf Datenportabilit\u00e4t geltend machen. Sollten Sie annehmen, dass Ihre Daten unrechtm\u00e4\u00dfig verarbeitet wurden, k\u00f6nnen Sie eine Beschwerde bei der zust\u00e4ndigen Aufsichtsbeh\u00f6rde einreichen.<\/p>\n<h3>L\u00f6schung von Daten<\/h3>\n<p>Sofern Ihr Wunsch nicht mit einer gesetzlichen Pflicht zur Aufbewahrung von Daten (z.B. Vorratsdatenspeicherung) kollidiert, haben Sie ein Anrecht auf L\u00f6schung Ihrer Daten. Von uns gespeicherte Daten werden, sollten sie f\u00fcr ihre Zweckbestimmung nicht mehr vonn\u00f6ten sein und es keine gesetzlichen Aufbewahrungsfristen geben, gel\u00f6scht. Falls eine L\u00f6schung nicht durchgef\u00fchrt werden kann, da die Daten f\u00fcr zul\u00e4ssige gesetzliche Zwecke erforderlich sind, erfolgt eine Einschr\u00e4nkung der Datenverarbeitung. In diesem Fall werden die Daten gesperrt und nicht f\u00fcr andere Zwecke verarbeitet.<\/p>\n<h3>Widerspruchsrecht<\/h3>\n<p>Nutzer dieser Website k\u00f6nnen von ihrem Widerspruchsrecht Gebrauch machen und der Verarbeitung ihrer personenbezogenen Daten zu jeder Zeit widersprechen.<\/p>\n<p>Wenn Sie eine Berichtigung, Sperrung, L\u00f6schung oder Auskunft \u00fcber die zu Ihrer Person gespeicherten personenbezogenen Daten w\u00fcnschen oder Fragen bzgl. der Erhebung, Verarbeitung oder Verwendung Ihrer personenbezogenen Daten haben oder erteilte Einwilligungen widerrufen m\u00f6chten, wenden Sie sich bitte an oben unter &#8222;Grundlegendes&#8220; genannte E-Mail-Adresse des Websitebetreibers.<\/p>\n","protected":false},"excerpt":{"rendered":"<p>Grundlegendes Diese Datenschutzerkl\u00e4rung soll die Nutzer dieser Website \u00fcber die Art, den Umfang und den Zweck der Erhebung und Verwendung personenbezogener Daten durch den verantwortlichen Websitebetreiber (Dr. Heide &#038; Dipl.-Kfm. Erich Wilts, Untere B\u00fcttengasse 3, 69121 Heidelberg, Tel. +49 6221 &hellip; <a href=\"https:\/\/www.freydis.de\/wordpress\/datenschutz\/\">Weiterlesen <span class=\"meta-nav\">&rarr;<\/span><\/a><\/p>\n","protected":false},"author":5,"featured_media":0,"parent":0,"menu_order":0,"comment_status":"closed","ping_status":"closed","template":"","meta":{"footnotes":""},"class_list":["post-5050","page","type-page","status-publish","hentry"],"jetpack_sharing_enabled":true,"_links":{"self":[{"href":"https:\/\/www.freydis.de\/wordpress\/wp-json\/wp\/v2\/pages\/5050","targetHints":{"allow":["GET"]}}],"collection":[{"href":"https:\/\/www.freydis.de\/wordpress\/wp-json\/wp\/v2\/pages"}],"about":[{"href":"https:\/\/www.freydis.de\/wordpress\/wp-json\/wp\/v2\/types\/page"}],"author":[{"embeddable":true,"href":"https:\/\/www.freydis.de\/wordpress\/wp-json\/wp\/v2\/users\/5"}],"replies":[{"embeddable":true,"href":"https:\/\/www.freydis.de\/wordpress\/wp-json\/wp\/v2\/comments?post=5050"}],"version-history":[{"count":3,"href":"https:\/\/www.freydis.de\/wordpress\/wp-json\/wp\/v2\/pages\/5050\/revisions"}],"predecessor-version":[{"id":5057,"href":"https:\/\/www.freydis.de\/wordpress\/wp-json\/wp\/v2\/pages\/5050\/revisions\/5057"}],"wp:attachment":[{"href":"https:\/\/www.freydis.de\/wordpress\/wp-json\/wp\/v2\/media?parent=5050"}],"curies":[{"name":"wp","href":"https:\/\/api.w.org\/{rel}","templated":true}]}}