{"id":510,"date":"2011-01-19T12:17:49","date_gmt":"2011-01-19T11:17:49","guid":{"rendered":"https:\/\/www.freydis.de\/wordpress\/?page_id=510"},"modified":"2017-03-30T18:18:03","modified_gmt":"2017-03-30T17:18:03","slug":"der-winter-ruckt-naher","status":"publish","type":"page","link":"https:\/\/www.freydis.de\/wordpress\/bildergalerie\/strandung-in-der-antarktis\/der-winter-ruckt-naher\/","title":{"rendered":"02: Der Winter r\u00fcckt n\u00e4her"},"content":{"rendered":"<h2>Der Winter r\u00fcckt n\u00e4her<\/h2>\n<div id='gallery-1' class='gallery galleryid-510 gallery-columns-3 gallery-size-thumbnail'><dl class='gallery-item'>\n\t\t\t<dt class='gallery-icon landscape'>\n\t\t\t\t<a href='https:\/\/www.freydis.de\/wordpress\/bildergalerie\/strandung-in-der-antarktis\/der-winter-ruckt-naher\/strandung-10\/'><img loading=\"lazy\" decoding=\"async\" width=\"150\" height=\"150\" src=\"https:\/\/www.freydis.de\/wordpress\/wp-content\/uploads\/2011\/01\/Strandung-10-150x150.jpg\" class=\"attachment-thumbnail size-thumbnail\" alt=\"\" \/><\/a>\n\t\t\t<\/dt><\/dl><dl class='gallery-item'>\n\t\t\t<dt class='gallery-icon landscape'>\n\t\t\t\t<a href='https:\/\/www.freydis.de\/wordpress\/bildergalerie\/strandung-in-der-antarktis\/der-winter-ruckt-naher\/strandung-13\/'><img loading=\"lazy\" decoding=\"async\" width=\"150\" height=\"150\" src=\"https:\/\/www.freydis.de\/wordpress\/wp-content\/uploads\/2011\/01\/Strandung-13-150x150.jpg\" class=\"attachment-thumbnail size-thumbnail\" alt=\"\" \/><\/a>\n\t\t\t<\/dt><\/dl><dl class='gallery-item'>\n\t\t\t<dt class='gallery-icon portrait'>\n\t\t\t\t<a href='https:\/\/www.freydis.de\/wordpress\/bildergalerie\/strandung-in-der-antarktis\/der-winter-ruckt-naher\/strandung-15\/'><img loading=\"lazy\" decoding=\"async\" width=\"150\" height=\"150\" src=\"https:\/\/www.freydis.de\/wordpress\/wp-content\/uploads\/2011\/01\/Strandung-15-150x150.jpg\" class=\"attachment-thumbnail size-thumbnail\" alt=\"\" \/><\/a>\n\t\t\t<\/dt><\/dl><br style=\"clear: both\" \/><dl class='gallery-item'>\n\t\t\t<dt class='gallery-icon portrait'>\n\t\t\t\t<a href='https:\/\/www.freydis.de\/wordpress\/bildergalerie\/strandung-in-der-antarktis\/der-winter-ruckt-naher\/strandung-17\/'><img loading=\"lazy\" decoding=\"async\" width=\"150\" height=\"150\" src=\"https:\/\/www.freydis.de\/wordpress\/wp-content\/uploads\/2011\/01\/Strandung-17-150x150.jpg\" class=\"attachment-thumbnail size-thumbnail\" alt=\"\" \/><\/a>\n\t\t\t<\/dt><\/dl>\n\t\t\t<br style='clear: both' \/>\n\t\t<\/div>\n\n<p>&nbsp;<\/p>\n<p>&nbsp;<\/p>\n<p>&nbsp;<\/p>\n<p><a href=\"https:\/\/www.freydis.de\/wordpress\/?page_id=513\">Weiter\u2026<\/a> || <a href=\"https:\/\/www.freydis.de\/wordpress\/?page_id=501\">Zur\u00fcck\u2026<\/a> || <a href=\"https:\/\/www.freydis.de\/wordpress\/?page_id=493\">Zum Anfang<\/a><\/p>\n","protected":false},"excerpt":{"rendered":"<p>Der Winter r\u00fcckt n\u00e4her &nbsp; &nbsp; &nbsp; Weiter\u2026 || Zur\u00fcck\u2026 || Zum Anfang<\/p>\n","protected":false},"author":3,"featured_media":0,"parent":493,"menu_order":0,"comment_status":"closed","ping_status":"closed","template":"","meta":{"footnotes":""},"class_list":["post-510","page","type-page","status-publish","hentry"],"jetpack_sharing_enabled":true,"_links":{"self":[{"href":"https:\/\/www.freydis.de\/wordpress\/wp-json\/wp\/v2\/pages\/510","targetHints":{"allow":["GET"]}}],"collection":[{"href":"https:\/\/www.freydis.de\/wordpress\/wp-json\/wp\/v2\/pages"}],"about":[{"href":"https:\/\/www.freydis.de\/wordpress\/wp-json\/wp\/v2\/types\/page"}],"author":[{"embeddable":true,"href":"https:\/\/www.freydis.de\/wordpress\/wp-json\/wp\/v2\/users\/3"}],"replies":[{"embeddable":true,"href":"https:\/\/www.freydis.de\/wordpress\/wp-json\/wp\/v2\/comments?post=510"}],"version-history":[{"count":9,"href":"https:\/\/www.freydis.de\/wordpress\/wp-json\/wp\/v2\/pages\/510\/revisions"}],"predecessor-version":[{"id":2650,"href":"https:\/\/www.freydis.de\/wordpress\/wp-json\/wp\/v2\/pages\/510\/revisions\/2650"}],"up":[{"embeddable":true,"href":"https:\/\/www.freydis.de\/wordpress\/wp-json\/wp\/v2\/pages\/493"}],"wp:attachment":[{"href":"https:\/\/www.freydis.de\/wordpress\/wp-json\/wp\/v2\/media?parent=510"}],"curies":[{"name":"wp","href":"https:\/\/api.w.org\/{rel}","templated":true}]}}