{"id":6487,"date":"2021-01-08T10:39:16","date_gmt":"2021-01-08T09:39:16","guid":{"rendered":"https:\/\/www.freydis.de\/wordpress\/?page_id=6487"},"modified":"2021-01-13T14:45:10","modified_gmt":"2021-01-13T13:45:10","slug":"toernplan-2021","status":"publish","type":"page","link":"https:\/\/www.freydis.de\/wordpress\/toernplaene\/toernplan-2021\/","title":{"rendered":"T\u00f6rnplan 2021"},"content":{"rendered":"\n<figure class=\"wp-block-image size-large is-resized\"><img decoding=\"async\" src=\"https:\/\/www.freydis.de\/wordpress\/wp-content\/uploads\/2021\/01\/Toernplan-2021-Nordatlantik-Teil-II-web.png\" alt=\"\" class=\"wp-image-6489\" width=\"600\" srcset=\"https:\/\/www.freydis.de\/wordpress\/wp-content\/uploads\/2021\/01\/Toernplan-2021-Nordatlantik-Teil-II-web.png 900w, https:\/\/www.freydis.de\/wordpress\/wp-content\/uploads\/2021\/01\/Toernplan-2021-Nordatlantik-Teil-II-web-300x49.png 300w, https:\/\/www.freydis.de\/wordpress\/wp-content\/uploads\/2021\/01\/Toernplan-2021-Nordatlantik-Teil-II-web-768x126.png 768w\" sizes=\"(max-width: 900px) 100vw, 900px\" \/><\/figure>\n\n\n\n<p> [<a rel=\"noreferrer noopener\" href=\"https:\/\/www.freydis.de\/wordpress\/wp-content\/uploads\/2021\/01\/Toernplan2021.pdf\" target=\"_blank\">Diesen T\u00f6rnplan als PDF-Dokument<\/a>] <a href=\"https:\/\/www.freydis.de\/wordpress\/freydis-toernplan-2021\/\" data-type=\"URL\" data-id=\"https:\/\/www.freydis.de\/wordpress\/freydis-toernplan-2021\/\">[Zum Blogbeitrag<\/a>]\n\n\n\n<h2 class=\"wp-block-heading\">Rund Nordatlantik Teil II<\/h2>\n\n\n<div class=\"su-note\"  style=\"border-color:#0e57ab;border-radius:3px;-moz-border-radius:3px;-webkit-border-radius:3px;\"><div class=\"su-note-inner su-u-clearfix su-u-trim\" style=\"background-color:#2871c5;border-color:#f4ffff;color:#eee;border-radius:3px;-moz-border-radius:3px;-webkit-border-radius:3px;\">Stand 1. Januar 2021 &#8211; \u00c4nderungen vorbehalten<\/div><\/div>\n\n\n\n<p><strong>Kanaren \u2013 Azoren \u2013 Gr\u00f6nland &#8211; Island<\/strong><\/p>\n\n\n\n<p><strong>T\u00f6rn I: Tazacorte\/La Palma \u2013 Madeira \u2013 Porto Santo \u2013 Santa Maria &#8211; Horta\/Fajal<\/strong><br>2 \u00bd Wochen von Montag, 07. bis Mittwoch, 23. Juni 2021, ca. 1.000 sm<br>Pause in Horta vom 24. bis 30. Juni<\/p>\n\n\n\n<p><strong>T\u00f6rn II: Horta \u2013 Flores \u2013 Nanortalik\/S\u00fcdgr\u00f6nland \u2013 Qaqortoq (Julianehab)<\/strong><br>3 Wochen von Donnerstag, 1. bis Mittwoch, 21. Juli 2021, ca. 1.600 sm<br>Pause in Qaqortoq (Julianehab) vom 22. bis 28. Juli<\/p>\n\n\n\n<p><strong>T\u00f6rn III: Qaqortoq \u2013 Prins Christian Sund \u2013 Kap Farvel \u2013 Nansenbucht \u2013 Tasiilaq\/Angmassalik<\/strong><br>2 1\/2 Wochen von Donnerstag, 29. Juli bis Samstag, 14. August 2021, 650 sm<br>Pause in Tasiilaq vom 15. bis 21. August<\/p>\n\n\n\n<p><strong>T\u00f6rn IV: Tasiilaq \u2013 Eingang Scoresby Sund \u2013 Isafj\u00f6rdur\/Island<\/strong><br>2 Wochen von Sonntag, 22. August bis Samstag, 4. September 2021, ca. 750 sm<\/p>\n\n\n\n<p><strong>F\u00fcr alle T\u00f6rns gilt:<\/strong> Einchecken an Bord am Tag <strong>vor <\/strong>T\u00f6rnbeginn, m\u00f6glichst bis 16:00 Uhr zum Kaffee. Danach folgen Einweisung und T\u00f6rnbesprechung. Auschecken am letzten Tag des T\u00f6rns.<\/p>\n\n\n\n<p>Wie immer werden wir vor den T\u00f6rns <strong>Crewtreffen <\/strong>bei uns in Heidelberg arrangieren!<\/p>\n\n\n\n<h2 class=\"wp-block-heading\">T\u00f6rnkritiken von Mitseglern aus den Vorjahren<\/h2>\n\n\n<a href=\"https:\/\/www.freydis.de\/wordpress\/groenland-kann-mir-gestohlen-bleiben\/\" class=\"su-button su-button-style-default su-button-wide\" style=\"color:#FFFFFF;background-color:#ef332d;border-color:#c02924;border-radius:5px\" target=\"_self\"><span style=\"color:#FFFFFF;padding:6px 18px;font-size:14px;line-height:21px;border-color:#f4716c;border-radius:5px;text-shadow:none\"><i class=\"sui sui-thumbs-up\" style=\"font-size:14px;color:#FFFFFF\"><\/i> T\u00f6rn-Kritiken 2018 Gr\u00f6nland<\/span><\/a>\n\n\n<a href=\"https:\/\/www.freydis.de\/wordpress\/crew\/toerns-kommentare-und-kritiken\/\" class=\"su-button su-button-style-default su-button-wide\" style=\"color:#FFFFFF;background-color:#ef332d;border-color:#c02924;border-radius:5px\" target=\"_self\"><span style=\"color:#FFFFFF;padding:6px 18px;font-size:14px;line-height:21px;border-color:#f4716c;border-radius:5px;text-shadow:none\"><i class=\"sui sui-thumbs-up\" style=\"font-size:14px;color:#FFFFFF\"><\/i> T\u00f6rn-Kritiken aus den Vorjahren<\/span><\/a>\n\n\n\n<h2 class=\"wp-block-heading\">Erl\u00e4uterungen zum T\u00f6rnplan 2021<\/h2>\n\n\n\n<p><strong>F\u00fcr alle T\u00f6rns gilt:<\/strong> Auf allen vier T\u00f6rns werden wir wieder von &#8222;Wetterwelt&#8220; aus Kiel \u00fcber Iridium-Satphone beraten und nehmen beim T\u00f6rnverlauf R\u00fccksicht auf die jeweilige Wetterlage. Das kann zu einer anderen Route als im Plan f\u00fchren. Allerdings hat &#8211; wie bisher auf allen T\u00f6rns der Vergangenheit &#8211; neben der Sicherheit f\u00fcr Crew und Schiff das p\u00fcnktliche Erreichen des geplanten Zielhafens oberste Priorit\u00e4t, damit die geplanten Crewwechsel problemlos stattfinden k\u00f6nnen.<\/p>\n\n\n\n<p><strong>Zu T\u00f6rn I: 7. bis 23. Juni 2021 von La Palma \u00fcber Madeira nach Horta\/Fajal<\/strong><br>Segeln im Nordostpassat. Das Revier und die Inseln sind uns von vielen fr\u00fcheren Reisen bestens vertraut. Wenn irgendm\u00f6glich, statten wir den Selvagensinseln (Naturreservate) einen Besuch ab.<\/p>\n\n\n\n<p><strong>Zu T\u00f6rn II: 1. bis 21. Juli 2021 von Horta \u00fcber Nanortalik nach Qaqortoc\/Julianehab<\/strong><br>Blauwassersegeln \u00fcber den Nordatlantik. Ca 2 Wochen setzen wir an f\u00fcr die Strecke von der Azoreninsel Flores bis Nanortalik. Danach haben wir noch eine knappe Woche f\u00fcr die faszinierende Binnenroute durch Gr\u00f6nlands S\u00fcdwesten. In den einzigen hei\u00dfen Quellen Gr\u00f6nlands auf Unartoq werden wir einen Badestop einlegen.<\/p>\n\n\n\n<p><strong>Zu T\u00f6rn III: 29. Juli bis 14. August 2021 von Qaqortoq\/Julianehab ums Kap Farvel und den Prins Christian Sund zur Nansenbucht und nach Tasiilaq<\/strong><br>Es ist die gleiche Route zur gleichen Jahreszeit wie 2018, nur, dass wir diesmal deutlich mehr Zeit haben f\u00fcr diese spektakul\u00e4re K\u00fcste. Die T\u00f6rns III und IV sind sehr anspruchsvoll. Heide hat im <a rel=\"noreferrer noopener\" href=\"https:\/\/www.freydis.de\/wordpress\/wp-content\/uploads\/2019\/04\/Groenland-II.pdf\" target=\"_blank\"><strong>Magazin SEGELN in Heft 3+4 unsere Reise 2018 rund Gr\u00f6nland &#8222;vom Polarkreis zum Polarkreis&#8220;<\/strong><\/a> beschrieben und <a href=\"#arved\"><strong>weiter unten findet Ihr vom Gr\u00f6nlandspezialisten Arved Fuchs einen Beitrag, den wir seinem Buch <em>Gr\u00f6nland<\/em><\/strong><\/a> entnommen haben.<\/p>\n\n\n\n<p><strong>Zu T\u00f6rn IV: 22. August bis 4. September 2021 Tasiilaq und Umgebung mit Abstecher Richtung Scoresbysund<\/strong><br>2018 konnten wir leider aus Zeitmangel nicht die kleinen Eskimod\u00f6rfer in der Umgebung von Tasiilaq besuchen. Au\u00dferdem hatten wir einen schweren Sturm im Nacken, der uns zu einer raschen \u00dcberquerung der D\u00e4nemarkstra\u00dfe zwang. Wie weit wir von Tasiilaq noch nach Norden Richtung Scoresbysund k\u00f6nnen, ist abh\u00e4ngig von der Eis- und Wettersituation, die von Jahr zu Jahr sehr unterschiedlich ist. Die Eisverh\u00e4ltnisse sind in der letzten Augustwoche und in der 1. Septemberh\u00e4lfte am g\u00fcnstigsten, denn das &#8222;Freeze Up&#8220; beginnt gew\u00f6hnlich Mitte September.<br>Zielhafen ist der kleine Fischereihafen Isafj\u00f6rdur im NW oder Husavik im Norden von Island, wo die Freydis \u00fcberwintert. Von dort geht es 2022 \u00fcber die Westm\u00e4nnerinseln zur\u00fcck in die Heimat.<\/p>\n\n\n\n<h2 class=\"wp-block-heading\" id=\"arved\">Buch von Arved Fuchs: Gr\u00f6nland\u2013 Meine Abenteuer in Eis und Schnee, Bielefeld 2015<\/h2>\n\n\n\n<p><strong>Ostgr\u00f6nland TUNU &#8211; Die abgewandte Seite<\/strong><\/p>\n\n\n\n<p>&#8222;Es ist die gewaltigste Landschaft, die der gesamte arktische Raum zu bieten hat: der Osten Gr\u00f6nlands. &#8222;Tunu \u2013 die abgewandte Seite&#8220; wird dieser Teil Gr\u00f6nlands von seinen Bewohnern genannt. Diese Bezeichnung sagt alles aus. Es ist die Schattenseite \u2013 obwohl im Osten die Sonne aufgeht. Es ist der Teil Gr\u00f6nlands, der sich dem menschlichen Zugriff weitgehend entzieht. Schroff, abweisend, die K\u00fcste wie durch ein Bollwerk von den meterdicken Packeisfeldern des Ostgr\u00f6nlandstromes abgeschottet, darin eingebettet ungez\u00e4hlte Eisberge, die wie bizarre Kastelle wirken. Und dann die Piteraqs: Furchtbare St\u00fcrme, die j\u00e4h und unvermittelt auftreten, Windgeschwindigkeiten von weit \u00fcber 200 Stundenkilometern erreichen und selbst faustgro\u00dfe Fels- und Eisst\u00fccke wie Geschosse durch die Luft fliegen lassen. Orkanartige St\u00fcrme, die pl\u00f6tzlich und mit aller Heftigkeit einsetzen, gibt es h\u00e4ufig auf Gr\u00f6nland, sowohl im Westen als auch im Osten. Aber keiner ist so gef\u00fcrchtet wie der Piteraq, der nur an der Ostk\u00fcste vorkommt. Mit ungeheurer Wucht bricht er aus, wirft Boote um, dr\u00fcckt T\u00fcren ein und versetzt Menschen und Tiere in Angst und Schrecken. Wehe dem J\u00e4ger, der sich nicht rechtzeitig in Sicherheit bringen kann. Der Sturm ist wirklich lebensgef\u00e4hrlich \u2013 jedes Kind w\u00e4chst in diesem Bewusstsein auf. Und wenn der Sturm nicht weht, ziehen dicke, nasse und bleischwer wirkende Nebelb\u00e4nke auf. Das ist der Sommer \u2013 unterbrochen von sonnendurchfluteten Stunden und Tagen, an denen man es problemlos im T-Shirt drau\u00dfen aush\u00e4lt \u2013 auch um Mitternacht, weil im Sommer die Sonne nicht untergeht.<br>Die l\u00e4ngste Zeit des Jahres aber herrscht Winter mit bitterer K\u00e4lte und flammenden Polarlichtern. Wer einen der sonnigen, stillen Tage erwischt, wird der gl\u00fccklichste Mensch der Welt sein. Die Szenerie ist magisch und mit einem hohen Suchtpotential versehen. Wer glaubt, die Berge und Fjorde im Westen Gr\u00f6nlands sind an Urgewalt nicht zu \u00fcbertreffen, der hat den Osten noch nicht gesehen. Dort ist alles noch gewaltiger, einsamer, wilder, bedrohlicher, archaischer\u2026&#8220;<\/p>\n\n\n\n<h2 class=\"wp-block-heading\">Die Routen der Freydis Gr\u00f6nland\/Island\/Spitzbergen 1964 bis 2019<\/h2>\n\n\n\n<figure class=\"wp-block-image size-large is-resized\"><a href=\"https:\/\/www.freydis.de\/wordpress\/wp-content\/uploads\/2021\/01\/Groenland-Bisherige-Routen-der-FREYDIS-scaled.jpg\"><img loading=\"lazy\" decoding=\"async\" src=\"https:\/\/www.freydis.de\/wordpress\/wp-content\/uploads\/2021\/01\/Groenland-Bisherige-Routen-der-FREYDIS-759x1024.jpg\" alt=\"\" class=\"wp-image-6498\" width=\"380\" height=\"512\" srcset=\"https:\/\/www.freydis.de\/wordpress\/wp-content\/uploads\/2021\/01\/Groenland-Bisherige-Routen-der-FREYDIS-759x1024.jpg 759w, https:\/\/www.freydis.de\/wordpress\/wp-content\/uploads\/2021\/01\/Groenland-Bisherige-Routen-der-FREYDIS-222x300.jpg 222w, https:\/\/www.freydis.de\/wordpress\/wp-content\/uploads\/2021\/01\/Groenland-Bisherige-Routen-der-FREYDIS-768x1036.jpg 768w, https:\/\/www.freydis.de\/wordpress\/wp-content\/uploads\/2021\/01\/Groenland-Bisherige-Routen-der-FREYDIS-1138x1536.jpg 1138w, https:\/\/www.freydis.de\/wordpress\/wp-content\/uploads\/2021\/01\/Groenland-Bisherige-Routen-der-FREYDIS-1518x2048.jpg 1518w, https:\/\/www.freydis.de\/wordpress\/wp-content\/uploads\/2021\/01\/Groenland-Bisherige-Routen-der-FREYDIS-scaled.jpg 1897w\" sizes=\"auto, (max-width: 380px) 100vw, 380px\" \/><\/a><\/figure>\n\n\n\n<h2 class=\"wp-block-heading\">T\u00f6rngeb\u00fchren pro T\u00f6rn:<\/h2>\n\n\n\n<p><strong>T\u00f6rn I<\/strong> <strong>2 \u00bd Wochen 2.490,-<\/strong><br><strong>T\u00f6rn II 3 Wochen 2.490,-<\/strong><br><strong>T\u00f6rn III 2 \u00bd Wochen 3.000,-<\/strong><br><strong>T\u00f6rn IV 2 Wochen 2.490,-<\/strong><\/p>\n\n\n\n<h2 class=\"wp-block-heading\">Bordkasse<\/h2>\n\n\n\n<p>Die <strong>anteilige Bordkasse<\/strong> beinhaltet Verpflegung und Getr\u00e4nke an Bord sowie andere laufende Kosten, die diesen T\u00f6rnabschnitt betreffen, wie Treibstoff, Gas und Heizung, Hafen- und Liegegeb\u00fchren, Seekarten und Handb\u00fccher des Reviers, Wetterberatung \u00fcber Satellitentelefon, nicht jedoch Eintrittsgeb\u00fchren in Nationalparks und \u00e4hnliche Einrichtungen und evtl. Corona-Tests. Ausw\u00e4rtige Essen zahlt jeder f\u00fcr sich, das gilt auch f\u00fcr das Skipperpaar.<\/p>\n\n\n\n<p>Wir setzen bei 7-8 k\u00f6pfiger Crew (einschl. Skipper) f\u00fcr T\u00f6rn I+II 45,- Euro pro Tag und Teilnehmer an. F\u00fcr T\u00f6rn III+IV sind es 55,- Euro pro Tag.<\/p>\n\n\n\n<p><em>Bez\u00fcglich der Flugpreise haben wir uns sehr genau informiert: Sie sind \u00fcberraschend g\u00fcnstig f\u00fcr diese Reisen. ATLASREISEN Deck 11 in Bemerhaven und Cuxhaven hat f\u00fcr die vier T\u00f6rns Fl\u00fcge und Preise recherchiert. Lasst Euch Angebote geben von Deck 11, Am L\u00e4ngengrad 12, 27568 Bremerhaven. Es betreuen uns seit vielen Jahren Herr Bernd Sekula, Frau Maria Sanchez und Frau Gesa Z\u00f6llmann. Mail: <a href=\"mailto:bsekula@deck11.de\" target=\"_blank\" rel=\"noreferrer noopener\">bsekula@deck11.de<\/a> oder <a href=\"mailto:info@deck11.de\" target=\"_blank\" rel=\"noreferrer noopener\">info@deck11.de<\/a>. Telefon <a href=\"tel:+49-4721-6982623\" data-type=\"tel\" data-id=\"tel:+49-4721-6982623\">04721-6982623<\/a> oder <a href=\"tel:+49-471-94189999\" data-type=\"tel\" data-id=\"tel:+49-471-94189999\">0471-94189999<\/a>. Der T\u00f6rnplan liegt der Agentur vor.<\/em><\/p>\n\n\n\n<p>Anreisetag und Einchecken an Bord: jeweils am Tag vor dem eigentlichen T\u00f6rnbeginn. Abreise am letzten Tag des T\u00f6rns, nachdem das Schiff aufgeklart wurde.<\/p>\n\n\n\n<p>Vergesst bitte nicht, eine Reiser\u00fccktrittsversicherung abzuschlie\u00dfen, die auch T\u00f6rngeb\u00fchr und Bordkasse beinhaltet.<\/p>\n","protected":false},"excerpt":{"rendered":"<p>[Diesen T\u00f6rnplan als PDF-Dokument] [Zum Blogbeitrag] Rund Nordatlantik Teil II Kanaren \u2013 Azoren \u2013 Gr\u00f6nland &#8211; Island T\u00f6rn I: Tazacorte\/La Palma \u2013 Madeira \u2013 Porto Santo \u2013 Santa Maria &#8211; Horta\/Fajal2 \u00bd Wochen von Montag, 07. bis Mittwoch, 23. Juni &hellip; <a href=\"https:\/\/www.freydis.de\/wordpress\/toernplaene\/toernplan-2021\/\">Weiterlesen <span class=\"meta-nav\">&rarr;<\/span><\/a><\/p>\n","protected":false},"author":3,"featured_media":0,"parent":953,"menu_order":95,"comment_status":"closed","ping_status":"closed","template":"","meta":{"footnotes":""},"class_list":["post-6487","page","type-page","status-publish","hentry"],"jetpack_sharing_enabled":true,"_links":{"self":[{"href":"https:\/\/www.freydis.de\/wordpress\/wp-json\/wp\/v2\/pages\/6487","targetHints":{"allow":["GET"]}}],"collection":[{"href":"https:\/\/www.freydis.de\/wordpress\/wp-json\/wp\/v2\/pages"}],"about":[{"href":"https:\/\/www.freydis.de\/wordpress\/wp-json\/wp\/v2\/types\/page"}],"author":[{"embeddable":true,"href":"https:\/\/www.freydis.de\/wordpress\/wp-json\/wp\/v2\/users\/3"}],"replies":[{"embeddable":true,"href":"https:\/\/www.freydis.de\/wordpress\/wp-json\/wp\/v2\/comments?post=6487"}],"version-history":[{"count":14,"href":"https:\/\/www.freydis.de\/wordpress\/wp-json\/wp\/v2\/pages\/6487\/revisions"}],"predecessor-version":[{"id":7321,"href":"https:\/\/www.freydis.de\/wordpress\/wp-json\/wp\/v2\/pages\/6487\/revisions\/7321"}],"up":[{"embeddable":true,"href":"https:\/\/www.freydis.de\/wordpress\/wp-json\/wp\/v2\/pages\/953"}],"wp:attachment":[{"href":"https:\/\/www.freydis.de\/wordpress\/wp-json\/wp\/v2\/media?parent=6487"}],"curies":[{"name":"wp","href":"https:\/\/api.w.org\/{rel}","templated":true}]}}