{"id":652,"date":"2011-02-11T12:28:06","date_gmt":"2011-02-11T11:28:06","guid":{"rendered":"https:\/\/www.freydis.de\/wordpress\/?page_id=652"},"modified":"2017-03-30T18:19:21","modified_gmt":"2017-03-30T17:19:21","slug":"forum","status":"publish","type":"page","link":"https:\/\/www.freydis.de\/wordpress\/kontakt\/forum\/","title":{"rendered":"Forum"},"content":{"rendered":"<p>Schreiben Sie Ihre Meinung oder Ihren Beitrag hier anschlie\u00dfend ins \u00f6ffentliche Forum. Aber bedenken Sie bitte: Eine Zensur findet statt. Und zwar dann, wenn der Moderator der Ansicht ist, dass sie sich ungeh\u00f6rig \u00e4u\u00dfern. Der Einfachheit halber entscheidet er das alleine \ud83d\ude09<\/p>\n<p>Schreiben Sie bitte auch Kommentare zu den einzelnen Beitr\u00e4gen. Am Ende jedes Beitrags haben Sie Gelegenheit, Ihre Meinung zu sagen. Und Ihre Meinung ist uns und der Crew wichtig.<\/p>\n<p>Wenn Sie nicht wollen, dass Ihr Kommentar hier \u00f6ffentlich erscheint, dann benutzen Sie bitte unsere anderen <a href=\"https:\/\/www.freydis.de\/wordpress\/kontakt\/\">Kontaktm\u00f6glichkeiten<\/a> f\u00fcr\u00a0eine private Mitteilung.<\/p>\n","protected":false},"excerpt":{"rendered":"<p>Schreiben Sie Ihre Meinung oder Ihren Beitrag hier anschlie\u00dfend ins \u00f6ffentliche Forum. Aber bedenken Sie bitte: Eine Zensur findet statt. Und zwar dann, wenn der Moderator der Ansicht ist, dass sie sich ungeh\u00f6rig \u00e4u\u00dfern. Der Einfachheit halber entscheidet er das &hellip; <a href=\"https:\/\/www.freydis.de\/wordpress\/kontakt\/forum\/\">Weiterlesen <span class=\"meta-nav\">&rarr;<\/span><\/a><\/p>\n","protected":false},"author":3,"featured_media":0,"parent":2,"menu_order":0,"comment_status":"open","ping_status":"closed","template":"","meta":{"footnotes":""},"class_list":["post-652","page","type-page","status-publish","hentry"],"jetpack_sharing_enabled":true,"_links":{"self":[{"href":"https:\/\/www.freydis.de\/wordpress\/wp-json\/wp\/v2\/pages\/652","targetHints":{"allow":["GET"]}}],"collection":[{"href":"https:\/\/www.freydis.de\/wordpress\/wp-json\/wp\/v2\/pages"}],"about":[{"href":"https:\/\/www.freydis.de\/wordpress\/wp-json\/wp\/v2\/types\/page"}],"author":[{"embeddable":true,"href":"https:\/\/www.freydis.de\/wordpress\/wp-json\/wp\/v2\/users\/3"}],"replies":[{"embeddable":true,"href":"https:\/\/www.freydis.de\/wordpress\/wp-json\/wp\/v2\/comments?post=652"}],"version-history":[{"count":7,"href":"https:\/\/www.freydis.de\/wordpress\/wp-json\/wp\/v2\/pages\/652\/revisions"}],"predecessor-version":[{"id":2737,"href":"https:\/\/www.freydis.de\/wordpress\/wp-json\/wp\/v2\/pages\/652\/revisions\/2737"}],"up":[{"embeddable":true,"href":"https:\/\/www.freydis.de\/wordpress\/wp-json\/wp\/v2\/pages\/2"}],"wp:attachment":[{"href":"https:\/\/www.freydis.de\/wordpress\/wp-json\/wp\/v2\/media?parent=652"}],"curies":[{"name":"wp","href":"https:\/\/api.w.org\/{rel}","templated":true}]}}