{"id":6641,"date":"2021-02-18T22:27:26","date_gmt":"2021-02-18T21:27:26","guid":{"rendered":"https:\/\/www.freydis.de\/wordpress\/?page_id=6641"},"modified":"2021-02-22T22:28:39","modified_gmt":"2021-02-22T21:28:39","slug":"eskapade","status":"publish","type":"page","link":"https:\/\/www.freydis.de\/wordpress\/buecher\/rezensionen\/eskapade\/","title":{"rendered":"Rezensionen zum Buch Eskapade"},"content":{"rendered":"\n<div class=\"wp-block-image\"><figure class=\"aligncenter size-large is-resized\"><a href=\"https:\/\/www.freydis.de\/wordpress\/wp-content\/uploads\/2021\/01\/1-DJI_0025-scaled.jpg\"><img loading=\"lazy\" decoding=\"async\" src=\"https:\/\/www.freydis.de\/wordpress\/wp-content\/uploads\/2021\/01\/1-DJI_0025-1024x576.jpg\" alt=\"\" class=\"wp-image-6508\" width=\"512\" height=\"288\" srcset=\"https:\/\/www.freydis.de\/wordpress\/wp-content\/uploads\/2021\/01\/1-DJI_0025-1024x576.jpg 1024w, https:\/\/www.freydis.de\/wordpress\/wp-content\/uploads\/2021\/01\/1-DJI_0025-300x169.jpg 300w, https:\/\/www.freydis.de\/wordpress\/wp-content\/uploads\/2021\/01\/1-DJI_0025-768x432.jpg 768w, https:\/\/www.freydis.de\/wordpress\/wp-content\/uploads\/2021\/01\/1-DJI_0025-1536x864.jpg 1536w, https:\/\/www.freydis.de\/wordpress\/wp-content\/uploads\/2021\/01\/1-DJI_0025-2048x1152.jpg 2048w\" sizes=\"auto, (max-width: 512px) 100vw, 512px\" \/><\/a><\/figure><\/div>\n\n\n\n<hr class=\"wp-block-separator has-text-color has-background has-black-background-color has-black-color is-style-default\"\/>\n\n\n\n<div class=\"wp-block-image\"><figure class=\"aligncenter size-large is-resized\"><img loading=\"lazy\" decoding=\"async\" src=\"https:\/\/www.freydis.de\/wordpress\/wp-content\/uploads\/2019\/07\/mare_134_wilts-465x1024.jpg\" alt=\"\" class=\"wp-image-5580\" width=\"465\" height=\"1024\"\/><\/figure><\/div>\n\n\n\n<hr class=\"wp-block-separator has-text-color has-background has-black-background-color has-black-color is-style-default\"\/>\n\n\n\n<blockquote class=\"wp-block-quote is-layout-flow wp-block-quote-is-layout-flow\"><p>Sehr geehrtes Ehepaar Wilts. V\u00f6llig begeistert und in den Bann gezogen war ich von Ihrem Segelbericht wie in dem Buch \u00fcber die NWP beschrieben. Perfekt war auch die neue Zuordnung der Bilder zum jeweiligen Kapitel.<\/p><p>Dadurch war man sofort im Bilde und hatte ein besseres Verst\u00e4ndnis f\u00fcr so manche Situationen oder Gegebenheiten.<\/p><p>Ich w\u00fcrde mir w\u00fcnschen, dass bei einer evtl. Neuauflage Ihrer vielen B\u00fccher eine \u00e4hnliche Aufteilung wie in dem Buch \u201eEskapade\u201c zur Anwendung kommt.<\/p><p>Sollte das bei dem einen oder anderen Buch bereits geschehen sein, so bitte ich um Angabe des jeweiligen Titels.<\/p><p>Ich habe schon einige B\u00fccher gelesen, w\u00fcrde aber das eine oder andere Buch in neuer Aufmachung auch noch ein zweites Mal lesen.<\/p><p>Mit freundlichen Gr\u00fc\u00dfen<\/p><p>Herbert Zaudig<\/p><cite>8. April 2020, Herbert Zaudig<\/cite><\/blockquote>\n\n\n\n<hr class=\"wp-block-separator has-text-color has-background has-black-background-color has-black-color is-style-default\"\/>\n\n\n\n<blockquote class=\"wp-block-quote is-layout-flow wp-block-quote-is-layout-flow\"><p>Aber noch ein Wort zum Layout des neuen Buches \u201eESKAPADE&#8220;: wir finden es voll gegl\u00fcckt. Durch die vielen Bilder, die Grafiken der Strecken, und nicht zuletzt durch die Gestaltung der Kapitel-Anf\u00e4nge ist es graphisch sehr gut gelungen. Da Heides Beschreibungen sich fast wie ein Krimi lesen, mussten wir uns immer wieder losrei\u00dfen, um das Buch nicht \u201ein einem Rutsch\u201c zu lesen \u2013 das w\u00e4re zu schade gewesen. Dabei konnten wir uns so in das Geschehen hineinversetzen, als wenn wir dabei gewesen w\u00e4ren. Super toll.<\/p><cite>14. Mai 2019, Renate &amp; Axel Stottmeister<\/cite><\/blockquote>\n\n\n\n<hr class=\"wp-block-separator has-text-color has-background has-black-background-color has-black-color is-style-default\"\/>\n\n\n\n<blockquote class=\"wp-block-quote is-layout-flow wp-block-quote-is-layout-flow\"><p>Ich habe mit gro\u00dfem Vergn\u00fcgen Eure Erlebnisse in der Nordwestpassage gelesen und mit gehofft, dass Ihr es schafft. Es war eine tolle Leistung und ein gro\u00dfes Abenteuer. Ich glaube, dass ESKAPADE das spannendste Buch ist, das Heide bisher geschrieben hat. Vor allem gef\u00e4llt der frische Schreibstil. Dank der hervorragenden Ausstattung des Hardcover-Buches mit den zahlreichen Fotos und Kartenausschnitten kann auch der Laie den T\u00f6rn gut nachvollziehen. Das Buch gibt dr\u00fcber hinaus einen Eindruck von den Auswirkungen des Klimawandels auf die Natur und Eisregion des Nordpolarmeeres und regt zum Nachdenken an<\/p><cite>12. April 2019, Harald Schwarzlose, Chefredakteur der YACHT i.R.<\/cite><\/blockquote>\n\n\n\n<hr class=\"wp-block-separator has-text-color has-background has-black-background-color has-black-color is-style-default\"\/>\n\n\n\n<blockquote class=\"wp-block-quote is-layout-flow wp-block-quote-is-layout-flow\"><p>Liebe Heide, nun kann ich es nicht mehr aushalten, muss meiner Begeisterung freien Lauf lassen. Ich danke Dir und Erich von Herzen f\u00fcr alles, was Ihr mir geschenkt habt! In den letzten Wochen habe ich Deine beiden letzten B\u00fccher durchgelesen, liebe Heide. Ich bin restlos begeistert! Eure gro\u00dfartige Nordreise habe ich ja schon im Internet begleitet, jedenfalls fast immer. Pausen gab es nur, wenn mein PC kaputt war\u2026 Aber Deine B\u00fccher, liebe Heide, die wunderbare Art, in der Du schreibst, wie Du einen begeisterst, packst, mitnimmst in all die gro\u00dfartige Natur, das ist wirklich gro\u00dfartig. Da muss ein ganz riesengro\u00dfes Dankesch\u00f6n nicht nur gedacht, sondern auch mal ausgesprochen werden!!!! Deine Schilderungen \u00fcber das Bordleben, die menschlichen Eigenheiten, alles, fesselt mich sehr, auch alle L\u00e4nder, die Ihr bereist habt. \u2026<br>. Manchmal hab ich ja ein schlechtes Gewissen, wenn ich durch das Lesen der vielen B\u00fccher hier entfliehe. Wir haben es doch so gut hier zu Hause. Aber es ist wohl die Neugier. Jeder muss sich seine Kraft woanders holen. Und mit 9o Jahren und schlechten Ohren gibt es eben nichts Besseres als D e i n e B\u00fccher, liebe Heide. Also, wenn Du jetzt vor mir stehen w\u00fcrdest, dann w\u00fcrde ich Dich fest in die Arme nehmen und d a n k e sagen.<\/p><p>Ich werde alles weiter verfolgen, bin in Gedanken bei Dir und Erich, w\u00fcnsche Euch, dass Euch keine Taifune, Hurrikane oder sonstige Ungeheuer mehr begegnen und gr\u00fc\u00dfe Euch zusammen mit Hermann ganz besonders herzlich. Eure dankbare Carin.<\/p><cite>28. Februar 2019, Dr. Carin Drath<\/cite><\/blockquote>\n\n\n\n<hr class=\"wp-block-separator has-text-color has-background has-black-background-color has-black-color is-style-default\"\/>\n\n\n\n<blockquote class=\"wp-block-quote is-layout-flow wp-block-quote-is-layout-flow\"><p>Was f\u00fcr eine Reise. Von Japan \u00fcber die Aleuten, Alaska, durch die Nordwestpassage und nach Gr\u00f6nland. Ein paar tausend Seemeilen durch extreme Gebiete dieser Welt, die sich nur die wenigsten freiwillig als Segelrevier aussuchen w\u00fcrden. Noch dazu sind der Skipper und sin Fru, die Autorin dieses Buches, nicht mehr die Allerj\u00fcngsten. Beide gut jenseits der 70. Aber das ist ja das Sch\u00f6ne am Segeln. Es ist kein Fu\u00dfball. Erfahrung z\u00e4hlt mehr als reine k\u00f6rperliche Fitness. Heute, w\u00e4hrend ich dieses schreibe, ist der Franzose Jean-Luc van den Heede, auch \u00fcber 70, als gelassener und sehr deutlicher Sieger des \u201eGolden Globe\u201c Rennens, einhand und nonstop um die Welt in kleinen Fahrtenschiffen mit der Technologie der 1960er Jahre, in den Zielhafen Les Sables d\u2019Olonne in Frankreich eingelaufen. Eine andere, lange Geschichte \u2013 an dieser Stelle nur so viel dazu: Der alte Fuchs hat es vielen, sehr viel j\u00fcngeren, deutlich gezeigt. Jean-Luc wusste vor dem Start, worauf er sich einlie\u00df, er f\u00fchlt sich auf See zuhause und, sofern die Natur nicht zu w\u00fctig wird, richtig wohl.<br>Und das trifft sicher auch auf diese beiden gro\u00dfartigen Segler, Heide und Erich Wilts, zu. Was haben die beiden nicht alles schon erlebt, ersegelt, es ist schier unglaublich. Mehrfach um die Welt, klar, in den wundersch\u00f6nen tropischen Gew\u00e4ssern, aber dann vor allem immer wieder in die hohen n\u00f6rdlichen und s\u00fcdlichen Breiten, bis an ihre eigenen und an nat\u00fcrliche (Eis)Grenzen in Arktis und Antarktis, inklusive einer freiwilligen \u00dcberwinterung im S\u00fcdwinter auf der Insel Deception. Damals konnten sie ihr Schiff noch retten und sp\u00e4ter, in Feuerland, reparieren. Im M\u00e4rz 2011 dann der wohl h\u00e4rteste Schlag, der Verlust ihres Schiffes beim ber\u00fcchtigten Tsunami in Japan \u2013 zum Gl\u00fcck, kann man wohl sagen, waren sie nicht an Bord. Nat\u00fcrlich h\u00e4tten sie um ihr Schiff gek\u00e4mpft, es vielleicht gerettet, doch vielleicht w\u00e4ren sie auch selber zu Schaden gekommen.<br>Das war f\u00fcr die beiden aber kein Grund zum Aufgeben. Beschrieben ist das in dem ebenfalls hier vorgestellten Buch K.O. \u2013 Und nochmal gepackt. Dieser Band nun ist die chronologische Fortsetzung davon, es geht wie eingangs gesagt in Japan los, wo das neue Schiff der Wilts\u2019 \u00fcberwintert hatte.<br>So ist dies auch kein Buch nur \u00fcber die Nordwestpassage. Die kommt zwar vor, aber eben nur als ein Abschnitt dieser Reise in wirklich entlegene Weltgegenden. Weit drau\u00dfen im Pazifik verlorene Inseln Japans, die vollkommen vergessenen Aleuten, dann die Halbinsel Alaskas \u2013 all das wird erlebt und beschrieben, bevor es auf einem relativ kurzen aber umso spannenderen St\u00fcck durch die eigentliche NWP geht.<br>Wie gewohnt berichtet Heide Wilts nicht nur vom Segeln, sondern vor allem von den Landschaften, Orten und Menschen die sie unterwegs trifft. Aber auch das Bordleben wird beschrieben, denn auch das ist spannend, da die beiden mit immer mal wieder wechselnder Crew segeln. Dass es dabei \u00fcberwiegend harmonisch zugeht, liegt wohl an den Charakteren der Protagonisten und daran, dass diese sich teilweise schon von fr\u00fcheren Segelt\u00f6rns her kannten und sch\u00e4tzten.<br>Zusammenfassend kann ich nur sagen, dass auch dieses neueste Buch von Heide Wilts absolut lesenswert ist, vor allem, wenn man sich f\u00fcr ausgefallene Segelabenteuer und entr\u00fcckte Weltgegenden begeistert. Von ihren B\u00fcchern ist es das erste, das im Parimare Verlag in Elmshorn erschienen ist. Der hat sich offenbar wirklich M\u00fche gegeben, denn das Buch ist wunderbar ausgestattet, mit vielen Karten und vor allem noch sehr viel mehr Bildern, Fotos, die an der jeweils richtigen Stelle im Text zu sehen sind und nicht, wie in einigen ihrer fr\u00fcheren B\u00fccher in anderen Verlagen, en bloc irgendwo in der Buchmitte. Fazit: Absolut empfehlenswert! <\/p><cite>30. Januar 2019, Detlef Jens, Literaturboot<\/cite><\/blockquote>\n\n\n\n<hr class=\"wp-block-separator has-text-color has-background has-black-background-color has-black-color is-style-default\"\/>\n\n\n\n<blockquote class=\"wp-block-quote is-layout-flow wp-block-quote-is-layout-flow\"><p><strong>Everest des Segelns<\/strong><\/p><p>In the history of maritime exploration no other part of the world has proved to be more difficult and has taken longer to conquer than the Northwest Passage. Since Roald Amundsen\u2019s successful transit in 1903-1906 on Gj\u00f8a, Heide and Erich\u2019s Freydis was only the 114th sailing boat to follow his example by completing a transit of this challenging waterway without outside assistance. To put it in proportion: for every sailor who has sailed the Northwest Passage, twelve have scaled the highest mountain summit in the world.<br>The worldwide adventures of Heide and Erich have inspired thousands of sailors and this book will confirm their status as a legend in their own time.<br>Jimmy Cornell<br><br>(Die weltumspannenden Abenteuer von Heide und Erich Wilts haben Tausende von Seglern inspiriert, und dieses Buch wird ihren Status als Legenden ihrer Zeit best\u00e4tigen.) Jimmy Cornell<\/p><cite>19. November 2018, Jimmy Cornell<\/cite><\/blockquote>\n\n\n\n<hr class=\"wp-block-separator has-text-color has-background has-black-background-color has-black-color is-style-default\"\/>\n\n\n\n<blockquote class=\"wp-block-quote is-layout-flow wp-block-quote-is-layout-flow\"><p>\u201eHeide Wilts, Deutschlands wohl befahrenste Seglerin, beschreibt in \u201eESKAPADE\u201c einen grandiosen Extremt\u00f6rn mit der ber\u00fchmten \u201eFreydis\u201c: die Durchquerung der legend\u00e4ren Nordwestpassage, seglerisch eine fantastische Leistung. Dennoch ist dieses Werk kein reines Segelbuch. Es nimmt seine Leser mit in eine Welt, die den meisten verschlossen bleibt, zu abgelegenen, im besten Sinn archaischen Landschaften und ihren Bewohnern \u2013 eine hochinteressante Abenteuerreise durch faszinierende Natur und zu fernen Kulturen.&#8220;<\/p><cite>13. November 2018, Uwe Jan\u00dfen, Chefredaktion der YACHT<\/cite><\/blockquote>\n\n\n\n<hr class=\"wp-block-separator has-text-color has-background has-black-background-color has-black-color is-style-default\"\/>\n\n\n\n<blockquote class=\"wp-block-quote is-layout-flow wp-block-quote-is-layout-flow\"><p>In ESKAPADE setzt das Seglerpaar die aufregende Chronik ihres Seglerlebens fort. Und wieder darf der Leser ihre ungestillte Sehnsucht nach Herausforderung und Wagnis, aber auch nach dem Erleben fremder Kulturen teilen.<\/p><cite>November 2018, Peter Sartorius, dreifacher Kischpreistr\u00e4ger, Chef-Reporter S\u00fcddeutsche Zeitung und Buchautor)<\/cite><\/blockquote>\n\n\n\n<hr class=\"wp-block-separator has-text-color has-background has-black-background-color has-black-color is-style-default\"\/>\n\n\n\n<h2 class=\"wp-block-heading\">Amazon<\/h2>\n\n\n\n<blockquote class=\"wp-block-quote is-style-default is-layout-flow wp-block-quote-is-layout-flow\"><p><strong>Sch\u00f6ne Beschreibung einer besonderen Reise<\/strong><\/p><p>Als Segler h\u00e4tte es mir gefallen, Wenn Frau Wilts etwas mehr zu den seglerischen Aspekten der Reise beschreiben w\u00fcrde. ich kann mir allerdings vorstellen, dass es bei den vielen B\u00fcchern die sie geschrieben hat irgendwann langweilig wird zu schreiben &#8220; Und dann setzten wir das Gro\u00dfsegel&#8220;.<br>Stattdessen gibt es sehr viele detailierte Beschreibungen zu den einzelnen Orten und deren Geschichte (!) &#8211; manchmal etwas zuviel f\u00fcr meinen Geschmack, denn ich wollte ja keinen Reisef\u00fchrer lesen, sondern ein Segelreisenbuch. Trotzdem liest sich das Buch fl\u00fcssig und ist teilweise auch spannend, denn die Nord-West Passage ist nunmal nicht irgendein Segelrevier. Die zahreichen und zum Teil au\u00dfergew\u00f6hnlichen Photos runden den guten Leseeindruck ab und machen es zusammen mit den Kartenausschnitten leicht, die Reise innerlich nachzu vollziehen.<\/p><cite>5. Februar 2019, amazon.de, Nutzer: Brilliant<\/cite><\/blockquote>\n\n\n\n<hr class=\"wp-block-separator has-text-color has-background has-black-background-color has-black-color\"\/>\n\n\n\n<blockquote class=\"wp-block-quote is-layout-flow wp-block-quote-is-layout-flow\"><p><strong>Endlich mal wieder ein Buch, das man mehrmals lesen kann!<\/strong><\/p><p>Was f\u00fcr ein sch\u00f6nes Buch! Gut geschrieben, gut aufgemacht. Eine unglaubliche Konsequenz, die die Wilts im hohen Alter an den Tag legen! In einer Zeit von segelnden Selfie-Fetischisten, die kaum einen Satz vern\u00fcnftig formulieren k\u00f6nnen sondern lieber aufgeregt in eine Kamera brabbeln, setzt sich Heide Wilts mit ihrem neuen Buch ESKAPADE wirkungsvoll vom Einheitsbrei der j\u00fcngeren so genannten Segelliteratur ab.<\/p><p>Die pr\u00e4zisen Formulierungen, die gut beschriebenen Hintergr\u00fcnde, die authentische Situationsbeschreibungen und erst Recht die vielen eindrucksvollen Bilder haben mich gepackt und das Buch nahezu in einem Rutsch durchlesen lassen. F\u00fcr mich einer der Besten Segel-Reiseberichte der letzten 10 Jahre. Unbedingt empfehlenswert f\u00fcr Reise- und Abenteuerlustige, auch wenn man selbst nicht ins Eis m\u00f6chte.<\/p><cite>30. Januar 2019, amazon.de, Nutzer: anonym<\/cite><\/blockquote>\n\n\n\n<hr class=\"wp-block-separator has-text-color has-background has-black-background-color has-black-color is-style-default\"\/>\n\n\n\n<blockquote class=\"wp-block-quote is-layout-flow wp-block-quote-is-layout-flow\"><p><strong>Gute Seglerlekt\u00fcre<\/strong><\/p><p>Gute Schilderung einer schwierigen Passage, aber manchmal etwas langatmig<\/p><cite>12. September 2020, amazon.de, Nutzer: anonym<\/cite><\/blockquote>\n\n\n\n<hr class=\"wp-block-separator has-text-color has-background has-black-background-color has-black-color is-style-default\"\/>\n\n\n\n<blockquote class=\"wp-block-quote is-layout-flow wp-block-quote-is-layout-flow\"><p><strong>Segelt\u00f6rn in kaum bekannte Regionen<br><\/strong><br>F\u00fcr einen Reisebericht sehr spannend geschrieben!<\/p><cite>4. August 2020, amazon.de, Nutzer: A.W.<\/cite><\/blockquote>\n\n\n\n<hr class=\"wp-block-separator has-text-color has-background has-black-background-color has-black-color is-style-default\"\/>\n\n\n\n<blockquote class=\"wp-block-quote is-layout-flow wp-block-quote-is-layout-flow\"><p><strong>Jack London h\u00e4tte es gefallen!<br><\/strong><br>Dies ist kein Buch f\u00fcr Segeltr\u00e4ume von einladenden Str\u00e4nden unter Palmen. Es ist fast durchgehend frostig-nasskalt und st\u00fcrmisch, die weit auseinanderliegenden H\u00e4fen oder Landepl\u00e4tze sind mit ihrer oft abgewrackten Bretterarchitektur an schroff vereisten H\u00e4ngen wenig einladend und die Ureinwohner sind nicht immer gut auf Besucher aus der westlichen Welt zu sprechen. Kein Wunder, deren Kunsthandwerk als wesentliche Einnahmequelle findet kaum noch Abnehmer seit beschnitzte Walrossz\u00e4hne etc. mit keinem Fluggep\u00e4ck mehr durchgehen. Wer also wollte da hin? Die erstaunlich erscheinende Antwort: Offenbar einige, denn an FREYDIS-Mitfahrern hat es dem wohl mit Abstand erfahrensten deutschen Seglerpaar Heide und Erich Wilts nie gemangelt, die sich ihnen gerne anvertrauen mochten. Es muss also einiges an Faszination von deren ungew\u00f6hnlichen Reisen ausgehen, dass allein schon eine Ank\u00fcndigung so einige Leute dazu bringt, sich um einen Platz auf einem Segelboot in der Gr\u00f6\u00dfe etwa der Hamburger Alsterbarkasse AUE f\u00fcr eine Durchquerung der legend\u00e4ren Nordwestpassage mit durchaus unsicherem Ausgang zu bewerben. Heide Wilts schafft es mit ihrer ruhigen Erz\u00e4hlweise ohne jede rei\u00dferische Effekthascherei die Spannung aber auch die Ehrfurcht vor einer grandios wilden, sch\u00f6nen aber auch absolut menschenfeindlichen Natur zu vermitteln, die die Teilnehmer vom ersten Augenblick der Expedition ergriff. Gefehlt hat mir nach meinem Geschmack etwas das &#8222;Zwischenmenschliche&#8220; im engen Zusammenleben an Bord. Ich vermute da eine absichtliche Zur\u00fcckhaltung. Wohl nicht jeder mag sich ver\u00f6ffentlicht sehen, besonders in seinen schw\u00e4cheren Momenten.<br>Das Vorhaben war alles andere als ungef\u00e4hrlich. Eine falsche Entscheidung wie z.B. das Passieren eines Eisfeldes an der falschen Seite konnte mit einer Winddrehung eine monatelange \u00dcberwinterung im Eis- aber durchaus auch Schiffbruch bedeuten \u2013 wohl m\u00f6glich hunderte Kilometer von jeder Hilfe entfernt. Beschrieben findet man Gefahren eher zwischen den Zeilen und in Nebens\u00e4tzen. Moderne Kommunikation half das Risiko zwar zu mindern \u2013 ein Wagnis blieb es immer.<\/p><p>Das Buch macht einen sehr wertigen Eindruck \u2013 ansprechendes Layout, schweres Papier, hervorragende Fotos, Lesezeichen, \u00dcbersichtskarten und ein Glossar, das auch Lesern au\u00dferhalb der Seglergemeinde Orientierung vermittelt. Ein wundersch\u00f6nes und au\u00dfergew\u00f6hnlich lohnendes Geschenk an sich selbst oder andere, die gerne lesend auf Weltenbummel gehen.<\/p><cite>8. Juli 2019, amazon.de, Nutzer: Wolf Elling<\/cite><\/blockquote>\n\n\n\n<hr class=\"wp-block-separator has-text-color has-background has-black-background-color has-black-color is-style-default\"\/>\n\n\n\n<blockquote class=\"wp-block-quote is-layout-flow wp-block-quote-is-layout-flow\"><p><strong>&#8222;ESKAPADE&#8220;! Kenntnisreich! Wunderbare Bilder. Begeisternd! Sehr zu empfehlen!<\/strong><br><br>Welche Crew hat mehr erfolgreich gesegelte Meilen im Kielwasser als dieses wunderbare Paar Heide und Erich Wilts? Und nun die Kr\u00f6nung! Der Olymp in der Segelei und ein Kurs, von dem viele Kapit\u00e4ne tr\u00e4umten und auf dem manch einer gescheitert ist. Heide und Erich &#8222;machten&#8220; die Nordwestpassage! Steigerung ist kaum m\u00f6glich. Ehre sei Ihnen und Ihren Mitseglern.<\/p><p><em>Das Buch &#8222;Eskapade&#8220; sei auch deshalb empfohlen, weil Heide spannend und kenntnisreich schildert. Die Fahrt beginnt in Japan und einmal mehr zeigt sich das Talent einer Frau, die nicht nur gut segeln kann, sondern die auch gut erz\u00e4hlt. \u00dcber die Aleuten geht es gen Alaska. Und es ob es nun die Pribilof-Inseln sind oder Nome, Barrow, Belot-Strasse oder Kodiak; solche Namen gehen unter die Haut bei einem jeden, der &#8222;aktic bitten&#8220; ist.<\/em><\/p><p><em>Wunderbar auch die vielen Photos. Wer die Bilder sieht, von den japanischen Alpen bis zu scheinbar undurchdringlichen Eisfeldern, von B\u00e4ren, Walen und arktischer Stimmung\u2026 M\u00f6ge diese Buch viele Leser finden! Aber Vorsicht! &#8222;Eskapade&#8220; macht s\u00fcchtig!<\/em><\/p><p><em>Gerd Engel &#8211; Kapit\u00e4n<\/em><\/p><cite>30. Januar 2019, amazon.de, Nutzer: <em>Gerd Engel Kapit\u00e4n- Dipl.Wirtsch.-Ing. f\u00fcr Seeverkehr<\/em><\/cite><\/blockquote>\n\n\n\n<hr class=\"wp-block-separator has-text-color has-background has-black-background-color has-black-color is-style-default\"\/>\n\n\n\n<blockquote class=\"wp-block-quote is-layout-flow wp-block-quote-is-layout-flow\"><p><strong>Ein gro\u00dfes Segelabenteuer<br><\/strong><br>Wochenlang kalte F\u00fc\u00dfe und nasse Klamotten. Wie froh ich bin, das Buch &#8222;ESKAPADE&#8220; bei moderatem Wetter und mit Komfort zu Hause oder an Bord zu lesen! Mitgenommen werde ich auf eine fantastische Reise mit dem Segelboot in eine kalte und lebensfeindliche Zone unserer Erde, die gleichwohl mit ihrer bizarren Sch\u00f6nheit fasziniert. Da haben wir mit unseren Freizeitspielzeugen nix verloren! Deshalb besonderen Respekt vor den Segelextremen Heide und Erich Wilts, die dieses Abenteuer angegangen sind und gemeistert haben.<br>Und wir sind mit an Bord: Durch die ausf\u00fchrliche und lebensnahe Schilderung bleibt die Reise nachvollziehbar und erlebbar, die fantastischen Fotos und die detaillierten Karten tun ihr \u00fcbriges. Die Sprache der Autorin gef\u00e4llt, nicht zu schw\u00fclstig und nicht selbst verliebt. Die &#8222;Sache&#8220;, Land, Leute, Natur, die Reise, das Schiff, die Crew bleiben im Vordergrund, ohne dramaturgische Eskapaden. Die Reise ist die Dramarturgie.<br>Das Buch ist wunderbar und liebevoll gemacht! Einband, Gestaltung, Fotos, Karten, Glossar, das nimmt der Leser gerne in die Hand, auch zum wiederholten Mal. Nicht zuletzt ein tolles Geschenk f\u00fcr Segel- und Abenteuerfreunde.<\/p><cite>10. Juli 2019, amazon.de, Nutzer: Tao<\/cite><\/blockquote>\n","protected":false},"excerpt":{"rendered":"<p>Sehr geehrtes Ehepaar Wilts. V\u00f6llig begeistert und in den Bann gezogen war ich von Ihrem Segelbericht wie in dem Buch \u00fcber die NWP beschrieben. Perfekt war auch die neue Zuordnung der Bilder zum jeweiligen Kapitel. Dadurch war man sofort im &hellip; <a href=\"https:\/\/www.freydis.de\/wordpress\/buecher\/rezensionen\/eskapade\/\">Weiterlesen <span class=\"meta-nav\">&rarr;<\/span><\/a><\/p>\n","protected":false},"author":5,"featured_media":0,"parent":6637,"menu_order":10,"comment_status":"closed","ping_status":"closed","template":"","meta":{"footnotes":""},"class_list":["post-6641","page","type-page","status-publish","hentry"],"jetpack_sharing_enabled":true,"_links":{"self":[{"href":"https:\/\/www.freydis.de\/wordpress\/wp-json\/wp\/v2\/pages\/6641","targetHints":{"allow":["GET"]}}],"collection":[{"href":"https:\/\/www.freydis.de\/wordpress\/wp-json\/wp\/v2\/pages"}],"about":[{"href":"https:\/\/www.freydis.de\/wordpress\/wp-json\/wp\/v2\/types\/page"}],"author":[{"embeddable":true,"href":"https:\/\/www.freydis.de\/wordpress\/wp-json\/wp\/v2\/users\/5"}],"replies":[{"embeddable":true,"href":"https:\/\/www.freydis.de\/wordpress\/wp-json\/wp\/v2\/comments?post=6641"}],"version-history":[{"count":22,"href":"https:\/\/www.freydis.de\/wordpress\/wp-json\/wp\/v2\/pages\/6641\/revisions"}],"predecessor-version":[{"id":6692,"href":"https:\/\/www.freydis.de\/wordpress\/wp-json\/wp\/v2\/pages\/6641\/revisions\/6692"}],"up":[{"embeddable":true,"href":"https:\/\/www.freydis.de\/wordpress\/wp-json\/wp\/v2\/pages\/6637"}],"wp:attachment":[{"href":"https:\/\/www.freydis.de\/wordpress\/wp-json\/wp\/v2\/media?parent=6641"}],"curies":[{"name":"wp","href":"https:\/\/api.w.org\/{rel}","templated":true}]}}