{"id":674,"date":"2011-02-14T12:06:07","date_gmt":"2011-02-14T11:06:07","guid":{"rendered":"https:\/\/www.freydis.de\/wordpress\/?page_id=674"},"modified":"2017-03-30T18:18:52","modified_gmt":"2017-03-30T17:18:52","slug":"7-jahre-rund-antarktis","status":"publish","type":"page","link":"https:\/\/www.freydis.de\/wordpress\/vortrage\/7-jahre-rund-antarktis\/","title":{"rendered":"V1: 7 Jahre rund Antarktis"},"content":{"rendered":"<h3 style=\"text-align: left;\">H\u00f6hepunkte und Tiefschl\u00e4ge einer Weltumsegelung<\/h3>\n<p><em>Ein Lichtbildervortrag von Heide &amp; Erich Wilts<\/em><\/p>\n<p><a href=\"https:\/\/www.freydis.de\/bilder\/2011\/02\/V1_plakat_antarktis.jpg\" rel=\"lightbox\"><img decoding=\"async\" src=\"https:\/\/www.freydis.de\/bilder\/2011\/02\/V1_plakat_antarktis.jpg\" alt=\"\" width=\"640\" border=\"0\" \/><\/a><\/p>\n<p style=\"text-align: justify;\"><em>Heide und Erich Wilts beenden ihre b\u00fcrgerlichen Berufe (sie als Radiologin, er als Gesch\u00e4ftsf\u00fchrer) nach 25 j\u00e4hriger T\u00e4tigkeit. Lange Jahre haben sie darauf hingearbeitet, ihren Traum zu verwirklichen und brechen mit ihrer st\u00e4hlernen 14 Meter langen Segelyacht FREYDIS zu einem einmaligen Abenteuer auf: Sie wollen im Kratersee der Insel Deception, einem aktiven Vulkan am Rande der Antarktischen Halbinsel, \u00fcberwintern. Im Anschlu\u00df daran planen sie eine mehrj\u00e4hrige Umrundung des 6. Kontinents, Antarktika, wobei sie sich viel Zeit f\u00fcr den Besuch der an seiner Peripherie gelegenen Archipele und Inseln mit ihren einzigartigen Naturparadiesen nehmen wollen.<\/em><\/p>\n<p><em>Dauer des Vortrags ca 2 Stunden.<\/em><\/p>\n<p><a href=\"https:\/\/www.freydis.de\/bilder\/2011\/02\/V1_Kurs_AA_I.jpg\" rel=\"lightbox\"><img decoding=\"async\" src=\"https:\/\/www.freydis.de\/bilder\/2011\/02\/V1_Kurs_AA_I.jpg\" alt=\"\" width=\"640\" border=\"0\" \/><\/a><\/p>\n<p style=\"text-align: justify;\"><big>D<\/big>urch Feuerland kreuzen sie zum Kap Hoorn und gelangen \u00fcber die st\u00fcrmische Drakepassage in die Region des ewigen Eises. F\u00fcnf Tage dauert es, bis die Welt von der Katastrophe erf\u00e4hrt. Da haben die Wilts schon das Schrecklichste \u00fcberstanden. Eine H\u00f6llennacht bei tosendem Sturm, minus 30 Grad, und schlie\u00dflich den Entschlu\u00df: runter vom gestrandeten Schiff, ins eisige Wasser, um \u2013 vielleicht \u2013 das eigene Leben zu retten.<\/p>\n<p style=\"text-align: justify;\">Sie \u00fcberwintern in einer Noth\u00fctte, reparieren die leckgeschlagene, mit Seewasser und Eis vollgelaufene FREYDIS in monatelanger m\u00fchevoller Arbeit und setzen dann ihre Reise zu den Inseln des S\u00fcdatlantischen und S\u00fcdindischen Ozeans fort bis nach Australien, wo nach 4 Jahren die erste H\u00e4lfte ihrer Kontinentalumrundung endet.<\/p>\n<p style=\"text-align: justify;\">Der Zuschauer erlebt die Umrundung Kap Hoorns, perfekte Segeltage, dramatische St\u00fcrme, lebensgef\u00e4hrliche Momente auf See. In ihrem mitrei\u00dfenden Live-Vortrag erz\u00e4hlen die Wilts von urspr\u00fcnglicher, gewaltiger Natur und von K\u00fcsten, die noch niemals zuvor eine Yacht erkundet hat, und sie sprechen auch von den allt\u00e4glichen Schwierigkeiten des Bordlebens, von ihren \u00c4ngsten und von den oft schweren Entscheidungen in der Schiffsf\u00fchrung.<\/p>\n<p style=\"text-align: justify;\">Heide und Erich Wilts sind seit 35 Jahren auf den Weltmeeren zu Hause, f\u00fcr ihre seglerischen Pionierleistungen wurden sie mit zahlreichen Preisen geehrt, allein zweimal \u2013 im Abstand von 20 Jahren \u2013 mit dem Trans-Ocean-Preis, der begehrtesten Troph\u00e4e der Blauwassersegler.<\/p>\n<p style=\"text-align: justify;\">GEO, Stern, Life, Times und Le Figaro ver\u00f6ffentlichten die preisgekr\u00f6nten Vortragsbilder.<\/p>\n<p style=\"text-align: justify; padding-left: 30px;\"><em>\u201eNur an den noch relativ wei\u00dfen Flecken unserer Erdkugel finden wir das, was wir wirklich suchen: ungeb\u00e4ndigte Natur, reiches Tierleben und eine in ihrer Urspr\u00fcnglichkeit belassene Landschaft. In der wilden Dramatik urweltlicher Eisberg-, Vulkan- und Gletscherszenerien d\u00fcrfen wir uns noch f\u00fchlen wie am Tage der Sch\u00f6pfung und wie in einer Welt vor dem S\u00fcndenfall. Wo sonst k\u00f6nnen sich Mensch und Tier noch in so paradiesischer Einheit begegnen?\u201c <\/em><\/p>\n<p style=\"text-align: justify;\"><em><span style=\"color: #606060;\">Heide Wilts in \u201eWILDER STILLER OZEAN\u201c, Bielefeld 2003<\/span><\/em><\/p>\n<p style=\"text-align: justify;\">W\u00e4hrend Erich fotografiert, ist Heide diejenige, die das gemeinsam Erlebte in Reportagen und B\u00fcchern beschreibt. Das letzte von 10 B\u00fcchern, das soeben erschienen ist, kommentiert Uwe George, Expeditionsleiter vom GEO Magazin, wie folgt:<\/p>\n<p style=\"text-align: justify; padding-left: 30px;\"><em>\u201eIm Zeitalter um sich greifender, sinnentleerter Rekords\u00fcchte liest sich \u201eWILDER STILLER OZEAN\u201c wie eine Fortsetzung der Berichte gro\u00dfer seefahrender Forschungsreisender vergangener Jahrhunderte \u2013 eine liebevolle, spannende, aber auch faktenreiche Nachlese in entlegensten Winkeln der Erde&#8230;Ich w\u00fcnsche dem Buch viele, m\u00f6glichst angstfreie Leser.\u201c<\/em><\/p>\n<p><a href=\"https:\/\/www.freydis.de\/Vortraege\/V1_7_Jahre_rund_Antarktis_Presseinformation.pdf\">Presseinformationen (PDF)<\/a><\/p>\n","protected":false},"excerpt":{"rendered":"<p>H\u00f6hepunkte und Tiefschl\u00e4ge einer Weltumsegelung Ein Lichtbildervortrag von Heide &amp; Erich Wilts Heide und Erich Wilts beenden ihre b\u00fcrgerlichen Berufe (sie als Radiologin, er als Gesch\u00e4ftsf\u00fchrer) nach 25 j\u00e4hriger T\u00e4tigkeit. Lange Jahre haben sie darauf hingearbeitet, ihren Traum zu verwirklichen &hellip; <a href=\"https:\/\/www.freydis.de\/wordpress\/vortrage\/7-jahre-rund-antarktis\/\">Weiterlesen <span class=\"meta-nav\">&rarr;<\/span><\/a><\/p>\n","protected":false},"author":3,"featured_media":0,"parent":320,"menu_order":1,"comment_status":"closed","ping_status":"open","template":"","meta":{"footnotes":""},"class_list":["post-674","page","type-page","status-publish","hentry"],"jetpack_sharing_enabled":true,"_links":{"self":[{"href":"https:\/\/www.freydis.de\/wordpress\/wp-json\/wp\/v2\/pages\/674","targetHints":{"allow":["GET"]}}],"collection":[{"href":"https:\/\/www.freydis.de\/wordpress\/wp-json\/wp\/v2\/pages"}],"about":[{"href":"https:\/\/www.freydis.de\/wordpress\/wp-json\/wp\/v2\/types\/page"}],"author":[{"embeddable":true,"href":"https:\/\/www.freydis.de\/wordpress\/wp-json\/wp\/v2\/users\/3"}],"replies":[{"embeddable":true,"href":"https:\/\/www.freydis.de\/wordpress\/wp-json\/wp\/v2\/comments?post=674"}],"version-history":[{"count":10,"href":"https:\/\/www.freydis.de\/wordpress\/wp-json\/wp\/v2\/pages\/674\/revisions"}],"predecessor-version":[{"id":2466,"href":"https:\/\/www.freydis.de\/wordpress\/wp-json\/wp\/v2\/pages\/674\/revisions\/2466"}],"up":[{"embeddable":true,"href":"https:\/\/www.freydis.de\/wordpress\/wp-json\/wp\/v2\/pages\/320"}],"wp:attachment":[{"href":"https:\/\/www.freydis.de\/wordpress\/wp-json\/wp\/v2\/media?parent=674"}],"curies":[{"name":"wp","href":"https:\/\/api.w.org\/{rel}","templated":true}]}}