{"id":712,"date":"2011-02-14T14:12:19","date_gmt":"2011-02-14T13:12:19","guid":{"rendered":"https:\/\/www.freydis.de\/wordpress\/?page_id=712"},"modified":"2017-03-30T18:19:09","modified_gmt":"2017-03-30T17:19:09","slug":"mit-geo-durch-melanesien","status":"publish","type":"page","link":"https:\/\/www.freydis.de\/wordpress\/vortrage\/mit-geo-durch-melanesien\/","title":{"rendered":"V3: Mit GEO durch Melanesien"},"content":{"rendered":"<h3>Expedition ins Ungewisse<\/h3>\n<p><em>Ein Lichtbildervortrag von Heide &amp; Erich Wilts<\/em><\/p>\n<p><a rel=\"lightbox\" href=\"https:\/\/www.freydis.de\/bilder\/2011\/02\/V3_plakat_melanesien.jpg\"><img decoding=\"async\" src=\"https:\/\/www.freydis.de\/bilder\/2011\/02\/V3_plakat_melanesien.jpg\" border=\"0\" alt=\"\" width=\"640\" \/><\/a><\/p>\n<p style=\"text-align: justify;\"><em>Nach gelungener 7-j\u00e4hriger Antarktisumrundung wollten die Wilts auf dem k\u00fcrzesten Wege vom Kap Hoorn \u00fcber den Atlantik nach Hause. Da wurden sie von der Anfrage des GEO-Magazins \u00fcberrascht, ob sie mit ihrer Freydis als Expeditionsbasis f\u00fcr eine viermonatige Forschungsreise durch Melanesien zur Verf\u00fcgung st\u00fcnden. Sie sagten zu und damit begann lt. GEO \u201edie aufw\u00e4ndigste Produktion in der Geschichte von GEO.\u201c Und f\u00fcr die Wilts begann eine der abenteuerlichsten Reisen ihrer 40-j\u00e4hrigen Segellaufbahn.<\/em><\/p>\n<p><em>Dauer des Vortrags ca 2 Stunden.<\/em><\/p>\n<p><a rel=\"lightbox\" href=\"https:\/\/www.freydis.de\/bilder\/2011\/02\/V3_Kurs_Melanesien.jpg\"><img decoding=\"async\" src=\"https:\/\/www.freydis.de\/bilder\/2011\/02\/V3_Kurs_Melanesien.jpg\" border=\"0\" alt=\"\" width=\"640\" \/><\/a><\/p>\n<p style=\"text-align: justify;\"><big>M<\/big>elanesien ist auch f\u00fcr Heide und Erich Wilts Neuland. Es ist der am wenigsten bekannte Teil Ozeaniens, besteht aus Inseln und Archipelen, die immer noch voller Geheimnisse sind. Wer von der S\u00fcdsee spricht, meint meist den touristisch erschlossenen Teil des Pazifik, von Tahiti bis Tonga, von der Osterinsel bis Hawaii, nicht die Inselwelt in seiner westlichen Ecke, in der auch heute noch das Archaische gegen die Moderne steht.<\/p>\n<p style=\"text-align: justify;\">Melanesien stellt als Segelrevier besonders hohe Anforderungen an die Navigation und Seemannschaft. Im Kalmeng\u00fcrtel l\u00e4ngs des \u00c4quators herrschen oft schlechte Sichtverh\u00e4ltnisse, viel Regen, oft Gewitter mit B\u00f6en und Sturmwalzen. Das Seegebiet ist voller Riffe und z.T. gar nicht oder ungenau kartografiert. T\u00fcckische Str\u00f6mungen, deren Richtung und St\u00e4rke meist nicht bekannt ist, laufen in den riffverseuchten Gew\u00e4ssern. Um an entlegene, interessante Pl\u00e4tze zu kommen, m\u00fcssen oft Ankerpl\u00e4tze gefunden und aufgesucht werden, die wenig Schutz bieten.<\/p>\n<p style=\"text-align: justify;\">Die\tExpeditionsteilnehmer\tsind\tganz\tauf\tsich\tgestellt:\tDie Versorgungsm\u00f6glichkeiten sind schlecht. Die Suche, selbst nach Grundnahrungsmitteln und einfachen Getr\u00e4nken, ja sogar nach Trinkwasser, nimmt viel Zeit in Anspruch und das k\u00fcmmerliche Ergebnis ist oft frustrierend. Es gibt keine Werften und Spezialisten f\u00fcr Reparaturen. Alle Teilnehmer sind sich der Gesundheitsrisiken durch zahlreiche grassierende Tropenkrankheiten, insbesondere die Malaria, bewusst. Die Gew\u00e4sser sind hai- und krokodilverseucht. B\u00fcrger- und Stammeskriege w\u00fcten sowohl auf Guadalcanal (Salomonen) als auch auf der Insel Bougainville in Papua Neuguinea.<\/p>\n<p style=\"text-align: justify;\">Die GEO-Expedition wurde ein voller Erfolg. Kein Teilnehmer wurde krank oder verletzte sich ernsthaft und das st\u00e4hlerne Schiff \u00fcberstand die Reise dank seiner soliden Bauweise (u.a. ausgestattet mit einem Schwenkkiel und einer 20 mm starken Bodenplatte). Die drei Teams brachten Topergebnisse mit nach Deutschland. Statt des geplanten Dreiteilers wurde eine Serie \u00fcber vier \u201eGr\u00fcne Hefte\u201c ver\u00f6ffentlicht. Hinzu kamen weitere Beitr\u00e4ge im neuen GEO-Special \u201eS\u00fcdsee\u201c und als kr\u00f6nender Abschlu\u00df erschien 2002 der pr\u00e4chtige Bildband \u201eARCHIPEL SEHNSUCHT \u2013 Geschichten aus der S\u00fcdsee\u201c.<\/p>\n<p style=\"text-align: justify;\">Die Wilts hatten sich vertraglich ausbedungen, ebenfalls f\u00fcr eigene Reportagen und B\u00fccher vor Ort zu recherchieren und zu fotografieren. Vom Start beim Kap Hoorn bis zum Ende der Pazifik-\u00dcberquerung in Australien sind \u00fcber 25.000 Fotos entstanden. Der Extrakt aus dieser Materialf\u00fclle zeigt eine andere Perspektive als die der drei GEO-Teams, die sich ausschlie\u00dflich auf die besuchten L\u00e4nder und ihre Bewohner konzentrierten.<\/p>\n<p style=\"text-align: justify;\">Die Wilts beziehen in ihre Beobachtungen nicht nur sich und die Freydis mit ein, sondern auch die \u00e4u\u00dferst interessante Arbeit der drei GEO- Teams, die sie monatelang bei ihrem Schaffen beobachten konnten. Und nat\u00fcrlich sprechen sie auch \u00fcber die menschlichen Aspekte und Probleme, die eine solche Zusammenarbeit an Bord unter den extremen Belastungen des Teams durch den Erfolgsdruck und die schwierigen \u00e4u\u00dferen Bedingungen mit sich bringt.<\/p>\n<p><a href=\"https:\/\/www.freydis.de\/Vortraege\/V3_Melanesien_Presseinformation.pdf\">Presseinformationen<\/a> (PDF)<\/p>\n","protected":false},"excerpt":{"rendered":"<p>Expedition ins Ungewisse Ein Lichtbildervortrag von Heide &amp; Erich Wilts Nach gelungener 7-j\u00e4hriger Antarktisumrundung wollten die Wilts auf dem k\u00fcrzesten Wege vom Kap Hoorn \u00fcber den Atlantik nach Hause. Da wurden sie von der Anfrage des GEO-Magazins \u00fcberrascht, ob sie &hellip; <a href=\"https:\/\/www.freydis.de\/wordpress\/vortrage\/mit-geo-durch-melanesien\/\">Weiterlesen <span class=\"meta-nav\">&rarr;<\/span><\/a><\/p>\n","protected":false},"author":3,"featured_media":0,"parent":320,"menu_order":3,"comment_status":"closed","ping_status":"closed","template":"","meta":{"footnotes":""},"class_list":["post-712","page","type-page","status-publish","hentry"],"jetpack_sharing_enabled":true,"_links":{"self":[{"href":"https:\/\/www.freydis.de\/wordpress\/wp-json\/wp\/v2\/pages\/712","targetHints":{"allow":["GET"]}}],"collection":[{"href":"https:\/\/www.freydis.de\/wordpress\/wp-json\/wp\/v2\/pages"}],"about":[{"href":"https:\/\/www.freydis.de\/wordpress\/wp-json\/wp\/v2\/types\/page"}],"author":[{"embeddable":true,"href":"https:\/\/www.freydis.de\/wordpress\/wp-json\/wp\/v2\/users\/3"}],"replies":[{"embeddable":true,"href":"https:\/\/www.freydis.de\/wordpress\/wp-json\/wp\/v2\/comments?post=712"}],"version-history":[{"count":8,"href":"https:\/\/www.freydis.de\/wordpress\/wp-json\/wp\/v2\/pages\/712\/revisions"}],"predecessor-version":[{"id":2468,"href":"https:\/\/www.freydis.de\/wordpress\/wp-json\/wp\/v2\/pages\/712\/revisions\/2468"}],"up":[{"embeddable":true,"href":"https:\/\/www.freydis.de\/wordpress\/wp-json\/wp\/v2\/pages\/320"}],"wp:attachment":[{"href":"https:\/\/www.freydis.de\/wordpress\/wp-json\/wp\/v2\/media?parent=712"}],"curies":[{"name":"wp","href":"https:\/\/api.w.org\/{rel}","templated":true}]}}