{"id":724,"date":"2011-02-14T14:58:28","date_gmt":"2011-02-14T13:58:28","guid":{"rendered":"https:\/\/www.freydis.de\/wordpress\/?page_id=724"},"modified":"2017-03-30T18:18:52","modified_gmt":"2017-03-30T17:18:52","slug":"wilder-stiller-ozean","status":"publish","type":"page","link":"https:\/\/www.freydis.de\/wordpress\/vortrage\/wilder-stiller-ozean\/","title":{"rendered":"V2: Wilder Stiller Ozean"},"content":{"rendered":"<h3>Segelabenteuer im S\u00fcdpazifik<\/h3>\n<p><em>Ein Lichtbildervortrag von Heide &amp; Erich Wilts<\/em><\/p>\n<p><a rel=\"lightbox\" href=\"https:\/\/www.freydis.de\/bilder\/2011\/02\/V2_plakat_wilder_ozean.jpg\"><img decoding=\"async\" src=\"https:\/\/www.freydis.de\/bilder\/2011\/02\/V2_plakat_wilder_ozean.jpg\" border=\"4\" alt=\"\" width=\"640\" \/><\/a><\/p>\n<p style=\"text-align: justify;\"><em>Halbzeit! Nach 3 \u00bd Jahren auf der Route der Albatrosse rund um den Antarktischen Kontinent haben die Wilts mit ihrer FREYDIS Australien erreicht. Strandung und \u00dcberwinterung im Kratersee der Vulkaninsel Deception liegen ebenso hinter ihnen wie die sturmumtosten Eilande des S\u00fcdatlantischen und S\u00fcdindischen Ozeans mit ihren eindrucksvollen Tierparadiesen.<\/em><\/p>\n<p><em>Dauer des Vortrags ca 2 Stunden.<\/em><\/p>\n<p><a rel=\"lightbox\" href=\"https:\/\/www.freydis.de\/bilder\/2011\/02\/V2_Kurs_AA_II.jpg\"><img decoding=\"async\" src=\"https:\/\/www.freydis.de\/bilder\/2011\/02\/V2_Kurs_AA_II.jpg\" border=\"0\" alt=\"\" width=\"640\" \/><\/a><\/p>\n<p style=\"text-align: justify;\"><big>N<\/big>un gelangen die Wilts \u00fcber die Tasmansee von Australien nach Neuseeland. Sie umrunden und erkunden diese sch\u00f6ne Doppelinsel in den n\u00e4chsten 1  \u00bd  Jahren. Zu den H\u00f6hepunkten z\u00e4hlen f\u00fcr sie die mehrmaligen Besuche der von James Cook entdeckten Insel White Island, Neuseelands aktivstem Vulkan, und des Fjordlandes im S\u00fcdosten Neuseelands, der Welt gr\u00f6\u00dfter Nationalpark.<\/p>\n<p style=\"text-align: justify;\">Von der S\u00fcdspitze Neuseelands brechen sie auf zu einer 10-w\u00f6chigen Reise in die im S\u00fcden Neuseelands und Australiens gelegene subantarktische Inselwelt. Als erste Yacht \u00fcberhaupt k\u00f6nnen sie alle die \u00fcber ein gro\u00dfes Seegebiet verstreuten Inseln besuchen und sie \u00fcberschreiten erneut die Antarktische Konvergenz und den s\u00fcdlichen Polarkreis. In der N\u00e4he der Scott-Insel verwehrt ein dichter Packeisg\u00fcrtel den Zutritt zum Rossmeer und zwingt zur Umkehr, nachdem sie nur knapp dem Eingeschlossenwerden durch Packeis und Eisberge entkommen sind.<\/p>\n<p style=\"text-align: justify;\">Gegen die vorherrschenden Winde und Str\u00f6mungen segeln die Wilts von Neuseeland aus \u00fcber die S\u00fcdsee in Richtung S\u00fcdamerika. Bekannte Inselgruppenund Eilande (Cook-, Gesellschaftsinseln, Tuamotus, Osterinsel) liegen ebenso auf ihrer Route wie selten bereiste: Kermadec-, Gambierinseln, Pitcairn, Sala y Gomez, Robinson Crusoe.<\/p>\n<p style=\"text-align: justify;\">Die erkl\u00e4rte Liebe der Wilts gilt den urspr\u00fcnglichen, von der Zivilisation noch ungeb\u00e4ndigten Flecken unserer Erde. Und so fesselt sie besonders die pazifische Seite S\u00fcdamerikas: Die Atacama-W\u00fcste und der gewaltige Irrgarten patagonisch-feuerl\u00e4ndischer Fjorde und Inseln. Zum 12. Mal umrunden sie Kap Hoorn und erleiden zweimal fast Schiffbruch. Trotz aller Widrigkeiten erreichen sie die Antarktische Halbinsel und schlie\u00dfen nach sieben Jahren und 44.000 Seemeilen mit dem Wiedersehen ihrer Schicksalsinsel Deception, auf der sie zu Beginn\tihrer\tReise\tnach\teiner\tStrandung\t\u00fcberwintert\thatten,\tihre Antarktisumsegelung ab.<\/p>\n<p style=\"text-align: justify;\">Wilder Stiller Ozean ist eine Liebeserkl\u00e4rung der bekannten Segler an ihr Traumrevier, das den Zuschauer teilhaben l\u00e4sst an den Sch\u00f6nheiten der Natur, an hautnahen Begegnungen mit Robben, Delphinen, Pinguinen, Walen, Albatrossen, aber auch an dramatischen Szenen in Sturm und Eis. Heide und Erich Wilts bekennen aber auch ihre Anstrengungen und \u00c4ngste auf einer derart abenteuerlichen Reise und lassen den Zuschauer ihren Wagemut und ihre Entdeckerfreude sehr pers\u00f6nlich miterleben.<\/p>\n<p style=\"text-align: justify;\">Kein anderes deutsches Seglerpaar wagt solche Extremreisen wie die Wilts. In den letzten 25 Jahren unternahmen sie 13 Reisen zum Kap Hoorn und je 6 Expeditionen in die Antarktis und das Nordpolarmeer. Ihre Reisen wurden mit vielen Preisen gew\u00fcrdigt, u.a. mit dem internationalen Fotopreis Marian Skubin\/No Limits Award.<\/p>\n<p style=\"padding-left: 30px; text-align: justify;\"><em>\u201eDie S\u00fcdsee w\u00fcrden wir stets allen anderen tropischen Revieren vorziehen. Sie erf\u00fcllt unsere Sehnsucht nach Entspannung, Heiterkeit, unbeschwertem\tLeben,\tnach\tW\u00e4rme,\tSonne,\tPalmenstr\u00e4nden, schillernden Lagunen, freundlichen Menschen. Unsere Herzenslandschaft ist die S\u00fcdsee jedoch nicht: Das ist auch weiterhin die Antarktis und die subantarktischen und antarktischen Eilande. Immer wieder zieht es uns mit \u201eLeidenschaft\u201c dorthin und wir sind bereit, daf\u00fcr \u201eLeiden\u201c auf uns zu nehmen. Das Segeln ist gewiss in erh\u00f6htem Ma\u00dfe mit Unw\u00e4gbarkeiten und Strapazen verbunden, erf\u00fcllt uns daf\u00fcr aber auch mit intensivem Lebensgef\u00fchl, neuer Lebenskraft und tiefer Befriedigung.<\/em><\/p>\n<p style=\"padding-left: 30px; text-align: justify;\"><em>Nur an den noch relativ wei\u00dfen Flecken unserer Erdkugel finden wir das, was wir wirklich suchen: ungeb\u00e4ndigte Natur, reiches Tierleben und eine in ihrer Urspr\u00fcnglichkeit belassene Landschaft. In der wilden Dramatik urweltlicher Eisberg-, Vulkan- und Gletscherszenerien d\u00fcrfen wir uns noch f\u00fchlen wie am Tag der Sch\u00f6pfung und wie in einer Welt vor dem S\u00fcndenfall. Wo sonst k\u00f6nnen sich Mensch und Tier noch in so paradiesischer Einheit begegnen?\u201c <\/em><\/p>\n<p><em><span style=\"color: #606060;\">Heide Wilts in \u201eWILDER STILLER OZEAN\u201c, Delius Klasing, Bielefeld 2003<\/span><\/em><\/p>\n<p><a href=\"https:\/\/www.freydis.de\/Vortraege\/V2_Wilder_Ozean_Presseinformation.pdf\">Pressinformationen<\/a> (PDF)<\/p>\n","protected":false},"excerpt":{"rendered":"<p>Segelabenteuer im S\u00fcdpazifik Ein Lichtbildervortrag von Heide &amp; Erich Wilts Halbzeit! Nach 3 \u00bd Jahren auf der Route der Albatrosse rund um den Antarktischen Kontinent haben die Wilts mit ihrer FREYDIS Australien erreicht. Strandung und \u00dcberwinterung im Kratersee der Vulkaninsel &hellip; <a href=\"https:\/\/www.freydis.de\/wordpress\/vortrage\/wilder-stiller-ozean\/\">Weiterlesen <span class=\"meta-nav\">&rarr;<\/span><\/a><\/p>\n","protected":false},"author":3,"featured_media":0,"parent":320,"menu_order":2,"comment_status":"closed","ping_status":"closed","template":"","meta":{"footnotes":""},"class_list":["post-724","page","type-page","status-publish","hentry"],"jetpack_sharing_enabled":true,"_links":{"self":[{"href":"https:\/\/www.freydis.de\/wordpress\/wp-json\/wp\/v2\/pages\/724","targetHints":{"allow":["GET"]}}],"collection":[{"href":"https:\/\/www.freydis.de\/wordpress\/wp-json\/wp\/v2\/pages"}],"about":[{"href":"https:\/\/www.freydis.de\/wordpress\/wp-json\/wp\/v2\/types\/page"}],"author":[{"embeddable":true,"href":"https:\/\/www.freydis.de\/wordpress\/wp-json\/wp\/v2\/users\/3"}],"replies":[{"embeddable":true,"href":"https:\/\/www.freydis.de\/wordpress\/wp-json\/wp\/v2\/comments?post=724"}],"version-history":[{"count":7,"href":"https:\/\/www.freydis.de\/wordpress\/wp-json\/wp\/v2\/pages\/724\/revisions"}],"predecessor-version":[{"id":2467,"href":"https:\/\/www.freydis.de\/wordpress\/wp-json\/wp\/v2\/pages\/724\/revisions\/2467"}],"up":[{"embeddable":true,"href":"https:\/\/www.freydis.de\/wordpress\/wp-json\/wp\/v2\/pages\/320"}],"wp:attachment":[{"href":"https:\/\/www.freydis.de\/wordpress\/wp-json\/wp\/v2\/media?parent=724"}],"curies":[{"name":"wp","href":"https:\/\/api.w.org\/{rel}","templated":true}]}}