{"id":7542,"date":"2022-04-25T18:57:58","date_gmt":"2022-04-25T17:57:58","guid":{"rendered":"https:\/\/www.freydis.de\/wordpress\/?page_id=7542"},"modified":"2022-04-25T18:58:00","modified_gmt":"2022-04-25T17:58:00","slug":"2013-segeljournal-16-fragen-an-heide-und-erich","status":"publish","type":"page","link":"https:\/\/www.freydis.de\/wordpress\/2013-segeljournal-16-fragen-an-heide-und-erich\/","title":{"rendered":"2013 &#8211; Segeljournal: 16 Fragen an Heide und Erich"},"content":{"rendered":"\n<p>Publiziert am\u00a0<a href=\"http:\/\/www.freydis.de\/wordpress\/?p=1622\">25. Oktober 2013<\/a><\/p>\n\n\n\n<p><strong>16 Fragen\u2026<\/strong><\/p>\n\n\n\n<p>\u2026hatte uns das&nbsp;<a href=\"http:\/\/www.segeljournal.com\/\"><u>SEGELJOURNAL<\/u><\/a>&nbsp;in Heft 3\/2013 gestellt. Hier unsere Antworten.<\/p>\n\n\n\n<p>Mit ihrer Freydis segelt das Ehepaar seit Jahrzehnten in die entlegensten Reviere der Welt. Nach dem dramatischen Verlust Ihrer letzten Yacht, der Freydis II, die ein Opfer des Erdbebens vor der japanischen K\u00fcste und der atomaren Strahlung des zerst\u00f6rten Kernkraftwerks Fukushima wurde, sind sie seit 2012 mit der neuen Freydis unterwegs. Ihre Reisen und ihr Wissen um die nahezu unber\u00fchrten Natursch\u00e4tze an den K\u00fcsten teilen sie gerne mit G\u00e4sten an Bord, die f\u00fcr einzelne Etappen mitsegeln k\u00f6nnen.<\/p>\n\n\n\n<p>SEIT WANN SEGELN SIE ZUSAMMEN?<em>Seit dem Tag vor 43 Jahren, als wir uns auf Norderney kennengelernt haben, als Erich mit seinem Finn vorbei segelte.<\/em><\/p>\n\n\n\n<p>WAS WAR IHR ERSTES EIGENES BOOT?<em>Ein Finn.<\/em><\/p>\n\n\n\n<p>WELCHES BOOT WOLLTEN SIE IMMER MAL SEGELN?<em>Wir tr\u00e4umten schon immer von so einem Boot, wie wir es jetzt haben.<\/em><\/p>\n\n\n\n<p>WIE IST DER NAME IHRES BOOTES?<em>Freydis, nach der Tochter von Erich dem Roten. Sie war Skipperin auf der f\u00fcnften Expedition der Wikinger in die Neue Welt vor rund 1.000 Jahren.<\/em><\/p>\n\n\n\n<p>IHR LIEBSTES SEGELREVIER?<em>Das ostfriesische Wattenmeer bei Ebbe und die Arktis und Antarktis, aber nicht bei Sturm.<\/em><\/p>\n\n\n\n<p>WIE VIELE TAGE IM JAHR VERBRINGEN SIE AUF DEM WASSER?<em>Zwischen vier und acht Monaten.<\/em><\/p>\n\n\n\n<p>IHR LIEBLINGSHAFEN?<em>Egal wo und in welchem Land, immer da, wo wir freundlich aufgenommen werden.<\/em><\/p>\n\n\n\n<p>IHRE LIEBSTE HAFENBAR?<em>Die Hafenbars in Australien, da trifft man die urigsten Typen.<\/em><\/p>\n\n\n\n<p>DER BESTE DRINK ZUM SONNENUNTERGANG?<em>F\u00fcr Erich einen Gin Tonic, f\u00fcr Heide einen Saft.<\/em><\/p>\n\n\n\n<p>MIT WEM W\u00dcRDEN SIE GERNE EINMAL SEGELN?<em>Erich mit Marilyn Monroe, Heide mit James Cook.<\/em><\/p>\n\n\n\n<p>WELCHE EIGENSCHAFTEN SCH\u00c4TZEN SIE AN SEGLERN AM MEISTEN?<em>Humor und Verantwortungsgef\u00fchl.<\/em><\/p>\n\n\n\n<p>DREI DINGE, DIE IMMER AN BORD SEIN SOLLTEN ?<em>Eine funktionierende Toilette, eine Herdflamme und ausreichend Verpflegung.<\/em><\/p>\n\n\n\n<p>WAS IST AN BORD V\u00d6LLIG \u00dcBERFL\u00dcSSIG?<em>Titel<\/em><\/p>\n\n\n\n<p>GIBT ES EINEN SEGLER, DER SIE SEHR BEEINDRUCKT HAT?<em>Am meisten James Cook, der im Pazifischen Ozean zahlreiche lnseln entdeckte und kartographierte.<\/em><\/p>\n\n\n\n<p>DAS BESTE SEGELBUCH?<em>Am meisten inspiriert haben uns \u201eGefangen im Eis\u201c von Tristan Jones und \u201eIce Bird\u201c von David Lewis<\/em><\/p>\n\n\n\n<p>SEGELN IST\u2026<em>\u2026f\u00fcr uns eine Leidenschaft, die manchmal leider Leiden schafft.<\/em><\/p>\n","protected":false},"excerpt":{"rendered":"<p>Publiziert am\u00a025. Oktober 2013 16 Fragen\u2026 \u2026hatte uns das&nbsp;SEGELJOURNAL&nbsp;in Heft 3\/2013 gestellt. Hier unsere Antworten. Mit ihrer Freydis segelt das Ehepaar seit Jahrzehnten in die entlegensten Reviere der Welt. Nach dem dramatischen Verlust Ihrer letzten Yacht, der Freydis II, die &hellip; <a href=\"https:\/\/www.freydis.de\/wordpress\/2013-segeljournal-16-fragen-an-heide-und-erich\/\">Weiterlesen <span class=\"meta-nav\">&rarr;<\/span><\/a><\/p>\n","protected":false},"author":3,"featured_media":0,"parent":0,"menu_order":0,"comment_status":"closed","ping_status":"closed","template":"","meta":{"footnotes":""},"class_list":["post-7542","page","type-page","status-publish","hentry"],"jetpack_sharing_enabled":true,"_links":{"self":[{"href":"https:\/\/www.freydis.de\/wordpress\/wp-json\/wp\/v2\/pages\/7542","targetHints":{"allow":["GET"]}}],"collection":[{"href":"https:\/\/www.freydis.de\/wordpress\/wp-json\/wp\/v2\/pages"}],"about":[{"href":"https:\/\/www.freydis.de\/wordpress\/wp-json\/wp\/v2\/types\/page"}],"author":[{"embeddable":true,"href":"https:\/\/www.freydis.de\/wordpress\/wp-json\/wp\/v2\/users\/3"}],"replies":[{"embeddable":true,"href":"https:\/\/www.freydis.de\/wordpress\/wp-json\/wp\/v2\/comments?post=7542"}],"version-history":[{"count":1,"href":"https:\/\/www.freydis.de\/wordpress\/wp-json\/wp\/v2\/pages\/7542\/revisions"}],"predecessor-version":[{"id":7543,"href":"https:\/\/www.freydis.de\/wordpress\/wp-json\/wp\/v2\/pages\/7542\/revisions\/7543"}],"wp:attachment":[{"href":"https:\/\/www.freydis.de\/wordpress\/wp-json\/wp\/v2\/media?parent=7542"}],"curies":[{"name":"wp","href":"https:\/\/api.w.org\/{rel}","templated":true}]}}