{"id":7554,"date":"2022-04-25T19:11:46","date_gmt":"2022-04-25T18:11:46","guid":{"rendered":"https:\/\/www.freydis.de\/wordpress\/?page_id=7554"},"modified":"2022-04-25T19:11:48","modified_gmt":"2022-04-25T18:11:48","slug":"2015-die-reise-ihres-lebens","status":"publish","type":"page","link":"https:\/\/www.freydis.de\/wordpress\/2015-die-reise-ihres-lebens\/","title":{"rendered":"2015 &#8211; Die Reise ihres Lebens"},"content":{"rendered":"\n<figure class=\"wp-block-image size-large\"><a href=\"https:\/\/www.freydis.de\/wordpress\/wp-content\/uploads\/2022\/04\/YACHT-252015-Titel_Wilts-scaled.jpg\"><img loading=\"lazy\" decoding=\"async\" width=\"786\" height=\"1024\" src=\"https:\/\/www.freydis.de\/wordpress\/wp-content\/uploads\/2022\/04\/YACHT-252015-Titel_Wilts-786x1024.jpg\" alt=\"\" class=\"wp-image-7556\" srcset=\"https:\/\/www.freydis.de\/wordpress\/wp-content\/uploads\/2022\/04\/YACHT-252015-Titel_Wilts-786x1024.jpg 786w, https:\/\/www.freydis.de\/wordpress\/wp-content\/uploads\/2022\/04\/YACHT-252015-Titel_Wilts-230x300.jpg 230w, https:\/\/www.freydis.de\/wordpress\/wp-content\/uploads\/2022\/04\/YACHT-252015-Titel_Wilts-768x1000.jpg 768w, https:\/\/www.freydis.de\/wordpress\/wp-content\/uploads\/2022\/04\/YACHT-252015-Titel_Wilts-1179x1536.jpg 1179w, https:\/\/www.freydis.de\/wordpress\/wp-content\/uploads\/2022\/04\/YACHT-252015-Titel_Wilts-1573x2048.jpg 1573w, https:\/\/www.freydis.de\/wordpress\/wp-content\/uploads\/2022\/04\/YACHT-252015-Titel_Wilts-scaled.jpg 1966w\" sizes=\"auto, (max-width: 786px) 100vw, 786px\" \/><\/a><\/figure>\n\n\n\n<figure class=\"wp-block-image size-large\"><a href=\"https:\/\/www.freydis.de\/wordpress\/wp-content\/uploads\/2022\/04\/image.png\"><img loading=\"lazy\" decoding=\"async\" width=\"1024\" height=\"666\" src=\"https:\/\/www.freydis.de\/wordpress\/wp-content\/uploads\/2022\/04\/image-1024x666.png\" alt=\"\" class=\"wp-image-7557\" srcset=\"https:\/\/www.freydis.de\/wordpress\/wp-content\/uploads\/2022\/04\/image-1024x666.png 1024w, https:\/\/www.freydis.de\/wordpress\/wp-content\/uploads\/2022\/04\/image-300x195.png 300w, https:\/\/www.freydis.de\/wordpress\/wp-content\/uploads\/2022\/04\/image-768x500.png 768w, https:\/\/www.freydis.de\/wordpress\/wp-content\/uploads\/2022\/04\/image-1536x1000.png 1536w, https:\/\/www.freydis.de\/wordpress\/wp-content\/uploads\/2022\/04\/image.png 1624w\" sizes=\"auto, (max-width: 1024px) 100vw, 1024px\" \/><\/a><\/figure>\n\n\n\n<p>Heide Wilts:<\/p>\n\n\n\n<p><strong>Die Reise unseres Lebens.<\/strong><\/p>\n\n\n\n<p>Die &#8222;Reise unseres Lebens\u201c? Das war ganz klar unsere Antarktisumsegelung! Aber sieben Jahre kann man nun einmal nicht in ein paar Zeilen zusammenfassen. Daher versuche ich nur den Gr\u00fcnden auf die Spur zu kommen, warum sie das ist und was sie uns letztlich f\u00fcr unser weiteres Leben an wertvollen Erfahrungen gegeben hat.<\/p>\n\n\n\n<p>(Kurz zur Reise: Sie begann im Oktober 1990 am Kap Hoorn und endete gut 7 Jahre sp\u00e4ter &#8211; im M\u00e4rz 1998 &#8211; am selben Kap. W\u00e4hrend unserer \u00dcberwinterung im Kratersee der Vulkaninsel Deception strandeten wir und \u00fcberlebten sieben Monate in einer Noth\u00fctte. Ende Dezember 1991 segelten wir mit der provisorisch reparierten Freydis nach Feuerland zur\u00fcck, wo wir das Schiff in sechs Monaten mit Unterst\u00fctzung von Feuerlandindianern \u00fcberholten und die geplante Antarktisumsegelung von West nach Ost in Angriff nahmen &#8211; wobei wir fast alle an ihrem Rande liegenden antarktischen und subantarktischen Archipele anlaufen und auch betreten konnten. Naturgem\u00e4\u00df war die Segelsaison dort sehr begrenzt; sobald der S\u00fcdwinter nahte, mussten wir in w\u00e4rmere Gefilde ausweichen. Das war f\u00fcr uns eine willkommene Abwechslung, oft verbunden mit dem Besuch tropischer Inseln abseits aller Touristenstr\u00f6me.)<\/p>\n\n\n\n<p>Also, warum &#8222;Reise unseres Lebens&#8220;?<\/p>\n\n\n\n<p>Vielleicht weil diese Reise in ein Gebiet f\u00fchrte, das f\u00fcr Segler auch heute noch in gro\u00dfen Teilen unber\u00fchrt und unbekannt ist: insbesondere zu Inseln an der Peripherie der Antarktis, etwa zu den Vulkanen der S\u00fcdsandwichgruppe, zu den Crozets, Kerguelen und Prince Edwards, nach Heard Island, Macquarie und den subantarktischen Inseln Neuseelands, um nur einige wenige zu nennen. In ihrer Abgeschiedenheit sind sie mit Millionen von Tieren &#8211; Albatrossen, Pinguinen, Seel\u00f6wen, Robben, Seeelefanten bev\u00f6lkert, die alle in dem kurzen antarktischen Sommer ihre Jungen aufziehen.<\/p>\n\n\n\n<p>Wir waren noch jung (zu Beginn 48 J) und die Risiken dieser Reise waren f\u00fcr uns eine Herausforderung: aus heutiger Sicht war es d i e Herausforderung unseres Seglerlebens! Seit unserem ersten Besuch der Antarktischen Halbinsel 1980\/81 mit unserer Freydis, hatten wir unbewusst oder bewusst auf diese gro\u00dfe Reise hingearbeitet. Zuletzt waren wir sogar bereit gewesen daf\u00fcr unsere Sicherheit zuhause, die wir uns in 30 Berufsjahren aufgebaut hatten, von einem Tag zum anderen aufzugeben.<\/p>\n\n\n\n<p>Daf\u00fcr durften wir die Welt noch in ihrer Urspr\u00fcnglichkeit, ihrer grandiosen Sch\u00f6nheit, erleben. Obwohl das &#8222;unbekannte S\u00fcdland&#8220; schon lange entdeckt war, f\u00fchlten uns oft wie Entdecker. Dass wir dort auch gnadenlose Grausamkeit erfuhren &#8211; b\u00f6se Strandung, tobende St\u00fcrme, das Eis, die schneidende K\u00e4lte und die Attacken auf unser Leben &#8211; haben wir nicht vergessen. Aber wir haben all diese Widrigkeiten bew\u00e4ltigt und darauf sind wir stolz.<\/p>\n\n\n\n<p>Wichtig waren f\u00fcr uns auch die menschlichen Kontakte. Besonders auf dieser Reise um die Antarktis begegneten uns auf wissenschaftlichen Stationen oder auf Forschungsschiffen immer wieder Menschen, die zur Natur eine ganz \u00e4hnliche Einstellung hatten wie wir &#8211; mit einigen von ihnen verbindet uns noch heute, 25 Jahre danach, eine herzliche Freundschaft.<\/p>\n\n\n\n<p>Ein weiterer, nicht weniger gewichtiger Punkt war der Zusammenhalt in den Crews &#8211; auf vielen riskanten Etappen hatten wir Mitsegler und Freunde an Bord &#8211; und das gemeinsame Erfolgserlebnis, nachdem wir H\u00fcrden \u00fcberwunden und Ziele erreicht hatten.<\/p>\n\n\n\n<p>Es ist wohl die besondere Mischung an Erlebnissen, Eindr\u00fccken und Begegnungen, die diese sieben Jahre lange Reise zur &#8222;Reise unseres Lebens&#8220; werden lie\u00df. Die Gef\u00fchle und Bilder, mit denen sie sich tief in unser Ged\u00e4chtnis eingegraben hat, begl\u00fccken und begeistern, bereichern und verfolgen uns bis heute. Sie schwei\u00dften und schwei\u00dfen uns als Paar zusammen und beeinflussen unser Denken und Handeln auch im t\u00e4glichen Leben. Und nicht zuletzt hat diese Reise uns angespornt zu vielen weiteren wundersch\u00f6nen und abenteuerlichen Segelreisen mit unserer Freydis.<\/p>\n\n\n\n<p>\u00dcber die hier von mir angef\u00fchrte Reise habe ich vier B\u00fccher und mit Erich zusammen weitere vier Text-Bildb\u00e4nde \u00fcber Delius Klasing ver\u00f6ffentlicht. Diese k\u00f6nnen noch alle \u00fcber uns bezogen werden. Dar\u00fcber hinaus sind die erz\u00e4hlenden B\u00fccher inzwischen alle als e-books bei Apple, Amazon und Tolino erh\u00e4ltlich.<\/p>\n\n\n\n<p>Anlage: Zwei Karten zu dieser Reise:\u00a0<\/p>\n\n\n\n<figure class=\"wp-block-image size-large\"><a href=\"https:\/\/www.freydis.de\/wordpress\/wp-content\/uploads\/2022\/04\/image-1.png\"><img loading=\"lazy\" decoding=\"async\" width=\"1024\" height=\"697\" src=\"https:\/\/www.freydis.de\/wordpress\/wp-content\/uploads\/2022\/04\/image-1-1024x697.png\" alt=\"\" class=\"wp-image-7558\" srcset=\"https:\/\/www.freydis.de\/wordpress\/wp-content\/uploads\/2022\/04\/image-1-1024x697.png 1024w, https:\/\/www.freydis.de\/wordpress\/wp-content\/uploads\/2022\/04\/image-1-300x204.png 300w, https:\/\/www.freydis.de\/wordpress\/wp-content\/uploads\/2022\/04\/image-1-768x523.png 768w, https:\/\/www.freydis.de\/wordpress\/wp-content\/uploads\/2022\/04\/image-1-1536x1046.png 1536w, https:\/\/www.freydis.de\/wordpress\/wp-content\/uploads\/2022\/04\/image-1.png 2000w\" sizes=\"auto, (max-width: 1024px) 100vw, 1024px\" \/><\/a><\/figure>\n\n\n\n<figure class=\"wp-block-image size-large\"><a href=\"https:\/\/www.freydis.de\/wordpress\/wp-content\/uploads\/2022\/04\/image-2.png\"><img loading=\"lazy\" decoding=\"async\" width=\"1024\" height=\"724\" src=\"https:\/\/www.freydis.de\/wordpress\/wp-content\/uploads\/2022\/04\/image-2-1024x724.png\" alt=\"\" class=\"wp-image-7559\" srcset=\"https:\/\/www.freydis.de\/wordpress\/wp-content\/uploads\/2022\/04\/image-2-1024x724.png 1024w, https:\/\/www.freydis.de\/wordpress\/wp-content\/uploads\/2022\/04\/image-2-300x212.png 300w, https:\/\/www.freydis.de\/wordpress\/wp-content\/uploads\/2022\/04\/image-2-768x543.png 768w, https:\/\/www.freydis.de\/wordpress\/wp-content\/uploads\/2022\/04\/image-2-1536x1086.png 1536w, https:\/\/www.freydis.de\/wordpress\/wp-content\/uploads\/2022\/04\/image-2.png 2000w\" sizes=\"auto, (max-width: 1024px) 100vw, 1024px\" \/><\/a><\/figure>\n","protected":false},"excerpt":{"rendered":"<p>Heide Wilts: Die Reise unseres Lebens. Die &#8222;Reise unseres Lebens\u201c? Das war ganz klar unsere Antarktisumsegelung! Aber sieben Jahre kann man nun einmal nicht in ein paar Zeilen zusammenfassen. Daher versuche ich nur den Gr\u00fcnden auf die Spur zu kommen, &hellip; <a href=\"https:\/\/www.freydis.de\/wordpress\/2015-die-reise-ihres-lebens\/\">Weiterlesen <span class=\"meta-nav\">&rarr;<\/span><\/a><\/p>\n","protected":false},"author":3,"featured_media":0,"parent":0,"menu_order":0,"comment_status":"closed","ping_status":"closed","template":"","meta":{"footnotes":""},"class_list":["post-7554","page","type-page","status-publish","hentry"],"jetpack_sharing_enabled":true,"_links":{"self":[{"href":"https:\/\/www.freydis.de\/wordpress\/wp-json\/wp\/v2\/pages\/7554","targetHints":{"allow":["GET"]}}],"collection":[{"href":"https:\/\/www.freydis.de\/wordpress\/wp-json\/wp\/v2\/pages"}],"about":[{"href":"https:\/\/www.freydis.de\/wordpress\/wp-json\/wp\/v2\/types\/page"}],"author":[{"embeddable":true,"href":"https:\/\/www.freydis.de\/wordpress\/wp-json\/wp\/v2\/users\/3"}],"replies":[{"embeddable":true,"href":"https:\/\/www.freydis.de\/wordpress\/wp-json\/wp\/v2\/comments?post=7554"}],"version-history":[{"count":1,"href":"https:\/\/www.freydis.de\/wordpress\/wp-json\/wp\/v2\/pages\/7554\/revisions"}],"predecessor-version":[{"id":7560,"href":"https:\/\/www.freydis.de\/wordpress\/wp-json\/wp\/v2\/pages\/7554\/revisions\/7560"}],"wp:attachment":[{"href":"https:\/\/www.freydis.de\/wordpress\/wp-json\/wp\/v2\/media?parent=7554"}],"curies":[{"name":"wp","href":"https:\/\/api.w.org\/{rel}","templated":true}]}}