{"id":799,"date":"2011-03-16T17:56:54","date_gmt":"2011-03-16T16:56:54","guid":{"rendered":"https:\/\/www.freydis.de\/wordpress\/?page_id=799"},"modified":"2017-03-30T18:18:52","modified_gmt":"2017-03-30T17:18:52","slug":"verlust-der-freydis","status":"publish","type":"page","link":"https:\/\/www.freydis.de\/wordpress\/veroeffentlichungen\/reiseberichte\/verlust-der-freydis\/","title":{"rendered":"Verlust der Freydis"},"content":{"rendered":"<p><i><b>Mit freundlicher Genehmigung der Emder Zeitung; Mittwoch, 16. M\u00e4rz 2011<\/b><\/i><\/p>\n<p><i>Der geb\u00fcrtige Leeraner Weltumsegler Erich Wilts hatte seine Yacht \u201eFreydis II\u201d in Japan zwischengeparkt. Erdbeben und Tsunami machten gro\u00dfe Pl\u00e4ne zunichte.<\/i><\/p>\n<p><b>Von EZ-Redakteur AXEL MILKERT S 0 49 21 \/ 89 00 410<\/b><\/p>\n<p>Iwaki\/Heidelberg. Innerhalb einer unvorstellbaren Trag\u00f6die wie der in Japan gibt es auch die vergleichsweise kleinen pers\u00f6nlichen Katastrophen. Eine solche ist dem geb\u00fcrtigen Leeraner Erich Wilts und seiner Frau Heide (beide 69) widerfahren. Ihr Boot, die \u201eFreydis II\u201d, ist allem Anschein nach ein Opfer von Erdbeben, Tsunami und atomarer Strahlung geworden.<\/p>\n<p>Dabei erlebte das Ehepaar gestern und am Montag eine emotionale Achterbahnfahrt. Sie hatten ihr gut 14 Meter langes Weltumseglungsboot im vergangenen Jahr in der Iwaki-Sun-Marina in Iwaki zwischengeparkt. Von dort wollten sie zum n\u00e4chsten T\u00f6rn aufbrechen, der sie &#8211; als erstes Boot dieser Art \u00fcberhaupt &#8211; nach Kamtschatka f\u00fchren w\u00fcrde. Es war alles vorbereitet. Dann kam das Erdbeben.<\/p>\n<p>Erich und Heide Wilts erhielten am vergangenen Sonntag eine E-Mail aus Iwaki. Darin erfuhren sie: Die Marina ist vollst\u00e4ndig zerst\u00f6rt und die \u201eFreydis II\u201d sei weggesp\u00fclt worden. Gestern dann meldete sich der Chefredakteur einer japanischen Seglerzeitschrift, die einmal \u00fcber das deutsche Boot berichtet hatte. Ein Leser habe das Boot entdeckt. Und der schickte auch gleich ein Foto mit. Die \u201eFreydis II\u201d liegt an einem Felsen unweit von Iwaki, offensichtlich noch recht gut in Schuss.<\/p>\n<p><center><br \/>\n<a href=\"https:\/\/www.freydis.de\/bilder\/2011\/03\/Freydis.png\" rel=\"lightbox\"><img decoding=\"async\" src=\"https:\/\/www.freydis.de\/bilder\/2011\/03\/Freydis.png\" alt=\"\" width=\"640\" border=\"0\" \/><\/a><\/center><center><i><span style=\"color: #606060;\">\u00dcber 248 000 Seemeilen hat sie hinter sich: die 1978\/79 gebaute<\/span><\/i><\/center><center><br \/>\n<a href=\"https:\/\/www.freydis.de\/bilder\/2011\/03\/110313_1711~01.jpg\" rel=\"lightbox\"><img decoding=\"async\" src=\"https:\/\/www.freydis.de\/bilder\/2011\/03\/110313_1711~01.jpg\" alt=\"\" width=\"640\" border=\"0\" \/><\/a><\/center><center><i><span style=\"color: #606060;\">Nach dem Tsunami: \u201eFreydis II\u201d an einem japanischen Felsen.<\/span><\/i><\/center>\u201eWir haben geheult, als wir das gesehen haben\u201d, sagte Erich Wilts im Gespr\u00e4ch mit der Emder Zeitung. Das Boot ist \u201eein wesentlicher Teil\u201d im Leben der beiden Segelenthusiasten, die auch in Emden schon mit ihren Vortr\u00e4gen begeisterten.<br \/>\n\u00dcber 248 000 Seemeilen haben sie mit ihrem Boot seit 1979 absolviert. Das sind elfeinhalb Erdumrundungen. Die T\u00f6rns f\u00fchrten unter anderem in die Antarktis, nach S\u00fcdamerika und in den Nordpazifik. S\u00e4mtliche Reisen, auch die mit der ersten \u201eFreydis\u201d, begannen in Leer.<\/p>\n<p>Erich und Heide Wilts &#8211; sie ist geb\u00fcrtig aus Stuttgart und ehemalige Ober\u00e4rztin der Ammerland-Klinik in Westerstede &#8211; wollen weitermachen, auch wenn beiden klar ist, dass ihr buchst\u00e4blich wieder aufgetauchtes Boot nicht mehr zu retten sein wird. Iwaki liegt zwei Autostunden s\u00fcd\u00f6stlich der havarierten Kernkraftwerke von Fukushima.<\/p>\n<p>Es soll wieder ein Boot her. Ein kostspieliges Unterfangen. M\u00fcsste er die \u201eFreydis II\u201d nachbauen, w\u00fcrde man heute mit 500 000 Euro nicht mehr hinkommen, sagte Erich Wilts. Sie werden arbeiten, um ihre Segeltr\u00e4ume weiter zu leben, k\u00fcndigte er an. Denn bis 75, sagte Erich Wilts, wolle er schon noch weitermachen. Arbeiten, das hei\u00dft vor allem: Vortr\u00e4ge halten. Das Ehepaar, das inzwischen in Heidelberg lebt, wird dann demn\u00e4chst vermutlich auch in Emden wieder zu sehen und zu h\u00f6ren sein.<\/p>\n<p>Bei allem Schmerz \u00fcber den Verlust der \u201eFreydis II\u201d sind ihre Gedanken bei den Menschen in Japan. \u201eAuch Freunde von uns wurden bereits evakuiert\u201d, wei\u00df Erich Wilts. Ken Ando, der Chefredakteur der Seglerzeitschrift, nennt es \u201eein Wunder\u201d, dass das deutsche Segelboot kaum Schaden genommen hat. Seine E-Mail schlie\u00dft mit den Worten: \u201eDie Menschen in Japan verlieren die Hoffnung nicht.\u201d<\/p>\n<p><center><br \/>\n<a href=\"https:\/\/www.freydis.de\/bilder\/2011\/03\/Heide&amp;Erich.png\" rel=\"lightbox\"><img decoding=\"async\" src=\"https:\/\/www.freydis.de\/bilder\/2011\/03\/Heide&amp;Erich.png\" alt=\"\" width=\"640\" border=\"0\" \/><\/a><\/center><center><i><span style=\"color: #606060;\">Wollen ihre Segeltr\u00e4ume noch ein paar Jahre weiterleben: Erich und Heide Wilts.<\/span><\/i><\/center><b>Presselinks:<\/b><\/p>\n<ul>\n<li>Emder Zeitung: Erst vernichtet, dann wieder aufgetaucht <a href=\"https:\/\/www.freydis.de\/bilder\/2011\/03\/16_03_2011_ez_26_0f1fc687aa-1.pdf\">Originalseite<\/a> (PDF, 800 KB)<\/li>\n<li>DerWesten: <a href=\"http:\/\/www.derwesten.de\/nachrichten\/panorama\/Tsunami-schnappte-sich-ihr-Schiff-id4428704.html\">Tsunami schnappte sich ihr Schiff<\/a><\/li>\n<li>WAZ: <a href=\"https:\/\/www.freydis.de\/bilder\/2011\/03\/WLT_3_1703_bw.pdf\">Tsunami schnappte sich ihr Schiff<\/a> (PDF\/schwarz-weiss, 0,5 MB)<\/li>\n<li>WAZ: <a href=\"https:\/\/www.freydis.de\/bilder\/2011\/03\/WLT_3_1703.pdf\">Tsunami schnappte sich ihr Schiff<\/a> (PDF\/Farbe, 7 MB)<\/li>\n<li>Rhein-Neckar-Zeitung: <a href=\"https:\/\/www.freydis.de\/bilder\/2011\/03\/RNZ_17.03.2011_Seite 5.pdf\">Heidelberger Schiff strandet in Atomsperrzone<\/a><\/li>\n<li>S\u00fcdkurier: <a href=\"https:\/\/www.freydis.de\/bilder\/2011\/03\/Japan Artikel Su\u0308dkurier.pdf\">Gefasst durchs Tr\u00fcmmerfeld<\/a><\/li>\n<li>YACHT 8\/2011: <a href=\"https:\/\/www.freydis.de\/bilder\/2011\/03\/YACHT_Freydis_8-11.pdf\">&#8222;Freydis&#8220; in Japan gestrandet<\/a><\/li>\n<li>Mannheimer Morgen, 12. April 2011: <a href=\"https:\/\/www.freydis.de\/bilder\/2011\/04\/20110421_mm-mitte_027.pdf\">Ein Zuhause versinkt in den Wellen<\/a><\/li>\n<li>WELT am SONNTAG, 1. Mai: <a href=\"https:\/\/www.freydis.de\/wordpress\/?p=894\">VERSTRAHLT UND VERLOREN<\/a><\/li>\n<li>YACHT 13\/2011: <a href=\"https:\/\/www.freydis.de\/bilder\/2011\/06\/Y13_Wilts.pdf\">\u00bbEs h\u00e4tte schlimmer kommen k\u00f6nnen\u00ab<\/a><\/li>\n<\/ul>\n","protected":false},"excerpt":{"rendered":"<p>Mit freundlicher Genehmigung der Emder Zeitung; Mittwoch, 16. M\u00e4rz 2011 Der geb\u00fcrtige Leeraner Weltumsegler Erich Wilts hatte seine Yacht \u201eFreydis II\u201d in Japan zwischengeparkt. Erdbeben und Tsunami machten gro\u00dfe Pl\u00e4ne zunichte. Von EZ-Redakteur AXEL MILKERT S 0 49 21 \/ &hellip; <a href=\"https:\/\/www.freydis.de\/wordpress\/veroeffentlichungen\/reiseberichte\/verlust-der-freydis\/\">Weiterlesen <span class=\"meta-nav\">&rarr;<\/span><\/a><\/p>\n","protected":false},"author":3,"featured_media":0,"parent":157,"menu_order":10,"comment_status":"closed","ping_status":"closed","template":"","meta":{"footnotes":""},"class_list":["post-799","page","type-page","status-publish","hentry"],"jetpack_sharing_enabled":true,"_links":{"self":[{"href":"https:\/\/www.freydis.de\/wordpress\/wp-json\/wp\/v2\/pages\/799","targetHints":{"allow":["GET"]}}],"collection":[{"href":"https:\/\/www.freydis.de\/wordpress\/wp-json\/wp\/v2\/pages"}],"about":[{"href":"https:\/\/www.freydis.de\/wordpress\/wp-json\/wp\/v2\/types\/page"}],"author":[{"embeddable":true,"href":"https:\/\/www.freydis.de\/wordpress\/wp-json\/wp\/v2\/users\/3"}],"replies":[{"embeddable":true,"href":"https:\/\/www.freydis.de\/wordpress\/wp-json\/wp\/v2\/comments?post=799"}],"version-history":[{"count":12,"href":"https:\/\/www.freydis.de\/wordpress\/wp-json\/wp\/v2\/pages\/799\/revisions"}],"predecessor-version":[{"id":2782,"href":"https:\/\/www.freydis.de\/wordpress\/wp-json\/wp\/v2\/pages\/799\/revisions\/2782"}],"up":[{"embeddable":true,"href":"https:\/\/www.freydis.de\/wordpress\/wp-json\/wp\/v2\/pages\/157"}],"wp:attachment":[{"href":"https:\/\/www.freydis.de\/wordpress\/wp-json\/wp\/v2\/media?parent=799"}],"curies":[{"name":"wp","href":"https:\/\/api.w.org\/{rel}","templated":true}]}}