{"id":833,"date":"2011-03-18T13:07:10","date_gmt":"2011-03-18T12:07:10","guid":{"rendered":"https:\/\/www.freydis.de\/wordpress\/?page_id=833"},"modified":"2017-03-30T18:18:17","modified_gmt":"2017-03-30T17:18:17","slug":"team","status":"publish","type":"page","link":"https:\/\/www.freydis.de\/wordpress\/skipper\/team\/","title":{"rendered":"Skipperteam Freydis"},"content":{"rendered":"<h3>Das Skipperteam \u00bbFreydis\u00ab in den Jahren 1985 \u2013 1989<\/h3>\n<p><i>(In alphabetischer Reihenfolge)<\/i><\/p>\n<p><big>B<\/big>is zum 30. April 1990 waren wir in unseren Berufen gefordert. Um trotzdem gro\u00dfe Reisen mit der Freydis rund um den Nordatlantik und rund um Afrika durchf\u00fchren zu k\u00f6nnen (siehe unter &#8222;WELTREISEN&#8220;) , haben wir aus dem Stamm unserer Mitsegler eine Segelkameradschaft gebildet. Daraus entwickelte sich ein Skipperteam, dem folgende Freunde und Familienmitglieder angeh\u00f6rten:<\/p>\n<blockquote><p>Erich Baum, M\u00fcnster<br \/>\nThilo von C\u00f6lln, Leer<br \/>\nG\u00fcnter D\u00f6rrich, M\u00fcnchen<br \/>\nDieter Doub, M\u00fcnchen<br \/>\nJ\u00fcrgen Griese, Hamburg<br \/>\nPeter Hohnstein, Hamburg<br \/>\nUlrich Lenkitsch<br \/>\nUwe Hollenbach, Kiel<br \/>\nWolfgang Mertz, Leer<br \/>\nBernd Neumann, Stade<br \/>\nKlaus Reichel, Hamburg<br \/>\nDieter Semsek<br \/>\nFolkmar Ukena, Leer<br \/>\nEnno Wilts, Leer<br \/>\nHeide Wilts, D\u00fcsseldorf<br \/>\nErich Wilts, D\u00fcsseldorf<\/p><\/blockquote>\n","protected":false},"excerpt":{"rendered":"<p>Das Skipperteam \u00bbFreydis\u00ab in den Jahren 1985 \u2013 1989 (In alphabetischer Reihenfolge) Bis zum 30. April 1990 waren wir in unseren Berufen gefordert. Um trotzdem gro\u00dfe Reisen mit der Freydis rund um den Nordatlantik und rund um Afrika durchf\u00fchren zu &hellip; <a href=\"https:\/\/www.freydis.de\/wordpress\/skipper\/team\/\">Weiterlesen <span class=\"meta-nav\">&rarr;<\/span><\/a><\/p>\n","protected":false},"author":3,"featured_media":0,"parent":147,"menu_order":0,"comment_status":"closed","ping_status":"open","template":"","meta":{"footnotes":""},"class_list":["post-833","page","type-page","status-publish","hentry"],"jetpack_sharing_enabled":true,"_links":{"self":[{"href":"https:\/\/www.freydis.de\/wordpress\/wp-json\/wp\/v2\/pages\/833","targetHints":{"allow":["GET"]}}],"collection":[{"href":"https:\/\/www.freydis.de\/wordpress\/wp-json\/wp\/v2\/pages"}],"about":[{"href":"https:\/\/www.freydis.de\/wordpress\/wp-json\/wp\/v2\/types\/page"}],"author":[{"embeddable":true,"href":"https:\/\/www.freydis.de\/wordpress\/wp-json\/wp\/v2\/users\/3"}],"replies":[{"embeddable":true,"href":"https:\/\/www.freydis.de\/wordpress\/wp-json\/wp\/v2\/comments?post=833"}],"version-history":[{"count":4,"href":"https:\/\/www.freydis.de\/wordpress\/wp-json\/wp\/v2\/pages\/833\/revisions"}],"predecessor-version":[{"id":3536,"href":"https:\/\/www.freydis.de\/wordpress\/wp-json\/wp\/v2\/pages\/833\/revisions\/3536"}],"up":[{"embeddable":true,"href":"https:\/\/www.freydis.de\/wordpress\/wp-json\/wp\/v2\/pages\/147"}],"wp:attachment":[{"href":"https:\/\/www.freydis.de\/wordpress\/wp-json\/wp\/v2\/media?parent=833"}],"curies":[{"name":"wp","href":"https:\/\/api.w.org\/{rel}","templated":true}]}}