{"id":953,"date":"2011-09-12T20:23:18","date_gmt":"2011-09-12T19:23:18","guid":{"rendered":"https:\/\/www.freydis.de\/wordpress\/?page_id=953"},"modified":"2022-01-17T19:45:45","modified_gmt":"2022-01-17T18:45:45","slug":"toernplaene","status":"publish","type":"page","link":"https:\/\/www.freydis.de\/wordpress\/toernplaene\/","title":{"rendered":"T\u00f6rnpl\u00e4ne"},"content":{"rendered":"<p><a href=\"https:\/\/www.freydis.de\/wordpress\/toernplaene\/toernplan-2022\/\">T\u00f6rnplan 2022<\/a><\/p>\n<p><a href=\"https:\/\/www.freydis.de\/wordpress\/wp-content\/uploads\/2022\/01\/Toernplan-2022-Nordatlantik-Teil-III-web.png\"><img loading=\"lazy\" decoding=\"async\" class=\"alignnone wp-image-7320 size-full\" src=\"https:\/\/www.freydis.de\/wordpress\/wp-content\/uploads\/2022\/01\/Toernplan-2022-Nordatlantik-Teil-III-web.png\" alt=\"\" width=\"900\" height=\"148\" srcset=\"https:\/\/www.freydis.de\/wordpress\/wp-content\/uploads\/2022\/01\/Toernplan-2022-Nordatlantik-Teil-III-web.png 900w, https:\/\/www.freydis.de\/wordpress\/wp-content\/uploads\/2022\/01\/Toernplan-2022-Nordatlantik-Teil-III-web-300x49.png 300w, https:\/\/www.freydis.de\/wordpress\/wp-content\/uploads\/2022\/01\/Toernplan-2022-Nordatlantik-Teil-III-web-768x126.png 768w\" sizes=\"auto, (max-width: 900px) 100vw, 900px\" \/><\/a><a href=\"https:\/\/www.freydis.de\/wordpress\/toernplaene\/toernplan-2021\/\"><br \/>\n<\/a><\/p>\n<p><a href=\"https:\/\/www.freydis.de\/wordpress\/toernplaene\/toernplan-2021\/\">T\u00f6rnplan 2021<\/a><\/p>\n<p><a href=\"https:\/\/www.freydis.de\/wordpress\/toernplaene\/toernplan-2021\/\"><img loading=\"lazy\" decoding=\"async\" class=\"aligncenter wp-image-5222 size-full\" src=\"https:\/\/www.freydis.de\/wordpress\/wp-content\/uploads\/2021\/01\/Toernplan-2021-Nordatlantik-Teil-II-web.png\" alt=\"Toernplan 2021\" width=\"900\" height=\"148\" \/><\/a><\/p>\n<p><a href=\"https:\/\/www.freydis.de\/wordpress\/toernplaene\/toernplan-2020\/\">T\u00f6rnplan 2020<\/a><\/p>\n<p><a href=\"https:\/\/www.freydis.de\/wordpress\/toernplaene\/toernplan-2020\/\"><img loading=\"lazy\" decoding=\"async\" class=\"aligncenter wp-image-5222 size-full\" src=\"https:\/\/www.freydis.de\/wordpress\/wp-content\/uploads\/2019\/12\/Toernplan-2020-Glueckselig-web.png\" alt=\"Toernplan 2020\" width=\"900\" height=\"148\" \/><\/a><\/p>\n<p><a href=\"https:\/\/www.freydis.de\/wordpress\/toernplaene\/toernplan-2019\/\">T\u00f6rnplan 2019<\/a><\/p>\n<p><a href=\"https:\/\/www.freydis.de\/wordpress\/toernplaene\/toernplan-2019\/\"><img loading=\"lazy\" decoding=\"async\" class=\"aligncenter wp-image-5222 size-full\" src=\"https:\/\/www.freydis.de\/wordpress\/wp-content\/uploads\/2018\/11\/Toernplan-2019-Transatlantik-web.png\" alt=\"Toernplan 2019\" width=\"900\" height=\"148\" srcset=\"https:\/\/www.freydis.de\/wordpress\/wp-content\/uploads\/2018\/11\/Toernplan-2019-Transatlantik-web.png 900w, https:\/\/www.freydis.de\/wordpress\/wp-content\/uploads\/2018\/11\/Toernplan-2019-Transatlantik-web-300x49.png 300w, https:\/\/www.freydis.de\/wordpress\/wp-content\/uploads\/2018\/11\/Toernplan-2019-Transatlantik-web-768x126.png 768w\" sizes=\"auto, (max-width: 900px) 100vw, 900px\" \/><\/a><\/p>\n<p><a href=\"https:\/\/www.freydis.de\/wordpress\/toernplaene\/toernplan-2018\/\">T\u00f6rnplan 2018<\/a><\/p>\n<p><a href=\"https:\/\/www.freydis.de\/wordpress\/toernplaene\/toernplan-2018\/\"><img loading=\"lazy\" decoding=\"async\" class=\"aligncenter size-full wp-image-4623\" src=\"https:\/\/www.freydis.de\/wordpress\/wp-content\/uploads\/2017\/10\/Toernplan-2018-Groenland-web.png\" alt=\"Toernplan 2018 Gr\u00f6nland\" width=\"900\" height=\"148\" srcset=\"https:\/\/www.freydis.de\/wordpress\/wp-content\/uploads\/2017\/10\/Toernplan-2018-Groenland-web.png 900w, https:\/\/www.freydis.de\/wordpress\/wp-content\/uploads\/2017\/10\/Toernplan-2018-Groenland-web-300x49.png 300w, https:\/\/www.freydis.de\/wordpress\/wp-content\/uploads\/2017\/10\/Toernplan-2018-Groenland-web-768x126.png 768w\" sizes=\"auto, (max-width: 900px) 100vw, 900px\" \/><\/a><\/p>\n<p><a href=\"https:\/\/www.freydis.de\/wordpress\/toernplaene\/toernplan-2017\/\">T\u00f6rnplan 2017<\/a><\/p>\n<p><a href=\"https:\/\/www.freydis.de\/wordpress\/toernplaene\/toernplan-2017\/\"><img loading=\"lazy\" decoding=\"async\" class=\"aligncenter size-large wp-image-3200\" src=\"https:\/\/www.freydis.de\/wordpress\/wp-content\/uploads\/2016\/08\/Toernplan-2017-NW-Passage-1024x164.jpg\" alt=\"T\u00f6rnplan 2017 NW-Passage\" width=\"640\" height=\"103\" \/><\/a><\/p>\n<p><a href=\"https:\/\/www.freydis.de\/wordpress\/toernplaene\/toernplan-2016\/\">T\u00f6rnplan 2016<\/a><\/p>\n<p><a href=\"https:\/\/www.freydis.de\/wordpress\/toernplaene\/toernplan-2015\/\">T\u00f6rnplan 2015<\/a><\/p>\n<p><a href=\"https:\/\/www.freydis.de\/wordpress\/toernplaene\/toernplan-2014\/\">T\u00f6rnplan 2014<\/a><\/p>\n<h3><a href=\"https:\/\/www.freydis.de\/wordpress\/toernplaene\/toernplan-2012-und-2013\/\">T\u00f6rnplan 2012 und 2013<\/a><\/h3>\n<p><a href=\"https:\/\/www.freydis.de\/wordpress\/toernplaene\/toernplan-2012-und-2013\/\" rel=\"lightbox\"><img decoding=\"async\" src=\"https:\/\/www.freydis.de\/bilder\/2011\/09\/Freydis-kopf2012 2013.jpg\" alt=\"\" width=\"640\" border=\"0\" \/><\/a><\/p>\n<p>Montag, 12.09.2011<\/p>\n<blockquote><p>Mit Stand 20.01.2011 hatten wir die T\u00f6rnpl\u00e4ne f\u00fcr 2011 und 2012 ins Netz gestellt. Was in Japan am 11. M\u00e4rz 2011 passierte, hat alle Pl\u00e4ne f\u00fcr diese beiden Jahre zunichte gemacht: Die Freydis II havarierte, das Boot war trotz aller Hilfe und Anstrengungen unserer japanischen Freunde und unsererseits nicht mehr zu retten.<\/p>\n<p>Mittlerweile ist die Freydis III im Bau und soll 2012 in See stechen. Die T\u00f6rnpl\u00e4ne f\u00fcr 2012 und 2013 haben wir erarbeitet und stellen sie ins Netz.<\/p><\/blockquote>\n","protected":false},"excerpt":{"rendered":"<p>T\u00f6rnplan 2022 T\u00f6rnplan 2021 T\u00f6rnplan 2020 T\u00f6rnplan 2019 T\u00f6rnplan 2018 T\u00f6rnplan 2017 T\u00f6rnplan 2016 T\u00f6rnplan 2015 T\u00f6rnplan 2014 T\u00f6rnplan 2012 und 2013 Montag, 12.09.2011 Mit Stand 20.01.2011 hatten wir die T\u00f6rnpl\u00e4ne f\u00fcr 2011 und 2012 ins Netz gestellt. Was in &hellip; <a href=\"https:\/\/www.freydis.de\/wordpress\/toernplaene\/\">Weiterlesen <span class=\"meta-nav\">&rarr;<\/span><\/a><\/p>\n","protected":false},"author":3,"featured_media":0,"parent":0,"menu_order":70,"comment_status":"closed","ping_status":"open","template":"","meta":{"footnotes":""},"class_list":["post-953","page","type-page","status-publish","hentry"],"jetpack_sharing_enabled":true,"_links":{"self":[{"href":"https:\/\/www.freydis.de\/wordpress\/wp-json\/wp\/v2\/pages\/953","targetHints":{"allow":["GET"]}}],"collection":[{"href":"https:\/\/www.freydis.de\/wordpress\/wp-json\/wp\/v2\/pages"}],"about":[{"href":"https:\/\/www.freydis.de\/wordpress\/wp-json\/wp\/v2\/types\/page"}],"author":[{"embeddable":true,"href":"https:\/\/www.freydis.de\/wordpress\/wp-json\/wp\/v2\/users\/3"}],"replies":[{"embeddable":true,"href":"https:\/\/www.freydis.de\/wordpress\/wp-json\/wp\/v2\/comments?post=953"}],"version-history":[{"count":25,"href":"https:\/\/www.freydis.de\/wordpress\/wp-json\/wp\/v2\/pages\/953\/revisions"}],"predecessor-version":[{"id":7347,"href":"https:\/\/www.freydis.de\/wordpress\/wp-json\/wp\/v2\/pages\/953\/revisions\/7347"}],"wp:attachment":[{"href":"https:\/\/www.freydis.de\/wordpress\/wp-json\/wp\/v2\/media?parent=953"}],"curies":[{"name":"wp","href":"https:\/\/api.w.org\/{rel}","templated":true}]}}