{"id":969,"date":"2011-09-15T19:52:45","date_gmt":"2011-09-15T18:52:45","guid":{"rendered":"https:\/\/www.freydis.de\/wordpress\/?page_id=969"},"modified":"2017-03-30T18:18:04","modified_gmt":"2017-03-30T17:18:04","slug":"freydis-iii","status":"publish","type":"page","link":"https:\/\/www.freydis.de\/wordpress\/die-freydis\/freydis-iii\/","title":{"rendered":"Freydis III: Die Konzeption"},"content":{"rendered":"<h3>Der kurze Weg zur neuen Yacht<\/h3>\n<p><a href=\"https:\/\/www.freydis.de\/bilder\/2011\/09\/YACHT 2011-18 Heide und Erich.jpg\" rel=\"lightbox\"><img decoding=\"async\" src=\"https:\/\/www.freydis.de\/bilder\/2011\/09\/YACHT 2011-18 Heide und Erich.jpg\" alt=\"\" width=\"640\" border=\"0\" \/><\/a><\/p>\n<h3><strong>Die neue F<small style=\"text-transform: uppercase;\">reydis<\/small><\/strong><\/h3>\n<p><i>Heide Wilts<\/i><\/p>\n<p><big>P<\/big>l\u00f6tzlich ist kein Boot mehr da; Tr\u00e4ume zerplatzen wie Seifenblasen.<\/p>\n<p><big>I<\/big>n diesem Jahr hatte wir vor, von unserem Winterliegeplatz auf Honshu \u00fcber Hokkaido nach Kamtschatka\/Sibirien zu segeln, dann \u00fcber die Kommandeur-Inseln und die Aleuten wieder zur Alaska-Halbinsel und zum Golf von Alaska, wo wir die n\u00e4chsten Jahre verbringen wollten. Alle Vorbereitungen waren l\u00e4ngst abgeschlossen, unsere Mitsegler hatten ihre Fl\u00fcge gebucht. Aber der Tsunami in Japan und die anschlie\u00dfende Reaktorkatastrophe zerst\u00f6rten die F<small style=\"text-transform: uppercase;\">reydis<\/small> und machten all unsere Pl\u00e4ne zunichte.<\/p>\n<p><big>E<\/big>in Scherbenhaufen liegt vor uns. Was sollen wir tun? Nur noch in der Erinnerung leben, vielleicht noch ein paar J\u00e4hrchen in Nord- und Ostsee segeln&#8230;?<\/p>\n<p><big>I<\/big>n unserem Bekanntenkreis gibt es viele Segler zwischen 65 und 70, die ihre Segelkar- riere in Anbetracht ihres Alters beenden. Einige verkaufen auch ihre Boote, um nur noch gelegentlich irgendwo mit zu segeln oder ein Boot zu chartern. Andere steigen auf ein kleineres Boot um oder sie befahren im Motorboot die Binnengew\u00e4sser Europas.<\/p>\n<p><big>W<\/big>ir haben immer noch Sehnsucht nach der Ferne.<\/p>\n<h3><strong>Die Konzeption der neuen F<small style=\"text-transform: uppercase;\">reydis<\/small><\/strong><\/h3>\n<p><a href=\"https:\/\/www.freydis.de\/bilder\/2011\/09\/Bericht Heide.pdf\">Der gesamte Bericht von Heide Wilts zur Konzeption der neuen F<small style=\"text-transform: uppercase;\">reydis<\/small><\/a>\u00a0(13-seitiges PDF-Dokument 0.09 MB)<\/p>\n<p>Wir hatten uns viel vorgenommen: Durch gl\u00fccklichen Zufall erstanden wir diesen zehn Jahre alten Reinke-Kasko, aus dem in 9 Monaten eine hochseet\u00fcchtige Yacht entstehen sollte:<\/p>\n<div id=\"attachment_2303\" style=\"width: 650px\" class=\"wp-caption aligncenter\"><a href=\"https:\/\/www.freydis.de\/wordpress\/wp-content\/uploads\/2011\/09\/Freydis-III-Kasko.jpg\"><img loading=\"lazy\" decoding=\"async\" aria-describedby=\"caption-attachment-2303\" class=\"size-large wp-image-2303\" src=\"https:\/\/www.freydis.de\/wordpress\/wp-content\/uploads\/2011\/09\/Freydis-III-Kasko-1024x453.jpg\" alt=\"Freydis III Kasko\" width=\"640\" height=\"283\" srcset=\"https:\/\/www.freydis.de\/wordpress\/wp-content\/uploads\/2011\/09\/Freydis-III-Kasko-1024x453.jpg 1024w, https:\/\/www.freydis.de\/wordpress\/wp-content\/uploads\/2011\/09\/Freydis-III-Kasko-300x133.jpg 300w, https:\/\/www.freydis.de\/wordpress\/wp-content\/uploads\/2011\/09\/Freydis-III-Kasko-768x339.jpg 768w, https:\/\/www.freydis.de\/wordpress\/wp-content\/uploads\/2011\/09\/Freydis-III-Kasko.jpg 1810w\" sizes=\"auto, (max-width: 640px) 100vw, 640px\" \/><\/a><p id=\"caption-attachment-2303\" class=\"wp-caption-text\">F<small style=\"text-transform: uppercase;\">reydis<\/small> III Kasko<\/p><\/div>\n<div id=\"attachment_2304\" style=\"width: 650px\" class=\"wp-caption aligncenter\"><a href=\"https:\/\/www.freydis.de\/wordpress\/wp-content\/uploads\/2011\/09\/Freydis-III-Taufe-e1448965099415.jpg\"><img loading=\"lazy\" decoding=\"async\" aria-describedby=\"caption-attachment-2304\" class=\"size-large wp-image-2304\" src=\"https:\/\/www.freydis.de\/wordpress\/wp-content\/uploads\/2011\/09\/Freydis-III-Taufe-1024x685.jpg\" alt=\"Freydis III Taufe\" width=\"640\" height=\"428\" \/><\/a><p id=\"caption-attachment-2304\" class=\"wp-caption-text\">F<small style=\"text-transform: uppercase;\">reydis<\/small> III Taufe<\/p><\/div>\n<h3><strong>Weitere Informationen zur neuen F<small style=\"text-transform: uppercase;\">reydis<\/small>:<\/strong><\/h3>\n<ul>\n<li><a href=\"https:\/\/www.freydis.de\/wordpress\/?page_id=1007\">Technische Daten der F<small style=\"text-transform: uppercase;\">reydis<\/small> III<\/a><\/li>\n<li><a href=\"https:\/\/www.freydis.de\/wordpress\/?page_id=2205\">Die Pl\u00e4ne der F<small style=\"text-transform: uppercase;\">reydis<\/small> III<\/a><\/li>\n<li><a href=\"https:\/\/www.freydis.de\/wordpress\/?page_id=2242\">YACHT-Test der F<small style=\"text-transform: uppercase;\">reydis<\/small> III<\/a> (2012)<\/li>\n<li><a href=\"https:\/\/www.freydis.de\/wordpress\/?page_id=2281\">Die gro\u00dfe Bilanz der F<small style=\"text-transform: uppercase;\">reydis<\/small> III<\/a> (2014)<\/li>\n<li>YACHT-Artikel \u00fcber die Konzeption der F<small style=\"text-transform: uppercase;\">reydis<\/small> III &#8222;<a href=\"https:\/\/www.freydis.de\/bilder\/2011\/09\/0020-0027_yacht_18_11.pdf\">Kein Schiff von der Stange<\/a>&#8220; (8-seitiges PDF-Dokument 8.6 MB, YACHT 18\/11)<\/li>\n<li>Blog-Eintrag &#8222;<a href=\"https:\/\/www.freydis.de\/wordpress\/?p=938\">Die neue F<small style=\"text-transform: uppercase;\">reydis<\/small><\/a>&#8220; (August 2011)<\/li>\n<\/ul>\n","protected":false},"excerpt":{"rendered":"<p>Der kurze Weg zur neuen Yacht Die neue Freydis Heide Wilts Pl\u00f6tzlich ist kein Boot mehr da; Tr\u00e4ume zerplatzen wie Seifenblasen. In diesem Jahr hatte wir vor, von unserem Winterliegeplatz auf Honshu \u00fcber Hokkaido nach Kamtschatka\/Sibirien zu segeln, dann \u00fcber &hellip; <a href=\"https:\/\/www.freydis.de\/wordpress\/die-freydis\/freydis-iii\/\">Weiterlesen <span class=\"meta-nav\">&rarr;<\/span><\/a><\/p>\n","protected":false},"author":3,"featured_media":0,"parent":2226,"menu_order":30,"comment_status":"closed","ping_status":"open","template":"","meta":{"footnotes":""},"class_list":["post-969","page","type-page","status-publish","hentry"],"jetpack_sharing_enabled":true,"_links":{"self":[{"href":"https:\/\/www.freydis.de\/wordpress\/wp-json\/wp\/v2\/pages\/969","targetHints":{"allow":["GET"]}}],"collection":[{"href":"https:\/\/www.freydis.de\/wordpress\/wp-json\/wp\/v2\/pages"}],"about":[{"href":"https:\/\/www.freydis.de\/wordpress\/wp-json\/wp\/v2\/types\/page"}],"author":[{"embeddable":true,"href":"https:\/\/www.freydis.de\/wordpress\/wp-json\/wp\/v2\/users\/3"}],"replies":[{"embeddable":true,"href":"https:\/\/www.freydis.de\/wordpress\/wp-json\/wp\/v2\/comments?post=969"}],"version-history":[{"count":29,"href":"https:\/\/www.freydis.de\/wordpress\/wp-json\/wp\/v2\/pages\/969\/revisions"}],"predecessor-version":[{"id":2315,"href":"https:\/\/www.freydis.de\/wordpress\/wp-json\/wp\/v2\/pages\/969\/revisions\/2315"}],"up":[{"embeddable":true,"href":"https:\/\/www.freydis.de\/wordpress\/wp-json\/wp\/v2\/pages\/2226"}],"wp:attachment":[{"href":"https:\/\/www.freydis.de\/wordpress\/wp-json\/wp\/v2\/media?parent=969"}],"curies":[{"name":"wp","href":"https:\/\/api.w.org\/{rel}","templated":true}]}}